{"id":85392,"date":"2018-05-28T00:00:00","date_gmt":"2018-05-28T00:00:00","guid":{"rendered":"http:\/\/www.irdin.org.br\/site\/produto\/a-crise-com-a-energia-monetaria\/"},"modified":"2022-01-28T23:47:47","modified_gmt":"2022-01-28T23:47:47","slug":"a-crise-com-a-energia-monetaria","status":"publish","type":"product","link":"https:\/\/www.irdin.org.br\/site\/produtos\/a-crise-com-a-energia-monetaria\/","title":{"rendered":"A Crise com a Energia Monet\u00e1ria"},"content":{"rendered":"<p>Dinhe\u00adiro \u00e9 energia. Somen\u00adte com a transforma\u00e7\u00ad\u00e3o da esp\u00e9c\u00adie humana e com o de\u00adsenvolvimento da con\u00adsci\u00eancia essa energia poder\u00e1 fl\u00aduir e circular com liberdade. O homem desvirtuou a verdadeira fu\u00adn\u00e7\u00e3o do ouro e fez dele s\u00edmbolo de posse e poder, mas na verdade esse metal n\u00e3o deveria ter nenhuma fun\u00e7\u00e3o pecuni\u00e1ria. Daqui por diante a circula\u00e7\u00e3o dos bens materiais vai depender da no\u00adssa ades\u00e3o ao movime\u00adnto de utiliza\u00e7\u00e3o do planeta e da humanidade. Esses bens j\u00e1 n\u00e3o ser\u00e3o inst\u00adrumentos do ego\u00edsmo, mas sim da boa vont\u00adade e do servi\u00e7o.<\/p>\n<p>&nbsp;<br \/>\n<strong>Faixas:<\/strong><\/p>\n<p><span data-href=\"https:\/\/www.irdin.org.br\/site\/envios\/audios\/0016_0001__por_por__a_circulacao_dos_bens_materiais.mp3\" data-title=\"01 - A circula\u00e7\u00e3o dos bens materiais\" data-rel=\"\" data-target=\"\" data-meta=\"#fap-meta-69e1d4906e9bb\" class=\"fap-single-track fap-track-button fap-play-button\" data-enqueue=\"no\" data-autoenqueue=\"no\" title=\"01 - A circula\u00e7\u00e3o dos bens materiais\"><span class=\"fap-icon-play\"><\/span>Ouvir<\/span> <a href=\"https:\/\/www.irdin.org.br\/site\/envios\/audios\/0016_0001__por_por__a_circulacao_dos_bens_materiais.mp3\" class=\"baixar\" download><span class=\"fa fa-arrow-down\"><\/span>Baixar<\/span><\/a> <span class=\"textobaixar\"> 01 &#8211; A circula\u00e7\u00e3o dos bens materiais<\/span><br \/>\n<span data-href=\"https:\/\/www.irdin.org.br\/site\/envios\/audios\/0016_0002__por_por__dinheiro_e_consciencia.mp3\" data-title=\"02 - Dinheiro e consci\u00eancia\" data-rel=\"\" data-target=\"\" data-meta=\"#fap-meta-69e1d4906ea6b\" class=\"fap-single-track fap-track-button fap-play-button\" data-enqueue=\"no\" data-autoenqueue=\"no\" title=\"02 - Dinheiro e consci\u00eancia\"><span class=\"fap-icon-play\"><\/span>Ouvir<\/span> <a href=\"https:\/\/www.irdin.org.br\/site\/envios\/audios\/0016_0002__por_por__dinheiro_e_consciencia.mp3\" class=\"baixar\" download><span class=\"fa fa-arrow-down\"><\/span>Baixar<\/span><\/a> <span class=\"textobaixar\"> 02 &#8211; Dinheiro e consci\u00eancia<\/span><br \/>\n<span data-href=\"https:\/\/www.irdin.org.br\/site\/envios\/audios\/0016_0003__por_por__o_segredo_do_ouro.mp3\" data-title=\"03 - O segredo do ouro\" data-rel=\"\" data-target=\"\" data-meta=\"#fap-meta-69e1d4906eadd\" class=\"fap-single-track fap-track-button fap-play-button\" data-enqueue=\"no\" data-autoenqueue=\"no\" title=\"03 - O segredo do ouro\"><span class=\"fap-icon-play\"><\/span>Ouvir<\/span> <a href=\"https:\/\/www.irdin.org.br\/site\/envios\/audios\/0016_0003__por_por__o_segredo_do_ouro.mp3\" class=\"baixar\" download><span class=\"fa fa-arrow-down\"><\/span>Baixar<\/span><\/a> <span class=\"textobaixar\"> 03 &#8211; O Segredo do ouro<\/span><\/p>\n","protected":false},"excerpt":{"rendered":"<p>Dinhe\u00adiro \u00e9 energia. Somen\u00adte com a transforma\u00e7\u00ad\u00e3o da esp\u00e9c\u00adie humana e com o de\u00adsenvolvimento da con\u00adsci\u00eancia essa energia poder\u00e1 fl\u00aduir<\/p>\n","protected":false},"featured_media":85439,"template":"","meta":{"_acf_changed":false},"product_brand":[],"product_cat":[18076,33068],"product_tag":[43171],"class_list":{"0":"post-85392","1":"product","2":"type-product","3":"status-publish","4":"has-post-thumbnail","6":"product_cat-cddvd","7":"product_cat-palestras","8":"product_tag-43171","9":"pa_autor-trigueirinho","10":"pa_codigo-da-serie-24024","11":"pa_codigo-de-barras-32883","12":"pa_codigo-externo-co-28260057","13":"pa_codigo-interno-43170","14":"pa_data-de-gravacao-38954","15":"pa_data-de-lancamento-32880","16":"pa_duracao-1h49min","17":"pa_idioma-de-destino-portugues","18":"pa_idioma-de-origem-portugues","19":"pa_lancamento-yes","20":"pa_midia-cd","21":"pa_moac-43169","22":"pa_quantidade-de-saldo-33067","23":"pa_sequencial-da-serie-31932","24":"pa_tipo-de-traducao-nao-traduzido","26":"first","27":"outofstock","28":"product-type-simple"},"acf":[],"_links":{"self":[{"href":"https:\/\/www.irdin.org.br\/site\/wp-json\/wp\/v2\/product\/85392","targetHints":{"allow":["GET"]}}],"collection":[{"href":"https:\/\/www.irdin.org.br\/site\/wp-json\/wp\/v2\/product"}],"about":[{"href":"https:\/\/www.irdin.org.br\/site\/wp-json\/wp\/v2\/types\/product"}],"version-history":[{"count":1,"href":"https:\/\/www.irdin.org.br\/site\/wp-json\/wp\/v2\/product\/85392\/revisions"}],"predecessor-version":[{"id":87728,"href":"https:\/\/www.irdin.org.br\/site\/wp-json\/wp\/v2\/product\/85392\/revisions\/87728"}],"wp:featuredmedia":[{"embeddable":true,"href":"https:\/\/www.irdin.org.br\/site\/wp-json\/wp\/v2\/media\/85439"}],"wp:attachment":[{"href":"https:\/\/www.irdin.org.br\/site\/wp-json\/wp\/v2\/media?parent=85392"}],"wp:term":[{"taxonomy":"product_brand","embeddable":true,"href":"https:\/\/www.irdin.org.br\/site\/wp-json\/wp\/v2\/product_brand?post=85392"},{"taxonomy":"product_cat","embeddable":true,"href":"https:\/\/www.irdin.org.br\/site\/wp-json\/wp\/v2\/product_cat?post=85392"},{"taxonomy":"product_tag","embeddable":true,"href":"https:\/\/www.irdin.org.br\/site\/wp-json\/wp\/v2\/product_tag?post=85392"}],"curies":[{"name":"wp","href":"https:\/\/api.w.org\/{rel}","templated":true}]}}