{"id":85448,"date":"2018-07-05T17:14:27","date_gmt":"2018-07-05T17:14:27","guid":{"rendered":"http:\/\/www.irdin.org.br\/site\/produto\/nos-e-o-misterio-da-agua\/"},"modified":"2024-09-09T03:22:20","modified_gmt":"2024-09-09T03:22:20","slug":"nos-e-o-misterio-da-agua","status":"publish","type":"product","link":"https:\/\/www.irdin.org.br\/site\/produtos\/nos-e-o-misterio-da-agua\/","title":{"rendered":"N\u00f3s e o mist\u00e9rio da \u00e1gua"},"content":{"rendered":"<p>A \u00e1gua faz parte do Reino Mineral, entre os mais sacrificados Reinos da Natureza \/ Ao que precisar\u00edamos renunciar para lidar bem com a \u00e1gua \/ Tr\u00eas tipos de banhos que agem em esferas mais sutis \/ Pureza, transpar\u00eancia e abund\u00e2ncia como caracter\u00edsticas da alma da \u00e1gua.<\/p>\n<p>&nbsp;<br \/>\n<strong>Ou\u00e7a agora:<\/strong><\/p>\n<p><span data-href=\"https:\/\/www.irdin.org.br\/site\/envios\/audios\/0041_0049__por_por_nos_e_o_misterio_da_agua.mp3\" data-title=\"N\u00f3s e o mist\u00e9rio da \u00e1gua\" data-rel=\"\" data-target=\"\" data-meta=\"#fap-meta-69e62f6899daf\" class=\"fap-single-track fap-track-button fap-play-button\" data-enqueue=\"no\" data-autoenqueue=\"no\" title=\"N\u00f3s e o mist\u00e9rio da \u00e1gua\"><span class=\"fap-icon-play\"><\/span>Ouvir<\/span> <a href=\"https:\/\/www.irdin.org.br\/site\/envios\/audios\/0041_0049__por_por_nos_e_o_misterio_da_agua.mp3\" class=\"baixar\"><span class=\"fa fa-arrow-down\"><\/span>Baixar<\/span><\/a> <span class=\"textobaixar\"> N\u00f3s e o mist\u00e9rio da \u00e1gua<\/span><\/p>\n","protected":false},"excerpt":{"rendered":"<p>A \u00e1gua faz parte do Reino Mineral, entre os mais sacrificados Reinos da Natureza \/ Ao que precisar\u00edamos renunciar para<\/p>\n","protected":false},"featured_media":85721,"template":"","meta":{"_acf_changed":false},"product_brand":[],"product_cat":[18076,33068],"product_tag":[43163],"class_list":{"0":"post-85448","1":"product","2":"type-product","3":"status-publish","4":"has-post-thumbnail","6":"product_cat-cddvd","7":"product_cat-palestras","8":"product_tag-43163","9":"pa_autor-trigueirinho","10":"pa_codigo-da-serie-32815","11":"pa_codigo-de-barras-43173","12":"pa_codigo-externo-00410049porporcd","13":"pa_codigo-interno-43175","14":"pa_duracao-52-min","15":"pa_idioma-de-destino-portugues","16":"pa_idioma-de-origem-portugues","17":"pa_lancamento-yes","18":"pa_midia-cd","19":"pa_moac-43172","20":"pa_quantidade-de-saldo-33067","21":"pa_sequencial-da-serie-31925","22":"pa_tipo-de-traducao-nao-traduzido","24":"first","25":"outofstock","26":"product-type-simple"},"acf":[],"_links":{"self":[{"href":"https:\/\/www.irdin.org.br\/site\/wp-json\/wp\/v2\/product\/85448","targetHints":{"allow":["GET"]}}],"collection":[{"href":"https:\/\/www.irdin.org.br\/site\/wp-json\/wp\/v2\/product"}],"about":[{"href":"https:\/\/www.irdin.org.br\/site\/wp-json\/wp\/v2\/types\/product"}],"version-history":[{"count":1,"href":"https:\/\/www.irdin.org.br\/site\/wp-json\/wp\/v2\/product\/85448\/revisions"}],"predecessor-version":[{"id":107104,"href":"https:\/\/www.irdin.org.br\/site\/wp-json\/wp\/v2\/product\/85448\/revisions\/107104"}],"wp:featuredmedia":[{"embeddable":true,"href":"https:\/\/www.irdin.org.br\/site\/wp-json\/wp\/v2\/media\/85721"}],"wp:attachment":[{"href":"https:\/\/www.irdin.org.br\/site\/wp-json\/wp\/v2\/media?parent=85448"}],"wp:term":[{"taxonomy":"product_brand","embeddable":true,"href":"https:\/\/www.irdin.org.br\/site\/wp-json\/wp\/v2\/product_brand?post=85448"},{"taxonomy":"product_cat","embeddable":true,"href":"https:\/\/www.irdin.org.br\/site\/wp-json\/wp\/v2\/product_cat?post=85448"},{"taxonomy":"product_tag","embeddable":true,"href":"https:\/\/www.irdin.org.br\/site\/wp-json\/wp\/v2\/product_tag?post=85448"}],"curies":[{"name":"wp","href":"https:\/\/api.w.org\/{rel}","templated":true}]}}