{"id":85453,"date":"2006-02-02T19:22:30","date_gmt":"2006-02-02T19:22:30","guid":{"rendered":"http:\/\/www.irdin.org.br\/site\/produto\/trabalho-espiritual-com-a-mente-2\/"},"modified":"2026-03-14T16:06:23","modified_gmt":"2026-03-14T19:06:23","slug":"9788554410070","status":"publish","type":"product","link":"https:\/\/www.irdin.org.br\/site\/produtos\/9788554410070\/","title":{"rendered":"Trabalho Espiritual com a Mente"},"content":{"rendered":"<p>A instru\u00e7\u00e3o interna emerge dos n\u00edveis profundos do ser \u00e0 medida que a mente silencia.<br \/>\nQuem estiver aberto a ela poder\u00e1 cruzar a ponte entre o lado material e o espiritual da mente e entre a mente e o cora\u00e7\u00e3o. Isso se faz com simplicidade e consci\u00eancia iluminada pela pureza do servi\u00e7o ao Bem.<\/p>\n<p><a class=\"pdf\" href=\"\/pdf\/Trabalho_espiritual_com_a_mente_WEB.pdf\" target=\"_blank\" rel=\"noopener\">Baixar Gratuitamente<\/a><\/p>\n<p>&nbsp;<\/p>\n","protected":false},"excerpt":{"rendered":"<p>A instru\u00e7\u00e3o interna emerge dos n\u00edveis profundos do ser \u00e0 medida que a mente silencia. Quem estiver aberto a ela<\/p>\n","protected":false},"featured_media":86214,"template":"","meta":{"_acf_changed":false},"product_brand":[],"product_cat":[33286,17972],"product_tag":[],"class_list":{"0":"post-85453","1":"product","2":"type-product","3":"status-publish","4":"has-post-thumbnail","6":"product_cat-livro","7":"product_cat-livros-livro","8":"pa_autor-trigueirinho","9":"pa_classe-do-produto-fisico","10":"pa_codigo-de-barras-44212","11":"pa_codigo-externo-tr075pep","12":"pa_data-de-lancamento-23560","13":"pa_idioma-de-destino-portugues","14":"pa_idioma-de-origem-portugues","15":"pa_lancamento-no","16":"pa_midia-papel","17":"pa_moac-43177","18":"pa_tipo-de-traducao-nao-classificado","20":"first","21":"instock","22":"featured","23":"sold-individually","24":"purchasable","25":"product-type-simple"},"acf":[],"_links":{"self":[{"href":"https:\/\/www.irdin.org.br\/site\/wp-json\/wp\/v2\/product\/85453","targetHints":{"allow":["GET"]}}],"collection":[{"href":"https:\/\/www.irdin.org.br\/site\/wp-json\/wp\/v2\/product"}],"about":[{"href":"https:\/\/www.irdin.org.br\/site\/wp-json\/wp\/v2\/types\/product"}],"version-history":[{"count":2,"href":"https:\/\/www.irdin.org.br\/site\/wp-json\/wp\/v2\/product\/85453\/revisions"}],"predecessor-version":[{"id":107850,"href":"https:\/\/www.irdin.org.br\/site\/wp-json\/wp\/v2\/product\/85453\/revisions\/107850"}],"wp:featuredmedia":[{"embeddable":true,"href":"https:\/\/www.irdin.org.br\/site\/wp-json\/wp\/v2\/media\/86214"}],"wp:attachment":[{"href":"https:\/\/www.irdin.org.br\/site\/wp-json\/wp\/v2\/media?parent=85453"}],"wp:term":[{"taxonomy":"product_brand","embeddable":true,"href":"https:\/\/www.irdin.org.br\/site\/wp-json\/wp\/v2\/product_brand?post=85453"},{"taxonomy":"product_cat","embeddable":true,"href":"https:\/\/www.irdin.org.br\/site\/wp-json\/wp\/v2\/product_cat?post=85453"},{"taxonomy":"product_tag","embeddable":true,"href":"https:\/\/www.irdin.org.br\/site\/wp-json\/wp\/v2\/product_tag?post=85453"}],"curies":[{"name":"wp","href":"https:\/\/api.w.org\/{rel}","templated":true}]}}