{"id":85488,"date":"2009-03-11T00:00:00","date_gmt":"2009-03-11T00:00:00","guid":{"rendered":"http:\/\/www.irdin.org.br\/site\/produto\/conversas-com-trigueirinho-no-651\/"},"modified":"2025-03-16T02:07:58","modified_gmt":"2025-03-16T02:07:58","slug":"conversas-com-trigueirinho-no-651","status":"publish","type":"product","link":"https:\/\/www.irdin.org.br\/site\/produtos\/conversas-com-trigueirinho-no-651\/","title":{"rendered":"Conversas com Trigueirinho n\u00ba 651"},"content":{"rendered":"<p>Bem-aventuran\u00e7a no Devakhan \/ Ora\u00e7\u00e3o e vig\u00edlia \/ Servi\u00e7o em momento de holocausto planet\u00e1rio \/ Serenidade mon\u00e1stica \/ Apostolado por meio da Irdin Editora \/ Equil\u00edbrio da situa\u00e7\u00e3o do dinheiro na Terra \/ Rela\u00e7\u00e3o entre a energia monet\u00e1ria e a sexual \/ Desvio da fun\u00e7\u00e3o original do dinheiro e seu uso correto \/ Explora\u00e7\u00e3o indevida de recursos ambientais \/ Lei da Manifesta\u00e7\u00e3o<\/p>\n<p>&nbsp;<br \/>\n<strong>Ou\u00e7a agora:<\/strong><\/p>\n<p><span data-href=\"https:\/\/www.irdin.org.br\/site\/envios\/audios\/0023_0651__por_por__conversas_com_trigueirinho_n651.mp3\" data-title=\"Conversas com Trigueirinho n\u00ba 651\" data-rel=\"\" data-target=\"\" data-meta=\"#fap-meta-69e3810a6cc25\" class=\"fap-single-track fap-track-button fap-play-button\" data-enqueue=\"no\" data-autoenqueue=\"no\" title=\"Conversas com Trigueirinho n\u00ba 651\"><span class=\"fap-icon-play\"><\/span>Ouvir<\/span> <a href='https:\/\/www.irdin.org.br\/site\/envios\/audios\/0023_0651__por_por__conversas_com_trigueirinho_n651.mp3' class='baixar'><span class='fa fa-arrow-down'><\/span>Baixar<\/span><\/a> <span class='textobaixar'> Conversas com Trigueirinho n\u00ba 651<\/span><\/p>\n","protected":false},"excerpt":{"rendered":"<p>Bem-aventuran\u00e7a no Devakhan \/ Ora\u00e7\u00e3o e vig\u00edlia \/ Servi\u00e7o em momento de holocausto planet\u00e1rio \/ Serenidade mon\u00e1stica \/ Apostolado por<\/p>\n","protected":false},"featured_media":37479,"template":"","meta":{"_acf_changed":false},"product_brand":[],"product_cat":[18076,43099],"product_tag":[43181],"class_list":{"0":"post-85488","1":"product","2":"type-product","3":"status-publish","4":"has-post-thumbnail","6":"product_cat-cddvd","7":"product_cat-palestras-cddvd","8":"product_tag-43181","9":"pa_autor-trigueirinho","10":"pa_codigo-da-serie-31985","11":"pa_codigo-de-barras-29626","12":"pa_codigo-externo-00230651porcd","13":"pa_data-de-edicao-43179","14":"pa_data-de-gravacao-29622","15":"pa_data-de-lancamento-43180","16":"pa_duracao-25min42s","17":"pa_idioma-de-destino-portugues","18":"pa_idioma-de-origem-portugues","19":"pa_lancamento-no","20":"pa_midia-cd","21":"pa_moac-43178","22":"pa_quantidade-de-saldo-33067","23":"pa_sequencial-da-serie-32484","24":"pa_tipo-de-traducao-nao-traduzido","26":"first","27":"outofstock","28":"product-type-simple"},"acf":[],"_links":{"self":[{"href":"https:\/\/www.irdin.org.br\/site\/wp-json\/wp\/v2\/product\/85488","targetHints":{"allow":["GET"]}}],"collection":[{"href":"https:\/\/www.irdin.org.br\/site\/wp-json\/wp\/v2\/product"}],"about":[{"href":"https:\/\/www.irdin.org.br\/site\/wp-json\/wp\/v2\/types\/product"}],"version-history":[{"count":1,"href":"https:\/\/www.irdin.org.br\/site\/wp-json\/wp\/v2\/product\/85488\/revisions"}],"predecessor-version":[{"id":109405,"href":"https:\/\/www.irdin.org.br\/site\/wp-json\/wp\/v2\/product\/85488\/revisions\/109405"}],"wp:featuredmedia":[{"embeddable":true,"href":"https:\/\/www.irdin.org.br\/site\/wp-json\/wp\/v2\/media\/37479"}],"wp:attachment":[{"href":"https:\/\/www.irdin.org.br\/site\/wp-json\/wp\/v2\/media?parent=85488"}],"wp:term":[{"taxonomy":"product_brand","embeddable":true,"href":"https:\/\/www.irdin.org.br\/site\/wp-json\/wp\/v2\/product_brand?post=85488"},{"taxonomy":"product_cat","embeddable":true,"href":"https:\/\/www.irdin.org.br\/site\/wp-json\/wp\/v2\/product_cat?post=85488"},{"taxonomy":"product_tag","embeddable":true,"href":"https:\/\/www.irdin.org.br\/site\/wp-json\/wp\/v2\/product_tag?post=85488"}],"curies":[{"name":"wp","href":"https:\/\/api.w.org\/{rel}","templated":true}]}}