{"id":85489,"date":"2009-03-11T00:00:00","date_gmt":"2009-03-11T00:00:00","guid":{"rendered":"http:\/\/www.irdin.org.br\/site\/produto\/conversas-com-trigueirinho-no-652\/"},"modified":"2025-03-16T02:08:12","modified_gmt":"2025-03-16T02:08:12","slug":"conversas-com-trigueirinho-no-652","status":"publish","type":"product","link":"https:\/\/www.irdin.org.br\/site\/produtos\/conversas-com-trigueirinho-no-652\/","title":{"rendered":"Conversas com Trigueirinho n\u00ba 652"},"content":{"rendered":"<p>Ensinamento universal \/ Que sou eu? \/ Sinais para caminho solit\u00e1rio \/ Sepultamento ou crema\u00e7\u00e3o? \/ Deixar problemas se dissolverem \/ Efeitos de mantras e ora\u00e7\u00f5es \/ Fazer tarefas b\u00e1sicas com amor e ofertar-se ao Alto \/ N\u00e3o retroceder \/ Reden\u00e7\u00e3o \/ Ajustes em corpos materiais \/ Santidade \/ Contato com Serra do Roncador \/ Voos no sono \/ Abertura de nossos arquivos internos \/ Pureza \u00e1urica pela ora\u00e7\u00e3o<\/p>\n<p>&nbsp;<br \/>\n<strong>Ou\u00e7a agora:<\/strong><\/p>\n<p><span data-href=\"https:\/\/www.irdin.org.br\/site\/envios\/audios\/0023_0652__por_por__conversas_com_trigueirinho_n652.mp3\" data-title=\"Conversas com Trigueirinho n\u00ba 652\" data-rel=\"\" data-target=\"\" data-meta=\"#fap-meta-69e42973d03d8\" class=\"fap-single-track fap-track-button fap-play-button\" data-enqueue=\"no\" data-autoenqueue=\"no\" title=\"Conversas com Trigueirinho n\u00ba 652\"><span class=\"fap-icon-play\"><\/span>Ouvir<\/span> <a href='https:\/\/www.irdin.org.br\/site\/envios\/audios\/0023_0652__por_por__conversas_com_trigueirinho_n652.mp3' class='baixar'><span class='fa fa-arrow-down'><\/span>Baixar<\/span><\/a> <span class='textobaixar'> Conversas com Trigueirinho n\u00ba 652<\/span><\/p>\n","protected":false},"excerpt":{"rendered":"<p>Ensinamento universal \/ Que sou eu? \/ Sinais para caminho solit\u00e1rio \/ Sepultamento ou crema\u00e7\u00e3o? \/ Deixar problemas se dissolverem<\/p>\n","protected":false},"featured_media":37479,"template":"","meta":{"_acf_changed":false},"product_brand":[],"product_cat":[18076,43099],"product_tag":[43183],"class_list":{"0":"post-85489","1":"product","2":"type-product","3":"status-publish","4":"has-post-thumbnail","6":"product_cat-cddvd","7":"product_cat-palestras-cddvd","8":"product_tag-43183","9":"pa_autor-trigueirinho","10":"pa_codigo-da-serie-31985","11":"pa_codigo-de-barras-29630","12":"pa_codigo-externo-00230652porcd","13":"pa_data-de-edicao-43179","14":"pa_data-de-gravacao-29627","15":"pa_data-de-lancamento-43180","16":"pa_duracao-34min52s","17":"pa_idioma-de-destino-portugues","18":"pa_idioma-de-origem-portugues","19":"pa_lancamento-no","20":"pa_midia-cd","21":"pa_moac-43182","22":"pa_quantidade-de-saldo-33067","23":"pa_sequencial-da-serie-32485","24":"pa_tipo-de-traducao-nao-traduzido","26":"first","27":"outofstock","28":"product-type-simple"},"acf":[],"_links":{"self":[{"href":"https:\/\/www.irdin.org.br\/site\/wp-json\/wp\/v2\/product\/85489","targetHints":{"allow":["GET"]}}],"collection":[{"href":"https:\/\/www.irdin.org.br\/site\/wp-json\/wp\/v2\/product"}],"about":[{"href":"https:\/\/www.irdin.org.br\/site\/wp-json\/wp\/v2\/types\/product"}],"version-history":[{"count":1,"href":"https:\/\/www.irdin.org.br\/site\/wp-json\/wp\/v2\/product\/85489\/revisions"}],"predecessor-version":[{"id":109406,"href":"https:\/\/www.irdin.org.br\/site\/wp-json\/wp\/v2\/product\/85489\/revisions\/109406"}],"wp:featuredmedia":[{"embeddable":true,"href":"https:\/\/www.irdin.org.br\/site\/wp-json\/wp\/v2\/media\/37479"}],"wp:attachment":[{"href":"https:\/\/www.irdin.org.br\/site\/wp-json\/wp\/v2\/media?parent=85489"}],"wp:term":[{"taxonomy":"product_brand","embeddable":true,"href":"https:\/\/www.irdin.org.br\/site\/wp-json\/wp\/v2\/product_brand?post=85489"},{"taxonomy":"product_cat","embeddable":true,"href":"https:\/\/www.irdin.org.br\/site\/wp-json\/wp\/v2\/product_cat?post=85489"},{"taxonomy":"product_tag","embeddable":true,"href":"https:\/\/www.irdin.org.br\/site\/wp-json\/wp\/v2\/product_tag?post=85489"}],"curies":[{"name":"wp","href":"https:\/\/api.w.org\/{rel}","templated":true}]}}