{"id":85496,"date":"2009-02-12T00:00:00","date_gmt":"2009-02-12T00:00:00","guid":{"rendered":"http:\/\/www.irdin.org.br\/site\/produto\/conversas-com-trigueirinho-no-659\/"},"modified":"2025-03-16T02:08:51","modified_gmt":"2025-03-16T02:08:51","slug":"conversas-com-trigueirinho-no-659","status":"publish","type":"product","link":"https:\/\/www.irdin.org.br\/site\/produtos\/conversas-com-trigueirinho-no-659\/","title":{"rendered":"Conversas com Trigueirinho n\u00ba 659"},"content":{"rendered":"<p>N\u00e3o se abalar com nada \/ Conhecer a pr\u00f3pria tarefa \/ Entregar os filhos \u00e0s energias superiores \/ Grupo Operativo e a Lei da Harmonia Operativa \/ Mainhdra e a Lei da Manifesta\u00e7\u00e3o Imaterial \/ Voca\u00e7\u00e3o mon\u00e1stica, voca\u00e7\u00e3o de todos<\/p>\n<p>&nbsp;<br \/>\n<strong>Ou\u00e7a agora:<\/strong><\/p>\n<p><span data-href=\"https:\/\/www.irdin.org.br\/site\/envios\/audios\/0023_0659__por_por__conversas_com_trigueirinho_n659.mp3\" data-title=\"Conversas com Trigueirinho n\u00ba 659\" data-rel=\"\" data-target=\"\" data-meta=\"#fap-meta-69e61ea9d01b2\" class=\"fap-single-track fap-track-button fap-play-button\" data-enqueue=\"no\" data-autoenqueue=\"no\" title=\"Conversas com Trigueirinho n\u00ba 659\"><span class=\"fap-icon-play\"><\/span>Ouvir<\/span> <a href='https:\/\/www.irdin.org.br\/site\/envios\/audios\/0023_0659__por_por__conversas_com_trigueirinho_n659.mp3' class='baixar'><span class='fa fa-arrow-down'><\/span>Baixar<\/span><\/a> <span class='textobaixar'> Conversas com Trigueirinho n\u00ba 659<\/span><\/p>\n","protected":false},"excerpt":{"rendered":"<p>N\u00e3o se abalar com nada \/ Conhecer a pr\u00f3pria tarefa \/ Entregar os filhos \u00e0s energias superiores \/ Grupo Operativo<\/p>\n","protected":false},"featured_media":37479,"template":"","meta":{"_acf_changed":false},"product_brand":[],"product_cat":[18076,43099],"product_tag":[43199],"class_list":{"0":"post-85496","1":"product","2":"type-product","3":"status-publish","4":"has-post-thumbnail","6":"product_cat-cddvd","7":"product_cat-palestras-cddvd","8":"product_tag-43199","9":"pa_autor-trigueirinho","10":"pa_codigo-da-serie-31985","11":"pa_codigo-de-barras-29663","12":"pa_codigo-externo-00230659porcd","13":"pa_data-de-edicao-24970","14":"pa_data-de-gravacao-29659","15":"pa_data-de-lancamento-24971","16":"pa_duracao-49min34s","17":"pa_idioma-de-destino-portugues","18":"pa_idioma-de-origem-portugues","19":"pa_lancamento-no","20":"pa_midia-cd","21":"pa_moac-43198","22":"pa_quantidade-de-saldo-33067","23":"pa_sequencial-da-serie-32497","24":"pa_tipo-de-traducao-nao-traduzido","26":"first","27":"outofstock","28":"product-type-simple"},"acf":[],"_links":{"self":[{"href":"https:\/\/www.irdin.org.br\/site\/wp-json\/wp\/v2\/product\/85496","targetHints":{"allow":["GET"]}}],"collection":[{"href":"https:\/\/www.irdin.org.br\/site\/wp-json\/wp\/v2\/product"}],"about":[{"href":"https:\/\/www.irdin.org.br\/site\/wp-json\/wp\/v2\/types\/product"}],"version-history":[{"count":1,"href":"https:\/\/www.irdin.org.br\/site\/wp-json\/wp\/v2\/product\/85496\/revisions"}],"predecessor-version":[{"id":109410,"href":"https:\/\/www.irdin.org.br\/site\/wp-json\/wp\/v2\/product\/85496\/revisions\/109410"}],"wp:featuredmedia":[{"embeddable":true,"href":"https:\/\/www.irdin.org.br\/site\/wp-json\/wp\/v2\/media\/37479"}],"wp:attachment":[{"href":"https:\/\/www.irdin.org.br\/site\/wp-json\/wp\/v2\/media?parent=85496"}],"wp:term":[{"taxonomy":"product_brand","embeddable":true,"href":"https:\/\/www.irdin.org.br\/site\/wp-json\/wp\/v2\/product_brand?post=85496"},{"taxonomy":"product_cat","embeddable":true,"href":"https:\/\/www.irdin.org.br\/site\/wp-json\/wp\/v2\/product_cat?post=85496"},{"taxonomy":"product_tag","embeddable":true,"href":"https:\/\/www.irdin.org.br\/site\/wp-json\/wp\/v2\/product_tag?post=85496"}],"curies":[{"name":"wp","href":"https:\/\/api.w.org\/{rel}","templated":true}]}}