{"id":85508,"date":"2010-06-04T00:00:00","date_gmt":"2010-06-04T00:00:00","guid":{"rendered":"http:\/\/www.irdin.org.br\/site\/produto\/conversas-com-trigueirinho-no-675\/"},"modified":"2025-03-16T01:39:17","modified_gmt":"2025-03-16T01:39:17","slug":"conversas-com-trigueirinho-no-675","status":"publish","type":"product","link":"https:\/\/www.irdin.org.br\/site\/produtos\/conversas-com-trigueirinho-no-675\/","title":{"rendered":"Conversas com Trigueirinho n\u00ba 675"},"content":{"rendered":"<p>Sonhos premonit\u00f3rios \/ Nosso papel junto \u00e0 Hierarquia \/ Sonho com \u00f4nibus \/ Carma familiar, fam\u00edlia universal \/ Orar por orar \/ Transforma\u00e7\u00e3o celular pela ora\u00e7\u00e3o \/ Paz pela f\u00e9, entrega e devo\u00e7\u00e3o na ora\u00e7\u00e3o.<\/p>\n<p>&nbsp;<br \/>\n<strong>Ou\u00e7a agora:<\/strong><\/p>\n<p><span data-href=\"https:\/\/www.irdin.org.br\/site\/envios\/audios\/0023_0675__por_por__conversas_com_trigueirinho_n675.mp3\" data-title=\"Conversas com Trigueirinho n\u00ba 675\" data-rel=\"\" data-target=\"\" data-meta=\"#fap-meta-69f14533d9327\" class=\"fap-single-track fap-track-button fap-play-button\" data-enqueue=\"no\" data-autoenqueue=\"no\" title=\"Conversas com Trigueirinho n\u00ba 675\"><span class=\"fap-icon-play\"><\/span>Ouvir<\/span> <a href='https:\/\/www.irdin.org.br\/site\/envios\/audios\/0023_0675__por_por__conversas_com_trigueirinho_n675.mp3' class='baixar' download><span class='fa fa-arrow-down'><\/span>Baixar<\/span><\/a> <span class='textobaixar'> Conversas com Trigueirinho n\u00ba 675<\/span><\/p>\n","protected":false},"excerpt":{"rendered":"<p>Sonhos premonit\u00f3rios \/ Nosso papel junto \u00e0 Hierarquia \/ Sonho com \u00f4nibus \/ Carma familiar, fam\u00edlia universal \/ Orar por<\/p>\n","protected":false},"featured_media":37479,"template":"","meta":{"_acf_changed":false},"product_brand":[],"product_cat":[18076,43099],"product_tag":[43231],"class_list":{"0":"post-85508","1":"product","2":"type-product","3":"status-publish","4":"has-post-thumbnail","6":"product_cat-cddvd","7":"product_cat-palestras-cddvd","8":"product_tag-43231","9":"pa_autor-trigueirinho","10":"pa_codigo-da-serie-31985","11":"pa_codigo-de-barras-29735","12":"pa_codigo-externo-00230675porcd","13":"pa_data-de-edicao-43229","14":"pa_data-de-gravacao-29732","15":"pa_data-de-lancamento-43230","16":"pa_duracao-38min57s","17":"pa_idioma-de-destino-portugues","18":"pa_idioma-de-origem-portugues","19":"pa_lancamento-no","20":"pa_midia-cd","21":"pa_moac-43228","22":"pa_quantidade-de-saldo-33067","23":"pa_sequencial-da-serie-32529","24":"pa_tipo-de-traducao-nao-traduzido","26":"first","27":"outofstock","28":"product-type-simple"},"acf":[],"_links":{"self":[{"href":"https:\/\/www.irdin.org.br\/site\/wp-json\/wp\/v2\/product\/85508","targetHints":{"allow":["GET"]}}],"collection":[{"href":"https:\/\/www.irdin.org.br\/site\/wp-json\/wp\/v2\/product"}],"about":[{"href":"https:\/\/www.irdin.org.br\/site\/wp-json\/wp\/v2\/types\/product"}],"version-history":[{"count":1,"href":"https:\/\/www.irdin.org.br\/site\/wp-json\/wp\/v2\/product\/85508\/revisions"}],"predecessor-version":[{"id":109381,"href":"https:\/\/www.irdin.org.br\/site\/wp-json\/wp\/v2\/product\/85508\/revisions\/109381"}],"wp:featuredmedia":[{"embeddable":true,"href":"https:\/\/www.irdin.org.br\/site\/wp-json\/wp\/v2\/media\/37479"}],"wp:attachment":[{"href":"https:\/\/www.irdin.org.br\/site\/wp-json\/wp\/v2\/media?parent=85508"}],"wp:term":[{"taxonomy":"product_brand","embeddable":true,"href":"https:\/\/www.irdin.org.br\/site\/wp-json\/wp\/v2\/product_brand?post=85508"},{"taxonomy":"product_cat","embeddable":true,"href":"https:\/\/www.irdin.org.br\/site\/wp-json\/wp\/v2\/product_cat?post=85508"},{"taxonomy":"product_tag","embeddable":true,"href":"https:\/\/www.irdin.org.br\/site\/wp-json\/wp\/v2\/product_tag?post=85508"}],"curies":[{"name":"wp","href":"https:\/\/api.w.org\/{rel}","templated":true}]}}