{"id":85516,"date":"2018-07-06T18:56:44","date_gmt":"2018-07-06T18:56:44","guid":{"rendered":"http:\/\/www.irdin.org.br\/site\/produto\/conversas-com-trigueirinho-no-683\/"},"modified":"2024-09-09T03:18:04","modified_gmt":"2024-09-09T03:18:04","slug":"conversas-com-trigueirinho-no-683","status":"publish","type":"product","link":"https:\/\/www.irdin.org.br\/site\/produtos\/conversas-com-trigueirinho-no-683\/","title":{"rendered":"Conversas com Trigueirinho n\u00ba 683"},"content":{"rendered":"<p>Sonho com olhos e dentes \/ Lidar com a energia monet\u00e1ria \/ Equilibrar o caminho profissional com o espiritual \/ Acordar assustado \/ Vida sexual e matrim\u00f4nio \/ Prazer, inimigo do caminho \/ Mantras como trabalho de disciplina \/ Os sete passos do caminho \/ A informa\u00e7\u00e3o espiritual \/ O que a consci\u00eancia  ind\u00edgena nos ensina \/ Mitos, f\u00e1bulas e fic\u00e7\u00e3o \/ Solid\u00e3o e sil\u00eancio \/ Tarefas das \u00c1reas e N\u00facleos de Figueira neste ciclo.<\/p>\n<p>&nbsp;<br \/>\n<strong>Ou\u00e7a agora:<\/strong><\/p>\n<p><span data-href=\"https:\/\/www.irdin.org.br\/site\/envios\/audios\/0023_0683__por_por__conversas_com_trigueirinho_n683.mp3\" data-title=\"Conversas com Trigueirinho n\u00ba 683\" data-rel=\"\" data-target=\"\" data-meta=\"#fap-meta-69f143b38fc37\" class=\"fap-single-track fap-track-button fap-play-button\" data-enqueue=\"no\" data-autoenqueue=\"no\" title=\"Conversas com Trigueirinho n\u00ba 683\"><span class=\"fap-icon-play\"><\/span>Ouvir<\/span> <a href='https:\/\/www.irdin.org.br\/site\/envios\/audios\/0023_0683__por_por__conversas_com_trigueirinho_n683.mp3' class='baixar' download><span class='fa fa-arrow-down'><\/span>Baixar<\/span><\/a> <span class='textobaixar'> Conversas com Trigueirinho n\u00ba 683<\/span><\/p>\n","protected":false},"excerpt":{"rendered":"<p>Sonho com olhos e dentes \/ Lidar com a energia monet\u00e1ria \/ Equilibrar o caminho profissional com o espiritual \/<\/p>\n","protected":false},"featured_media":37479,"template":"","meta":{"_acf_changed":false},"product_brand":[],"product_cat":[18076,43099],"product_tag":[43251],"class_list":{"0":"post-85516","1":"product","2":"type-product","3":"status-publish","4":"has-post-thumbnail","6":"product_cat-cddvd","7":"product_cat-palestras-cddvd","8":"product_tag-43251","9":"pa_autor-trigueirinho","10":"pa_codigo-da-serie-31985","11":"pa_codigo-de-barras-29775","12":"pa_codigo-externo-00230683porcd","13":"pa_data-de-edicao-43249","14":"pa_data-de-gravacao-29771","15":"pa_data-de-lancamento-43250","16":"pa_duracao-69min26s","17":"pa_idioma-de-destino-portugues","18":"pa_idioma-de-origem-portugues","19":"pa_lancamento-no","20":"pa_midia-cd","21":"pa_moac-43248","22":"pa_quantidade-de-saldo-33067","23":"pa_sequencial-da-serie-32544","24":"pa_tipo-de-traducao-nao-traduzido","26":"first","27":"outofstock","28":"product-type-simple"},"acf":[],"_links":{"self":[{"href":"https:\/\/www.irdin.org.br\/site\/wp-json\/wp\/v2\/product\/85516","targetHints":{"allow":["GET"]}}],"collection":[{"href":"https:\/\/www.irdin.org.br\/site\/wp-json\/wp\/v2\/product"}],"about":[{"href":"https:\/\/www.irdin.org.br\/site\/wp-json\/wp\/v2\/types\/product"}],"version-history":[{"count":1,"href":"https:\/\/www.irdin.org.br\/site\/wp-json\/wp\/v2\/product\/85516\/revisions"}],"predecessor-version":[{"id":107089,"href":"https:\/\/www.irdin.org.br\/site\/wp-json\/wp\/v2\/product\/85516\/revisions\/107089"}],"wp:featuredmedia":[{"embeddable":true,"href":"https:\/\/www.irdin.org.br\/site\/wp-json\/wp\/v2\/media\/37479"}],"wp:attachment":[{"href":"https:\/\/www.irdin.org.br\/site\/wp-json\/wp\/v2\/media?parent=85516"}],"wp:term":[{"taxonomy":"product_brand","embeddable":true,"href":"https:\/\/www.irdin.org.br\/site\/wp-json\/wp\/v2\/product_brand?post=85516"},{"taxonomy":"product_cat","embeddable":true,"href":"https:\/\/www.irdin.org.br\/site\/wp-json\/wp\/v2\/product_cat?post=85516"},{"taxonomy":"product_tag","embeddable":true,"href":"https:\/\/www.irdin.org.br\/site\/wp-json\/wp\/v2\/product_tag?post=85516"}],"curies":[{"name":"wp","href":"https:\/\/api.w.org\/{rel}","templated":true}]}}