{"id":85525,"date":"2018-07-06T18:56:44","date_gmt":"2018-07-06T18:56:44","guid":{"rendered":"http:\/\/www.irdin.org.br\/site\/produto\/conversas-com-trigueirinho-no-692\/"},"modified":"2024-09-09T03:18:59","modified_gmt":"2024-09-09T03:18:59","slug":"conversas-com-trigueirinho-no-692","status":"publish","type":"product","link":"https:\/\/www.irdin.org.br\/site\/produtos\/conversas-com-trigueirinho-no-692\/","title":{"rendered":"Conversas com Trigueirinho n\u00ba 692"},"content":{"rendered":"<p>J\u00f3ias da obedi\u00eancia \/ As sete m\u00f4nadas \/ Sonho com anel dependurado na \u00e1rvore \/ Como sentir o contato interno \/ Consequ\u00eancia das a\u00e7\u00f5es \/ Sonho com partes do corpo que sangram \/ A Hierarquia se afastar\u00e1? \/ S\u00edrius e s\u00edmbolos nos trigais<\/p>\n<p>&nbsp;<br \/>\n<strong>Ou\u00e7a agora:<\/strong><\/p>\n<p><span data-href=\"https:\/\/www.irdin.org.br\/site\/envios\/audios\/0023_0692__por_por__conversas_com_trigueirinho_n692.mp3\" data-title=\"Conversas com Trigueirinho n\u00ba 692\" data-rel=\"\" data-target=\"\" data-meta=\"#fap-meta-69e1f6990c391\" class=\"fap-single-track fap-track-button fap-play-button\" data-enqueue=\"no\" data-autoenqueue=\"no\" title=\"Conversas com Trigueirinho n\u00ba 692\"><span class=\"fap-icon-play\"><\/span>Ouvir<\/span> <a href='https:\/\/www.irdin.org.br\/site\/envios\/audios\/0023_0692__por_por__conversas_com_trigueirinho_n692.mp3' class='baixar' download><span class='fa fa-arrow-down'><\/span>Baixar<\/span><\/a> <span class='textobaixar'> Conversas com Trigueirinho n\u00ba 692<\/span><\/p>\n","protected":false},"excerpt":{"rendered":"<p>J\u00f3ias da obedi\u00eancia \/ As sete m\u00f4nadas \/ Sonho com anel dependurado na \u00e1rvore \/ Como sentir o contato interno<\/p>\n","protected":false},"featured_media":37479,"template":"","meta":{"_acf_changed":false},"product_brand":[],"product_cat":[18076,43099],"product_tag":[43273],"class_list":{"0":"post-85525","1":"product","2":"type-product","3":"status-publish","4":"has-post-thumbnail","6":"product_cat-cddvd","7":"product_cat-palestras-cddvd","8":"product_tag-43273","9":"pa_autor-trigueirinho","10":"pa_codigo-da-serie-31985","11":"pa_codigo-de-barras-29816","12":"pa_codigo-externo-00230692porcd","13":"pa_data-de-edicao-24672","14":"pa_data-de-gravacao-19650","15":"pa_data-de-lancamento-24673","16":"pa_duracao-57min","17":"pa_idioma-de-destino-portugues","18":"pa_idioma-de-origem-portugues","19":"pa_lancamento-no","20":"pa_midia-cd","21":"pa_moac-43272","22":"pa_quantidade-de-saldo-33067","23":"pa_sequencial-da-serie-32562","24":"pa_tipo-de-traducao-nao-traduzido","26":"first","27":"outofstock","28":"product-type-simple"},"acf":[],"_links":{"self":[{"href":"https:\/\/www.irdin.org.br\/site\/wp-json\/wp\/v2\/product\/85525","targetHints":{"allow":["GET"]}}],"collection":[{"href":"https:\/\/www.irdin.org.br\/site\/wp-json\/wp\/v2\/product"}],"about":[{"href":"https:\/\/www.irdin.org.br\/site\/wp-json\/wp\/v2\/types\/product"}],"version-history":[{"count":1,"href":"https:\/\/www.irdin.org.br\/site\/wp-json\/wp\/v2\/product\/85525\/revisions"}],"predecessor-version":[{"id":107093,"href":"https:\/\/www.irdin.org.br\/site\/wp-json\/wp\/v2\/product\/85525\/revisions\/107093"}],"wp:featuredmedia":[{"embeddable":true,"href":"https:\/\/www.irdin.org.br\/site\/wp-json\/wp\/v2\/media\/37479"}],"wp:attachment":[{"href":"https:\/\/www.irdin.org.br\/site\/wp-json\/wp\/v2\/media?parent=85525"}],"wp:term":[{"taxonomy":"product_brand","embeddable":true,"href":"https:\/\/www.irdin.org.br\/site\/wp-json\/wp\/v2\/product_brand?post=85525"},{"taxonomy":"product_cat","embeddable":true,"href":"https:\/\/www.irdin.org.br\/site\/wp-json\/wp\/v2\/product_cat?post=85525"},{"taxonomy":"product_tag","embeddable":true,"href":"https:\/\/www.irdin.org.br\/site\/wp-json\/wp\/v2\/product_tag?post=85525"}],"curies":[{"name":"wp","href":"https:\/\/api.w.org\/{rel}","templated":true}]}}