{"id":85527,"date":"2011-04-07T00:00:00","date_gmt":"2011-04-07T00:00:00","guid":{"rendered":"http:\/\/www.irdin.org.br\/site\/produto\/conversas-com-trigueirinho-no-694\/"},"modified":"2025-03-16T01:23:46","modified_gmt":"2025-03-16T01:23:46","slug":"conversas-com-trigueirinho-no-694","status":"publish","type":"product","link":"https:\/\/www.irdin.org.br\/site\/produtos\/conversas-com-trigueirinho-no-694\/","title":{"rendered":"Conversas com Trigueirinho n\u00ba 694"},"content":{"rendered":"<p>Qual o prop\u00f3sito do Monast\u00e9rio do Perd\u00e3o? \/ A import\u00e2ncia dos nomes \/ Cura pela lei supranatural \/ O livre arb\u00edtrio e as novas leis \/ Sonhar com menstrua\u00e7\u00e3o \/ Por que devemos orar? \/ Vis\u00e3o no plano astral \/ Pr\u00f3ximas sub-ra\u00e7as \/ Lei da transmuta\u00e7\u00e3o e disciplina<\/p>\n<p>&nbsp;<br \/>\n<strong>Ou\u00e7a agora:<\/strong><\/p>\n<p><span data-href=\"https:\/\/www.irdin.org.br\/site\/envios\/audios\/0023_0694__por_por__conversas_com_trigueirinho_n694.mp3\" data-title=\"Conversas com Trigueirinho n\u00ba 694\" data-rel=\"\" data-target=\"\" data-meta=\"#fap-meta-69f143e5c6e79\" class=\"fap-single-track fap-track-button fap-play-button\" data-enqueue=\"no\" data-autoenqueue=\"no\" title=\"Conversas com Trigueirinho n\u00ba 694\"><span class=\"fap-icon-play\"><\/span>Ouvir<\/span> <a href='https:\/\/www.irdin.org.br\/site\/envios\/audios\/0023_0694__por_por__conversas_com_trigueirinho_n694.mp3' class='baixar' download><span class='fa fa-arrow-down'><\/span>Baixar<\/span><\/a> <span class='textobaixar'> Conversas com Trigueirinho n\u00ba 694<\/span><\/p>\n","protected":false},"excerpt":{"rendered":"<p>Qual o prop\u00f3sito do Monast\u00e9rio do Perd\u00e3o? \/ A import\u00e2ncia dos nomes \/ Cura pela lei supranatural \/ O livre<\/p>\n","protected":false},"featured_media":37479,"template":"","meta":{"_acf_changed":false},"product_brand":[],"product_cat":[18076,43099],"product_tag":[43277],"class_list":{"0":"post-85527","1":"product","2":"type-product","3":"status-publish","4":"has-post-thumbnail","6":"product_cat-cddvd","7":"product_cat-palestras-cddvd","8":"product_tag-43277","9":"pa_autor-trigueirinho","10":"pa_codigo-da-serie-31985","11":"pa_codigo-de-barras-29825","12":"pa_codigo-externo-00230694porcd","13":"pa_data-de-edicao-25125","14":"pa_data-de-gravacao-29822","15":"pa_data-de-lancamento-25126","16":"pa_duracao-43min35s","17":"pa_idioma-de-destino-portugues","18":"pa_idioma-de-origem-portugues","19":"pa_lancamento-no","20":"pa_midia-cd","21":"pa_moac-43276","22":"pa_quantidade-de-saldo-33067","23":"pa_sequencial-da-serie-32564","24":"pa_tipo-de-traducao-nao-traduzido","26":"first","27":"outofstock","28":"product-type-simple"},"acf":[],"_links":{"self":[{"href":"https:\/\/www.irdin.org.br\/site\/wp-json\/wp\/v2\/product\/85527","targetHints":{"allow":["GET"]}}],"collection":[{"href":"https:\/\/www.irdin.org.br\/site\/wp-json\/wp\/v2\/product"}],"about":[{"href":"https:\/\/www.irdin.org.br\/site\/wp-json\/wp\/v2\/types\/product"}],"version-history":[{"count":1,"href":"https:\/\/www.irdin.org.br\/site\/wp-json\/wp\/v2\/product\/85527\/revisions"}],"predecessor-version":[{"id":109370,"href":"https:\/\/www.irdin.org.br\/site\/wp-json\/wp\/v2\/product\/85527\/revisions\/109370"}],"wp:featuredmedia":[{"embeddable":true,"href":"https:\/\/www.irdin.org.br\/site\/wp-json\/wp\/v2\/media\/37479"}],"wp:attachment":[{"href":"https:\/\/www.irdin.org.br\/site\/wp-json\/wp\/v2\/media?parent=85527"}],"wp:term":[{"taxonomy":"product_brand","embeddable":true,"href":"https:\/\/www.irdin.org.br\/site\/wp-json\/wp\/v2\/product_brand?post=85527"},{"taxonomy":"product_cat","embeddable":true,"href":"https:\/\/www.irdin.org.br\/site\/wp-json\/wp\/v2\/product_cat?post=85527"},{"taxonomy":"product_tag","embeddable":true,"href":"https:\/\/www.irdin.org.br\/site\/wp-json\/wp\/v2\/product_tag?post=85527"}],"curies":[{"name":"wp","href":"https:\/\/api.w.org\/{rel}","templated":true}]}}