{"id":85529,"date":"2011-08-07T00:00:00","date_gmt":"2011-08-07T00:00:00","guid":{"rendered":"http:\/\/www.irdin.org.br\/site\/produto\/conversas-com-trigueirinho-no-696\/"},"modified":"2025-03-16T01:19:18","modified_gmt":"2025-03-16T01:19:18","slug":"conversas-com-trigueirinho-no-696","status":"publish","type":"product","link":"https:\/\/www.irdin.org.br\/site\/produtos\/conversas-com-trigueirinho-no-696\/","title":{"rendered":"Conversas com Trigueirinho n\u00ba 696"},"content":{"rendered":"<p>Vida material e vida divina \/ Exposi\u00e7\u00e3o aos raios do sol \/ Revela\u00e7\u00f5es dos Crop Circles \/ O segundo governo do mundo \/ Tri\u00e2ngulo de energia \/ Grupos de ora\u00e7\u00f5es e monast\u00e9rios \/ Simbolismo da coruja<\/p>\n<p>&nbsp;<br \/>\n<strong>Ou\u00e7a agora:<\/strong><\/p>\n<p><span data-href=\"https:\/\/www.irdin.org.br\/site\/envios\/audios\/0023_0696__por_por__conversas_com_trigueirinho_n696.mp3\" data-title=\"Conversas com Trigueirinho n\u00ba 696\" data-rel=\"\" data-target=\"\" data-meta=\"#fap-meta-69f1455328a79\" class=\"fap-single-track fap-track-button fap-play-button\" data-enqueue=\"no\" data-autoenqueue=\"no\" title=\"Conversas com Trigueirinho n\u00ba 696\"><span class=\"fap-icon-play\"><\/span>Ouvir<\/span> <a href='https:\/\/www.irdin.org.br\/site\/envios\/audios\/0023_0696__por_por__conversas_com_trigueirinho_n696.mp3' class='baixar' download><span class='fa fa-arrow-down'><\/span>Baixar<\/span><\/a> <span class='textobaixar'> Conversas com Trigueirinho n\u00ba 696<\/span><\/p>\n","protected":false},"excerpt":{"rendered":"<p>Vida material e vida divina \/ Exposi\u00e7\u00e3o aos raios do sol \/ Revela\u00e7\u00f5es dos Crop Circles \/ O segundo governo<\/p>\n","protected":false},"featured_media":37479,"template":"","meta":{"_acf_changed":false},"product_brand":[],"product_cat":[18076,43099],"product_tag":[43281],"class_list":{"0":"post-85529","1":"product","2":"type-product","3":"status-publish","4":"has-post-thumbnail","6":"product_cat-cddvd","7":"product_cat-palestras-cddvd","8":"product_tag-43281","9":"pa_autor-trigueirinho","10":"pa_codigo-da-serie-31985","11":"pa_codigo-de-barras-29834","12":"pa_codigo-externo-00230696porcd","13":"pa_data-de-edicao-18015","14":"pa_data-de-gravacao-29830","15":"pa_data-de-lancamento-24642","16":"pa_duracao-48m35s","17":"pa_idioma-de-destino-portugues","18":"pa_idioma-de-origem-portugues","19":"pa_lancamento-no","20":"pa_midia-cd","21":"pa_moac-43280","22":"pa_quantidade-de-saldo-33067","23":"pa_sequencial-da-serie-32568","24":"pa_tipo-de-traducao-nao-traduzido","26":"first","27":"outofstock","28":"product-type-simple"},"acf":[],"_links":{"self":[{"href":"https:\/\/www.irdin.org.br\/site\/wp-json\/wp\/v2\/product\/85529","targetHints":{"allow":["GET"]}}],"collection":[{"href":"https:\/\/www.irdin.org.br\/site\/wp-json\/wp\/v2\/product"}],"about":[{"href":"https:\/\/www.irdin.org.br\/site\/wp-json\/wp\/v2\/types\/product"}],"version-history":[{"count":1,"href":"https:\/\/www.irdin.org.br\/site\/wp-json\/wp\/v2\/product\/85529\/revisions"}],"predecessor-version":[{"id":109357,"href":"https:\/\/www.irdin.org.br\/site\/wp-json\/wp\/v2\/product\/85529\/revisions\/109357"}],"wp:featuredmedia":[{"embeddable":true,"href":"https:\/\/www.irdin.org.br\/site\/wp-json\/wp\/v2\/media\/37479"}],"wp:attachment":[{"href":"https:\/\/www.irdin.org.br\/site\/wp-json\/wp\/v2\/media?parent=85529"}],"wp:term":[{"taxonomy":"product_brand","embeddable":true,"href":"https:\/\/www.irdin.org.br\/site\/wp-json\/wp\/v2\/product_brand?post=85529"},{"taxonomy":"product_cat","embeddable":true,"href":"https:\/\/www.irdin.org.br\/site\/wp-json\/wp\/v2\/product_cat?post=85529"},{"taxonomy":"product_tag","embeddable":true,"href":"https:\/\/www.irdin.org.br\/site\/wp-json\/wp\/v2\/product_tag?post=85529"}],"curies":[{"name":"wp","href":"https:\/\/api.w.org\/{rel}","templated":true}]}}