{"id":85542,"date":"2018-07-06T18:57:09","date_gmt":"2018-07-06T18:57:09","guid":{"rendered":"http:\/\/www.irdin.org.br\/site\/produto\/conversas-com-trigueirinho-no-709\/"},"modified":"2024-09-09T03:16:01","modified_gmt":"2024-09-09T03:16:01","slug":"conversas-com-trigueirinho-no-709","status":"publish","type":"product","link":"https:\/\/www.irdin.org.br\/site\/produtos\/conversas-com-trigueirinho-no-709\/","title":{"rendered":"Conversas com Trigueirinho n\u00ba 709"},"content":{"rendered":"<p>Centros planet\u00e1rios, retiros e discos solares \/ Vida de casal evolutivo \/ Celibato e castidade \/ Contato com Hierarquias ang\u00e9licas \/ Sintonia nos grupos de ora\u00e7\u00e3o \/ Reden\u00e7\u00e3o e equil\u00edbrio \/ Que \u00e9 humildade? \/ Mishuk e os monast\u00e9rios \/ Casa Luz da Colina e Cidade Figueira \/ Que \u00e9 um Reino? Que \u00e9 um templo?<\/p>\n<p>&nbsp;<br \/>\n<strong>Ou\u00e7a agora:<\/strong><\/p>\n<p><span data-href=\"https:\/\/www.irdin.org.br\/site\/envios\/audios\/0023_0709__por_por__conversas_com_trigueirinho_n709.mp3\" data-title=\"Conversas com Trigueirinho n\u00ba 709\" data-rel=\"\" data-target=\"\" data-meta=\"#fap-meta-6a05673957459\" class=\"fap-single-track fap-track-button fap-play-button\" data-enqueue=\"no\" data-autoenqueue=\"no\" title=\"Conversas com Trigueirinho n\u00ba 709\"><span class=\"fap-icon-play\"><\/span>Ouvir<\/span> <a href='https:\/\/www.irdin.org.br\/site\/envios\/audios\/0023_0709__por_por__conversas_com_trigueirinho_n709.mp3' class='baixar' download><span class='fa fa-arrow-down'><\/span>Baixar<\/span><\/a> <span class='textobaixar'> Conversas com Trigueirinho n\u00ba 709<\/span><\/p>\n","protected":false},"excerpt":{"rendered":"<p>Centros planet\u00e1rios, retiros e discos solares \/ Vida de casal evolutivo \/ Celibato e castidade \/ Contato com Hierarquias ang\u00e9licas<\/p>\n","protected":false},"featured_media":37479,"template":"","meta":{"_acf_changed":false},"product_brand":[],"product_cat":[18076,43099],"product_tag":[43313],"class_list":{"0":"post-85542","1":"product","2":"type-product","3":"status-publish","4":"has-post-thumbnail","6":"product_cat-cddvd","7":"product_cat-palestras-cddvd","8":"product_tag-43313","9":"pa_autor-trigueirinho","10":"pa_codigo-da-serie-31985","11":"pa_codigo-de-barras-29895","12":"pa_codigo-externo-00230709porcd","13":"pa_data-de-edicao-43301","14":"pa_data-de-gravacao-18250","15":"pa_data-de-lancamento-43302","16":"pa_duracao-36m43s","17":"pa_idioma-de-destino-portugues","18":"pa_idioma-de-origem-portugues","19":"pa_lancamento-no","20":"pa_midia-cd","21":"pa_moac-43312","22":"pa_quantidade-de-saldo-33067","23":"pa_sequencial-da-serie-32594","24":"pa_tipo-de-traducao-nao-traduzido","26":"first","27":"outofstock","28":"product-type-simple"},"acf":[],"_links":{"self":[{"href":"https:\/\/www.irdin.org.br\/site\/wp-json\/wp\/v2\/product\/85542","targetHints":{"allow":["GET"]}}],"collection":[{"href":"https:\/\/www.irdin.org.br\/site\/wp-json\/wp\/v2\/product"}],"about":[{"href":"https:\/\/www.irdin.org.br\/site\/wp-json\/wp\/v2\/types\/product"}],"version-history":[{"count":1,"href":"https:\/\/www.irdin.org.br\/site\/wp-json\/wp\/v2\/product\/85542\/revisions"}],"predecessor-version":[{"id":107080,"href":"https:\/\/www.irdin.org.br\/site\/wp-json\/wp\/v2\/product\/85542\/revisions\/107080"}],"wp:featuredmedia":[{"embeddable":true,"href":"https:\/\/www.irdin.org.br\/site\/wp-json\/wp\/v2\/media\/37479"}],"wp:attachment":[{"href":"https:\/\/www.irdin.org.br\/site\/wp-json\/wp\/v2\/media?parent=85542"}],"wp:term":[{"taxonomy":"product_brand","embeddable":true,"href":"https:\/\/www.irdin.org.br\/site\/wp-json\/wp\/v2\/product_brand?post=85542"},{"taxonomy":"product_cat","embeddable":true,"href":"https:\/\/www.irdin.org.br\/site\/wp-json\/wp\/v2\/product_cat?post=85542"},{"taxonomy":"product_tag","embeddable":true,"href":"https:\/\/www.irdin.org.br\/site\/wp-json\/wp\/v2\/product_tag?post=85542"}],"curies":[{"name":"wp","href":"https:\/\/api.w.org\/{rel}","templated":true}]}}