{"id":85547,"date":"2011-03-11T00:00:00","date_gmt":"2011-03-11T00:00:00","guid":{"rendered":"http:\/\/www.irdin.org.br\/site\/produto\/conversas-com-trigueirinho-no-714\/"},"modified":"2025-03-16T01:24:05","modified_gmt":"2025-03-16T01:24:05","slug":"conversas-com-trigueirinho-no-714","status":"publish","type":"product","link":"https:\/\/www.irdin.org.br\/site\/produtos\/conversas-com-trigueirinho-no-714\/","title":{"rendered":"Conversas com Trigueirinho n\u00ba 714"},"content":{"rendered":"<p>Saint Germain \/ Uni\u00e3o com a m\u00f4nada \/ Uni\u00e3o de devas et\u00e9ricos e ang\u00e9licos \/ Mantras e as dimens\u00f5es \/ Cristais-pris\u00e3o e reden\u00e7\u00e3o \/ Sobre a nova educa\u00e7\u00e3o \/ Cerimonial na vida di\u00e1ria \/ Elevar a mente<\/p>\n<p>&nbsp;<br \/>\n<strong>Ou\u00e7a agora:<\/strong><\/p>\n<p><span data-href=\"https:\/\/www.irdin.org.br\/site\/envios\/audios\/0023_0714__por_por__conversas_com_trigueirinho_n714.mp3\" data-title=\"Conversas com Trigueirinho n\u00ba 714\" data-rel=\"\" data-target=\"\" data-meta=\"#fap-meta-69f7804013c1f\" class=\"fap-single-track fap-track-button fap-play-button\" data-enqueue=\"no\" data-autoenqueue=\"no\" title=\"Conversas com Trigueirinho n\u00ba 714\"><span class=\"fap-icon-play\"><\/span>Ouvir<\/span> <a href='https:\/\/www.irdin.org.br\/site\/envios\/audios\/0023_0714__por_por__conversas_com_trigueirinho_n714.mp3' class='baixar' download><span class='fa fa-arrow-down'><\/span>Baixar<\/span><\/a> <span class='textobaixar'> Conversas com Trigueirinho n\u00ba 714<\/span><\/p>\n","protected":false},"excerpt":{"rendered":"<p>Saint Germain \/ Uni\u00e3o com a m\u00f4nada \/ Uni\u00e3o de devas et\u00e9ricos e ang\u00e9licos \/ Mantras e as dimens\u00f5es \/<\/p>\n","protected":false},"featured_media":37479,"template":"","meta":{"_acf_changed":false},"product_brand":[],"product_cat":[18076,43099],"product_tag":[43325],"class_list":{"0":"post-85547","1":"product","2":"type-product","3":"status-publish","4":"has-post-thumbnail","6":"product_cat-cddvd","7":"product_cat-palestras-cddvd","8":"product_tag-43325","9":"pa_autor-trigueirinho","10":"pa_codigo-da-serie-31985","11":"pa_codigo-de-barras-29916","12":"pa_codigo-externo-00230714porcd","13":"pa_data-de-edicao-43319","14":"pa_data-de-gravacao-29912","15":"pa_data-de-lancamento-43320","16":"pa_duracao-50min36s","17":"pa_idioma-de-destino-portugues","18":"pa_idioma-de-origem-portugues","19":"pa_lancamento-no","20":"pa_midia-cd","21":"pa_moac-43324","22":"pa_quantidade-de-saldo-33067","23":"pa_sequencial-da-serie-32604","24":"pa_tipo-de-traducao-nao-traduzido","26":"first","27":"outofstock","28":"product-type-simple"},"acf":[],"_links":{"self":[{"href":"https:\/\/www.irdin.org.br\/site\/wp-json\/wp\/v2\/product\/85547","targetHints":{"allow":["GET"]}}],"collection":[{"href":"https:\/\/www.irdin.org.br\/site\/wp-json\/wp\/v2\/product"}],"about":[{"href":"https:\/\/www.irdin.org.br\/site\/wp-json\/wp\/v2\/types\/product"}],"version-history":[{"count":1,"href":"https:\/\/www.irdin.org.br\/site\/wp-json\/wp\/v2\/product\/85547\/revisions"}],"predecessor-version":[{"id":109372,"href":"https:\/\/www.irdin.org.br\/site\/wp-json\/wp\/v2\/product\/85547\/revisions\/109372"}],"wp:featuredmedia":[{"embeddable":true,"href":"https:\/\/www.irdin.org.br\/site\/wp-json\/wp\/v2\/media\/37479"}],"wp:attachment":[{"href":"https:\/\/www.irdin.org.br\/site\/wp-json\/wp\/v2\/media?parent=85547"}],"wp:term":[{"taxonomy":"product_brand","embeddable":true,"href":"https:\/\/www.irdin.org.br\/site\/wp-json\/wp\/v2\/product_brand?post=85547"},{"taxonomy":"product_cat","embeddable":true,"href":"https:\/\/www.irdin.org.br\/site\/wp-json\/wp\/v2\/product_cat?post=85547"},{"taxonomy":"product_tag","embeddable":true,"href":"https:\/\/www.irdin.org.br\/site\/wp-json\/wp\/v2\/product_tag?post=85547"}],"curies":[{"name":"wp","href":"https:\/\/api.w.org\/{rel}","templated":true}]}}