{"id":85552,"date":"2018-07-06T18:57:34","date_gmt":"2018-07-06T18:57:34","guid":{"rendered":"http:\/\/www.irdin.org.br\/site\/produto\/conversas-com-trigueirinho-no-719\/"},"modified":"2024-09-09T03:09:19","modified_gmt":"2024-09-09T03:09:19","slug":"conversas-com-trigueirinho-no-719","status":"publish","type":"product","link":"https:\/\/www.irdin.org.br\/site\/produtos\/conversas-com-trigueirinho-no-719\/","title":{"rendered":"Conversas com Trigueirinho n\u00ba 719"},"content":{"rendered":"<p>Vis\u00e3o sobre purifica\u00e7\u00e3o \/ Sonho com perda de \u00f4nibus \/ A situa\u00e7\u00e3o planet\u00e1ria \/ Prepara\u00e7\u00e3o para mudar de plano \/ A M\u00e3e Universal \/ Energia dos guerreiros \/ Diferen\u00e7a entre apego e amor \/ Purifica\u00e7\u00e3o do ego \/ Mantras de Nicol\u00e1s<\/p>\n<p>&nbsp;<br \/>\n<strong>Ou\u00e7a agora:<\/strong><\/p>\n<p><span data-href=\"https:\/\/www.irdin.org.br\/site\/envios\/audios\/0023_0719__por_por__conversas_com_trigueirinho_n719.mp3\" data-title=\"Conversas com Trigueirinho n\u00ba 719\" data-rel=\"\" data-target=\"\" data-meta=\"#fap-meta-69f159a9df798\" class=\"fap-single-track fap-track-button fap-play-button\" data-enqueue=\"no\" data-autoenqueue=\"no\" title=\"Conversas com Trigueirinho n\u00ba 719\"><span class=\"fap-icon-play\"><\/span>Ouvir<\/span> <a href='https:\/\/www.irdin.org.br\/site\/envios\/audios\/0023_0719__por_por__conversas_com_trigueirinho_n719.mp3' class='baixar' download><span class='fa fa-arrow-down'><\/span>Baixar<\/span><\/a> <span class='textobaixar'> Conversas com Trigueirinho n\u00ba 719<\/span><\/p>\n","protected":false},"excerpt":{"rendered":"<p>Vis\u00e3o sobre purifica\u00e7\u00e3o \/ Sonho com perda de \u00f4nibus \/ A situa\u00e7\u00e3o planet\u00e1ria \/ Prepara\u00e7\u00e3o para mudar de plano \/<\/p>\n","protected":false},"featured_media":37479,"template":"","meta":{"_acf_changed":false},"product_brand":[],"product_cat":[18076,43099],"product_tag":[43335],"class_list":{"0":"post-85552","1":"product","2":"type-product","3":"status-publish","4":"has-post-thumbnail","6":"product_cat-cddvd","7":"product_cat-palestras-cddvd","8":"product_tag-43335","9":"pa_autor-trigueirinho","10":"pa_codigo-da-serie-31985","11":"pa_codigo-de-barras-29937","12":"pa_codigo-externo-00230719porcd","13":"pa_data-de-edicao-43301","14":"pa_data-de-gravacao-29934","15":"pa_data-de-lancamento-43302","16":"pa_duracao-30min22s","17":"pa_idioma-de-destino-portugues","18":"pa_idioma-de-origem-portugues","19":"pa_lancamento-no","20":"pa_midia-cd","21":"pa_moac-43334","22":"pa_quantidade-de-saldo-33067","23":"pa_sequencial-da-serie-32615","24":"pa_tipo-de-traducao-nao-traduzido","26":"first","27":"outofstock","28":"product-type-simple"},"acf":[],"_links":{"self":[{"href":"https:\/\/www.irdin.org.br\/site\/wp-json\/wp\/v2\/product\/85552","targetHints":{"allow":["GET"]}}],"collection":[{"href":"https:\/\/www.irdin.org.br\/site\/wp-json\/wp\/v2\/product"}],"about":[{"href":"https:\/\/www.irdin.org.br\/site\/wp-json\/wp\/v2\/types\/product"}],"version-history":[{"count":1,"href":"https:\/\/www.irdin.org.br\/site\/wp-json\/wp\/v2\/product\/85552\/revisions"}],"predecessor-version":[{"id":107053,"href":"https:\/\/www.irdin.org.br\/site\/wp-json\/wp\/v2\/product\/85552\/revisions\/107053"}],"wp:featuredmedia":[{"embeddable":true,"href":"https:\/\/www.irdin.org.br\/site\/wp-json\/wp\/v2\/media\/37479"}],"wp:attachment":[{"href":"https:\/\/www.irdin.org.br\/site\/wp-json\/wp\/v2\/media?parent=85552"}],"wp:term":[{"taxonomy":"product_brand","embeddable":true,"href":"https:\/\/www.irdin.org.br\/site\/wp-json\/wp\/v2\/product_brand?post=85552"},{"taxonomy":"product_cat","embeddable":true,"href":"https:\/\/www.irdin.org.br\/site\/wp-json\/wp\/v2\/product_cat?post=85552"},{"taxonomy":"product_tag","embeddable":true,"href":"https:\/\/www.irdin.org.br\/site\/wp-json\/wp\/v2\/product_tag?post=85552"}],"curies":[{"name":"wp","href":"https:\/\/api.w.org\/{rel}","templated":true}]}}