{"id":85556,"date":"2018-07-06T18:57:34","date_gmt":"2018-07-06T18:57:34","guid":{"rendered":"http:\/\/www.irdin.org.br\/site\/produto\/conversas-com-trigueirinho-no-723\/"},"modified":"2024-09-09T03:12:19","modified_gmt":"2024-09-09T03:12:19","slug":"conversas-com-trigueirinho-no-723","status":"publish","type":"product","link":"https:\/\/www.irdin.org.br\/site\/produtos\/conversas-com-trigueirinho-no-723\/","title":{"rendered":"Conversas com Trigueirinho n\u00ba 723"},"content":{"rendered":"<p>Sonho com casas \/ Gl\u00e2ndula timo \/ Dificuldades sexuais \/ Ave Maria e M\u00e3e Universal \/ Subjetividade da alma \/  Lidar com o medo \/ O ciclo em 8 de agosto \/ Presen\u00e7a silenciosa \/ Cura e ora\u00e7\u00e3o \/ Psicologia esot\u00e9rica \/ Dormir e acordar cedo \/ Sonhos e simbologias \/ Carma familiar \/ As religi\u00f5es e a Ordem Gra\u00e7a Miseric\u00f3rdia<\/p>\n<p>&nbsp;<br \/>\n<strong>Ou\u00e7a agora:<\/strong><\/p>\n<p><span data-href=\"https:\/\/www.irdin.org.br\/site\/envios\/audios\/0023_0723__por_por__conversas_com_trigueirinho_n723.mp3\" data-title=\"Conversas com Trigueirinho n\u00ba 723\" data-rel=\"\" data-target=\"\" data-meta=\"#fap-meta-69e64bc79fac6\" class=\"fap-single-track fap-track-button fap-play-button\" data-enqueue=\"no\" data-autoenqueue=\"no\" title=\"Conversas com Trigueirinho n\u00ba 723\"><span class=\"fap-icon-play\"><\/span>Ouvir<\/span> <a href='https:\/\/www.irdin.org.br\/site\/envios\/audios\/0023_0723__por_por__conversas_com_trigueirinho_n723.mp3' class='baixar' download><span class='fa fa-arrow-down'><\/span>Baixar<\/span><\/a> <span class='textobaixar'> Conversas com Trigueirinho n\u00ba 723<\/span><\/p>\n","protected":false},"excerpt":{"rendered":"<p>Sonho com casas \/ Gl\u00e2ndula timo \/ Dificuldades sexuais \/ Ave Maria e M\u00e3e Universal \/ Subjetividade da alma \/<\/p>\n","protected":false},"featured_media":37479,"template":"","meta":{"_acf_changed":false},"product_brand":[],"product_cat":[18076,43099],"product_tag":[43345],"class_list":{"0":"post-85556","1":"product","2":"type-product","3":"status-publish","4":"has-post-thumbnail","6":"product_cat-cddvd","7":"product_cat-palestras-cddvd","8":"product_tag-43345","9":"pa_autor-trigueirinho","10":"pa_codigo-da-serie-31985","11":"pa_codigo-de-barras-29955","12":"pa_codigo-externo-00230723porcd","13":"pa_data-de-edicao-43341","14":"pa_data-de-gravacao-29951","15":"pa_data-de-lancamento-43342","16":"pa_duracao-52min50s","17":"pa_idioma-de-destino-portugues","18":"pa_idioma-de-origem-portugues","19":"pa_lancamento-no","20":"pa_midia-cd","21":"pa_moac-43344","22":"pa_quantidade-de-saldo-33067","23":"pa_sequencial-da-serie-32623","24":"pa_tipo-de-traducao-nao-traduzido","26":"first","27":"outofstock","28":"product-type-simple"},"acf":[],"_links":{"self":[{"href":"https:\/\/www.irdin.org.br\/site\/wp-json\/wp\/v2\/product\/85556","targetHints":{"allow":["GET"]}}],"collection":[{"href":"https:\/\/www.irdin.org.br\/site\/wp-json\/wp\/v2\/product"}],"about":[{"href":"https:\/\/www.irdin.org.br\/site\/wp-json\/wp\/v2\/types\/product"}],"version-history":[{"count":1,"href":"https:\/\/www.irdin.org.br\/site\/wp-json\/wp\/v2\/product\/85556\/revisions"}],"predecessor-version":[{"id":107062,"href":"https:\/\/www.irdin.org.br\/site\/wp-json\/wp\/v2\/product\/85556\/revisions\/107062"}],"wp:featuredmedia":[{"embeddable":true,"href":"https:\/\/www.irdin.org.br\/site\/wp-json\/wp\/v2\/media\/37479"}],"wp:attachment":[{"href":"https:\/\/www.irdin.org.br\/site\/wp-json\/wp\/v2\/media?parent=85556"}],"wp:term":[{"taxonomy":"product_brand","embeddable":true,"href":"https:\/\/www.irdin.org.br\/site\/wp-json\/wp\/v2\/product_brand?post=85556"},{"taxonomy":"product_cat","embeddable":true,"href":"https:\/\/www.irdin.org.br\/site\/wp-json\/wp\/v2\/product_cat?post=85556"},{"taxonomy":"product_tag","embeddable":true,"href":"https:\/\/www.irdin.org.br\/site\/wp-json\/wp\/v2\/product_tag?post=85556"}],"curies":[{"name":"wp","href":"https:\/\/api.w.org\/{rel}","templated":true}]}}