{"id":85561,"date":"2011-05-12T00:00:00","date_gmt":"2011-05-12T00:00:00","guid":{"rendered":"http:\/\/www.irdin.org.br\/site\/produto\/conversas-com-trigueirinho-no-730\/"},"modified":"2025-03-16T01:20:19","modified_gmt":"2025-03-16T01:20:19","slug":"conversas-com-trigueirinho-no-730","status":"publish","type":"product","link":"https:\/\/www.irdin.org.br\/site\/produtos\/conversas-com-trigueirinho-no-730\/","title":{"rendered":"Conversas com Trigueirinho n\u00ba 730"},"content":{"rendered":"<p>Fazer-se alheio \u00e0s coisas do mundo \/ Preparar-se para o sono \/ Sonho com falso monge \/ Sonho com grande port\u00e3o \/ Medos, culpas e gravidez \/ Aspira ao alto, esquece o baixo \/ Cruz de bra\u00e7os iguais \/ O que \u00e9 cura? \/ Sobre o div\u00f3rcio \/ Voca\u00e7\u00e3o para a vida mon\u00e1stica \/ Raio da transfigura\u00e7\u00e3o \/ Ingresso dos raios imateriais<\/p>\n<p>&nbsp;<br \/>\n<strong>Ou\u00e7a agora:<\/strong><\/p>\n<p><span data-href=\"https:\/\/www.irdin.org.br\/site\/envios\/audios\/0023_0730__por_por__conversas_com_trigueirinho_n730.mp3\" data-title=\"Conversas com Trigueirinho n\u00ba 730\" data-rel=\"\" data-target=\"\" data-meta=\"#fap-meta-69f151c5e0896\" class=\"fap-single-track fap-track-button fap-play-button\" data-enqueue=\"no\" data-autoenqueue=\"no\" title=\"Conversas com Trigueirinho n\u00ba 730\"><span class=\"fap-icon-play\"><\/span>Ouvir<\/span> <a href='https:\/\/www.irdin.org.br\/site\/envios\/audios\/0023_0730__por_por__conversas_com_trigueirinho_n730.mp3' class='baixar' download><span class='fa fa-arrow-down'><\/span>Baixar<\/span><\/a> <span class='textobaixar'> Conversas com Trigueirinho n\u00ba 730<\/span><\/p>\n","protected":false},"excerpt":{"rendered":"<p>Fazer-se alheio \u00e0s coisas do mundo \/ Preparar-se para o sono \/ Sonho com falso monge \/ Sonho com grande<\/p>\n","protected":false},"featured_media":37479,"template":"","meta":{"_acf_changed":false},"product_brand":[],"product_cat":[18076,43099],"product_tag":[43357],"class_list":{"0":"post-85561","1":"product","2":"type-product","3":"status-publish","4":"has-post-thumbnail","6":"product_cat-cddvd","7":"product_cat-palestras-cddvd","8":"product_tag-43357","9":"pa_autor-trigueirinho","10":"pa_codigo-da-serie-31985","11":"pa_codigo-de-barras-29981","12":"pa_codigo-externo-00230730porcd","13":"pa_data-de-edicao-43355","14":"pa_data-de-gravacao-29976","15":"pa_data-de-lancamento-43356","16":"pa_duracao-60min0s","17":"pa_idioma-de-destino-portugues","18":"pa_idioma-de-origem-portugues","19":"pa_lancamento-no","20":"pa_midia-cd","21":"pa_moac-43354","22":"pa_quantidade-de-saldo-33067","23":"pa_sequencial-da-serie-32635","24":"pa_tipo-de-traducao-nao-traduzido","26":"first","27":"outofstock","28":"product-type-simple"},"acf":[],"_links":{"self":[{"href":"https:\/\/www.irdin.org.br\/site\/wp-json\/wp\/v2\/product\/85561","targetHints":{"allow":["GET"]}}],"collection":[{"href":"https:\/\/www.irdin.org.br\/site\/wp-json\/wp\/v2\/product"}],"about":[{"href":"https:\/\/www.irdin.org.br\/site\/wp-json\/wp\/v2\/types\/product"}],"version-history":[{"count":1,"href":"https:\/\/www.irdin.org.br\/site\/wp-json\/wp\/v2\/product\/85561\/revisions"}],"predecessor-version":[{"id":109363,"href":"https:\/\/www.irdin.org.br\/site\/wp-json\/wp\/v2\/product\/85561\/revisions\/109363"}],"wp:featuredmedia":[{"embeddable":true,"href":"https:\/\/www.irdin.org.br\/site\/wp-json\/wp\/v2\/media\/37479"}],"wp:attachment":[{"href":"https:\/\/www.irdin.org.br\/site\/wp-json\/wp\/v2\/media?parent=85561"}],"wp:term":[{"taxonomy":"product_brand","embeddable":true,"href":"https:\/\/www.irdin.org.br\/site\/wp-json\/wp\/v2\/product_brand?post=85561"},{"taxonomy":"product_cat","embeddable":true,"href":"https:\/\/www.irdin.org.br\/site\/wp-json\/wp\/v2\/product_cat?post=85561"},{"taxonomy":"product_tag","embeddable":true,"href":"https:\/\/www.irdin.org.br\/site\/wp-json\/wp\/v2\/product_tag?post=85561"}],"curies":[{"name":"wp","href":"https:\/\/api.w.org\/{rel}","templated":true}]}}