{"id":85562,"date":"2011-09-02T00:00:00","date_gmt":"2011-09-02T00:00:00","guid":{"rendered":"http:\/\/www.irdin.org.br\/site\/produto\/conversas-com-trigueirinho-no-731\/"},"modified":"2025-03-16T01:18:36","modified_gmt":"2025-03-16T01:18:36","slug":"conversas-com-trigueirinho-no-731","status":"publish","type":"product","link":"https:\/\/www.irdin.org.br\/site\/produtos\/conversas-com-trigueirinho-no-731\/","title":{"rendered":"Conversas com Trigueirinho n\u00ba 731"},"content":{"rendered":"<p>Sonho com crian\u00e7a \/ Consagra\u00e7\u00e3o e uni\u00e3o \u00e0 Hierarquia \/ Sonho com perda dos dentes \/ Sonho com ros\u00e1rio \/ Crop Circles e Europa \/ Reino vegetal e nova humanidade \/ Integridade espiritual \/ Miseric\u00f3rdia, compaix\u00e3o e caridade \/ Entrega verdadeira<\/p>\n<p>&nbsp;<br \/>\n<strong>Ou\u00e7a agora:<\/strong><\/p>\n<p><span data-href=\"https:\/\/www.irdin.org.br\/site\/envios\/audios\/0023_0731__por_por__conversas_com_trigueirinho_n731.mp3\" data-title=\"Conversas com Trigueirinho n\u00ba 731\" data-rel=\"\" data-target=\"\" data-meta=\"#fap-meta-69e326f679070\" class=\"fap-single-track fap-track-button fap-play-button\" data-enqueue=\"no\" data-autoenqueue=\"no\" title=\"Conversas com Trigueirinho n\u00ba 731\"><span class=\"fap-icon-play\"><\/span>Ouvir<\/span> <a href='https:\/\/www.irdin.org.br\/site\/envios\/audios\/0023_0731__por_por__conversas_com_trigueirinho_n731.mp3' class='baixar' download><span class='fa fa-arrow-down'><\/span>Baixar<\/span><\/a> <span class='textobaixar'> Conversas com Trigueirinho n\u00ba 731<\/span><\/p>\n","protected":false},"excerpt":{"rendered":"<p>Sonho com crian\u00e7a \/ Consagra\u00e7\u00e3o e uni\u00e3o \u00e0 Hierarquia \/ Sonho com perda dos dentes \/ Sonho com ros\u00e1rio \/<\/p>\n","protected":false},"featured_media":37479,"template":"","meta":{"_acf_changed":false},"product_brand":[],"product_cat":[18076,43099],"product_tag":[43359],"class_list":{"0":"post-85562","1":"product","2":"type-product","3":"status-publish","4":"has-post-thumbnail","6":"product_cat-cddvd","7":"product_cat-palestras-cddvd","8":"product_tag-43359","9":"pa_autor-trigueirinho","10":"pa_codigo-da-serie-31985","11":"pa_codigo-de-barras-29985","12":"pa_codigo-externo-00230731porcd","13":"pa_data-de-edicao-24998","14":"pa_data-de-gravacao-18255","15":"pa_data-de-lancamento-24999","16":"pa_duracao-33min32s","17":"pa_idioma-de-destino-portugues","18":"pa_idioma-de-origem-portugues","19":"pa_lancamento-no","20":"pa_midia-cd","21":"pa_moac-43358","22":"pa_quantidade-de-saldo-33067","23":"pa_sequencial-da-serie-32637","24":"pa_tipo-de-traducao-nao-traduzido","26":"first","27":"outofstock","28":"product-type-simple"},"acf":[],"_links":{"self":[{"href":"https:\/\/www.irdin.org.br\/site\/wp-json\/wp\/v2\/product\/85562","targetHints":{"allow":["GET"]}}],"collection":[{"href":"https:\/\/www.irdin.org.br\/site\/wp-json\/wp\/v2\/product"}],"about":[{"href":"https:\/\/www.irdin.org.br\/site\/wp-json\/wp\/v2\/types\/product"}],"version-history":[{"count":1,"href":"https:\/\/www.irdin.org.br\/site\/wp-json\/wp\/v2\/product\/85562\/revisions"}],"predecessor-version":[{"id":109354,"href":"https:\/\/www.irdin.org.br\/site\/wp-json\/wp\/v2\/product\/85562\/revisions\/109354"}],"wp:featuredmedia":[{"embeddable":true,"href":"https:\/\/www.irdin.org.br\/site\/wp-json\/wp\/v2\/media\/37479"}],"wp:attachment":[{"href":"https:\/\/www.irdin.org.br\/site\/wp-json\/wp\/v2\/media?parent=85562"}],"wp:term":[{"taxonomy":"product_brand","embeddable":true,"href":"https:\/\/www.irdin.org.br\/site\/wp-json\/wp\/v2\/product_brand?post=85562"},{"taxonomy":"product_cat","embeddable":true,"href":"https:\/\/www.irdin.org.br\/site\/wp-json\/wp\/v2\/product_cat?post=85562"},{"taxonomy":"product_tag","embeddable":true,"href":"https:\/\/www.irdin.org.br\/site\/wp-json\/wp\/v2\/product_tag?post=85562"}],"curies":[{"name":"wp","href":"https:\/\/api.w.org\/{rel}","templated":true}]}}