{"id":85565,"date":"2011-09-02T00:00:00","date_gmt":"2011-09-02T00:00:00","guid":{"rendered":"http:\/\/www.irdin.org.br\/site\/produto\/conversas-com-trigueirinho-no-734\/"},"modified":"2025-03-16T01:19:04","modified_gmt":"2025-03-16T01:19:04","slug":"conversas-com-trigueirinho-no-734","status":"publish","type":"product","link":"https:\/\/www.irdin.org.br\/site\/produtos\/conversas-com-trigueirinho-no-734\/","title":{"rendered":"Conversas com Trigueirinho n\u00ba 734"},"content":{"rendered":"<p>Influ\u00eancia de for\u00e7as \/ Livre-arb\u00edtrio e obedi\u00eancia \/ Ensinamentos de Teresa de \u00c1vila \/ Crian\u00e7a e escola \/ Monast\u00e9rio em S\u00e3o Bento Abade \/ Irradia\u00e7\u00f5es \/ Oferta \u00e0 transmuta\u00e7\u00e3o<\/p>\n<p>&nbsp;<br \/>\n<strong>Ou\u00e7a agora:<\/strong><\/p>\n<p><span data-href=\"https:\/\/www.irdin.org.br\/site\/envios\/audios\/0023_0734__por_por__conversas_com_trigueirinho_n734.mp3\" data-title=\"Conversas com Trigueirinho n\u00ba 734\" data-rel=\"\" data-target=\"\" data-meta=\"#fap-meta-69e30d974c5f2\" class=\"fap-single-track fap-track-button fap-play-button\" data-enqueue=\"no\" data-autoenqueue=\"no\" title=\"Conversas com Trigueirinho n\u00ba 734\"><span class=\"fap-icon-play\"><\/span>Ouvir<\/span> <a href='https:\/\/www.irdin.org.br\/site\/envios\/audios\/0023_0734__por_por__conversas_com_trigueirinho_n734.mp3' class='baixar' download><span class='fa fa-arrow-down'><\/span>Baixar<\/span><\/a> <span class='textobaixar'> Conversas com Trigueirinho n\u00ba 734<\/span><\/p>\n","protected":false},"excerpt":{"rendered":"<p>Influ\u00eancia de for\u00e7as \/ Livre-arb\u00edtrio e obedi\u00eancia \/ Ensinamentos de Teresa de \u00c1vila \/ Crian\u00e7a e escola \/ Monast\u00e9rio em<\/p>\n","protected":false},"featured_media":37479,"template":"","meta":{"_acf_changed":false},"product_brand":[],"product_cat":[18076,43099],"product_tag":[43365],"class_list":{"0":"post-85565","1":"product","2":"type-product","3":"status-publish","4":"has-post-thumbnail","6":"product_cat-cddvd","7":"product_cat-palestras-cddvd","8":"product_tag-43365","9":"pa_autor-trigueirinho","10":"pa_codigo-da-serie-31985","11":"pa_codigo-de-barras-29998","12":"pa_codigo-externo-00230734porcd","13":"pa_data-de-edicao-24998","14":"pa_data-de-gravacao-29995","15":"pa_data-de-lancamento-24999","16":"pa_duracao-41min58s","17":"pa_idioma-de-destino-portugues","18":"pa_idioma-de-origem-portugues","19":"pa_lancamento-no","20":"pa_midia-cd","21":"pa_moac-43364","22":"pa_quantidade-de-saldo-33067","23":"pa_sequencial-da-serie-32643","24":"pa_tipo-de-traducao-nao-traduzido","26":"first","27":"outofstock","28":"product-type-simple"},"acf":[],"_links":{"self":[{"href":"https:\/\/www.irdin.org.br\/site\/wp-json\/wp\/v2\/product\/85565","targetHints":{"allow":["GET"]}}],"collection":[{"href":"https:\/\/www.irdin.org.br\/site\/wp-json\/wp\/v2\/product"}],"about":[{"href":"https:\/\/www.irdin.org.br\/site\/wp-json\/wp\/v2\/types\/product"}],"version-history":[{"count":1,"href":"https:\/\/www.irdin.org.br\/site\/wp-json\/wp\/v2\/product\/85565\/revisions"}],"predecessor-version":[{"id":109355,"href":"https:\/\/www.irdin.org.br\/site\/wp-json\/wp\/v2\/product\/85565\/revisions\/109355"}],"wp:featuredmedia":[{"embeddable":true,"href":"https:\/\/www.irdin.org.br\/site\/wp-json\/wp\/v2\/media\/37479"}],"wp:attachment":[{"href":"https:\/\/www.irdin.org.br\/site\/wp-json\/wp\/v2\/media?parent=85565"}],"wp:term":[{"taxonomy":"product_brand","embeddable":true,"href":"https:\/\/www.irdin.org.br\/site\/wp-json\/wp\/v2\/product_brand?post=85565"},{"taxonomy":"product_cat","embeddable":true,"href":"https:\/\/www.irdin.org.br\/site\/wp-json\/wp\/v2\/product_cat?post=85565"},{"taxonomy":"product_tag","embeddable":true,"href":"https:\/\/www.irdin.org.br\/site\/wp-json\/wp\/v2\/product_tag?post=85565"}],"curies":[{"name":"wp","href":"https:\/\/api.w.org\/{rel}","templated":true}]}}