{"id":85566,"date":"2018-07-06T18:57:34","date_gmt":"2018-07-06T18:57:34","guid":{"rendered":"http:\/\/www.irdin.org.br\/site\/produto\/conversas-com-trigueirinho-no-735\/"},"modified":"2024-09-09T03:13:34","modified_gmt":"2024-09-09T03:13:34","slug":"conversas-com-trigueirinho-no-735","status":"publish","type":"product","link":"https:\/\/www.irdin.org.br\/site\/produtos\/conversas-com-trigueirinho-no-735\/","title":{"rendered":"Conversas com Trigueirinho n\u00ba 735"},"content":{"rendered":"<p>For\u00e7as involutivas e o governo do planeta \/ Contato com seres vegetais \/ Medita\u00e7\u00e3o e ambi\u00e7\u00e3o espiritual \/ Cabelo \/ Alma do suicida \/ Sonhos e cura \/ Vida mon\u00e1stica fora do monast\u00e9rio \/ Instru\u00e7\u00f5es de Visnuk \/ Fun\u00e7\u00f5es de Celea \/ Trabalho operativo \/ Papel dos monges \/ Pai Nosso em aramaico \/ Viv\u00eancia dos atributos do monast\u00e9rio<\/p>\n<p>&nbsp;<br \/>\n<strong>Ou\u00e7a agora:<\/strong><\/p>\n<p><span data-href=\"https:\/\/www.irdin.org.br\/site\/envios\/audios\/0023_0735__por_por__conversas_com_trigueirinho_n735.mp3\" data-title=\"Conversas com Trigueirinho n\u00ba 735\" data-rel=\"\" data-target=\"\" data-meta=\"#fap-meta-69e6665c9673b\" class=\"fap-single-track fap-track-button fap-play-button\" data-enqueue=\"no\" data-autoenqueue=\"no\" title=\"Conversas com Trigueirinho n\u00ba 735\"><span class=\"fap-icon-play\"><\/span>Ouvir<\/span> <a href='https:\/\/www.irdin.org.br\/site\/envios\/audios\/0023_0735__por_por__conversas_com_trigueirinho_n735.mp3' class='baixar' download><span class='fa fa-arrow-down'><\/span>Baixar<\/span><\/a> <span class='textobaixar'> Conversas com Trigueirinho n\u00ba 735<\/span><\/p>\n","protected":false},"excerpt":{"rendered":"<p>For\u00e7as involutivas e o governo do planeta \/ Contato com seres vegetais \/ Medita\u00e7\u00e3o e ambi\u00e7\u00e3o espiritual \/ Cabelo \/<\/p>\n","protected":false},"featured_media":37479,"template":"","meta":{"_acf_changed":false},"product_brand":[],"product_cat":[18076,43099],"product_tag":[43367],"class_list":{"0":"post-85566","1":"product","2":"type-product","3":"status-publish","4":"has-post-thumbnail","6":"product_cat-cddvd","7":"product_cat-palestras-cddvd","8":"product_tag-43367","9":"pa_autor-trigueirinho","10":"pa_codigo-da-serie-31985","11":"pa_codigo-de-barras-30003","12":"pa_codigo-externo-00230735porcd","13":"pa_data-de-edicao-24996","14":"pa_data-de-gravacao-29999","15":"pa_data-de-lancamento-24997","16":"pa_duracao-53min33s","17":"pa_idioma-de-destino-portugues","18":"pa_idioma-de-origem-portugues","19":"pa_lancamento-no","20":"pa_midia-cd","21":"pa_moac-43366","22":"pa_quantidade-de-saldo-33067","23":"pa_sequencial-da-serie-32645","24":"pa_tipo-de-traducao-nao-traduzido","26":"first","27":"outofstock","28":"product-type-simple"},"acf":[],"_links":{"self":[{"href":"https:\/\/www.irdin.org.br\/site\/wp-json\/wp\/v2\/product\/85566","targetHints":{"allow":["GET"]}}],"collection":[{"href":"https:\/\/www.irdin.org.br\/site\/wp-json\/wp\/v2\/product"}],"about":[{"href":"https:\/\/www.irdin.org.br\/site\/wp-json\/wp\/v2\/types\/product"}],"version-history":[{"count":1,"href":"https:\/\/www.irdin.org.br\/site\/wp-json\/wp\/v2\/product\/85566\/revisions"}],"predecessor-version":[{"id":107068,"href":"https:\/\/www.irdin.org.br\/site\/wp-json\/wp\/v2\/product\/85566\/revisions\/107068"}],"wp:featuredmedia":[{"embeddable":true,"href":"https:\/\/www.irdin.org.br\/site\/wp-json\/wp\/v2\/media\/37479"}],"wp:attachment":[{"href":"https:\/\/www.irdin.org.br\/site\/wp-json\/wp\/v2\/media?parent=85566"}],"wp:term":[{"taxonomy":"product_brand","embeddable":true,"href":"https:\/\/www.irdin.org.br\/site\/wp-json\/wp\/v2\/product_brand?post=85566"},{"taxonomy":"product_cat","embeddable":true,"href":"https:\/\/www.irdin.org.br\/site\/wp-json\/wp\/v2\/product_cat?post=85566"},{"taxonomy":"product_tag","embeddable":true,"href":"https:\/\/www.irdin.org.br\/site\/wp-json\/wp\/v2\/product_tag?post=85566"}],"curies":[{"name":"wp","href":"https:\/\/api.w.org\/{rel}","templated":true}]}}