{"id":85568,"date":"2018-07-06T18:57:34","date_gmt":"2018-07-06T18:57:34","guid":{"rendered":"http:\/\/www.irdin.org.br\/site\/produto\/conversas-com-trigueirinho-no-737\/"},"modified":"2024-09-09T03:13:59","modified_gmt":"2024-09-09T03:13:59","slug":"conversas-com-trigueirinho-no-737","status":"publish","type":"product","link":"https:\/\/www.irdin.org.br\/site\/produtos\/conversas-com-trigueirinho-no-737\/","title":{"rendered":"Conversas com Trigueirinho n\u00ba 737"},"content":{"rendered":"<p>Prote\u00e7\u00e3o do Cosmos \/ Crian\u00e7as e psic\u00f3logos \/ Aproxima\u00e7\u00e3o \u00e0 Lei Mon\u00e1stica \/ Monges e vestu\u00e1rios \/ Centros nervosos \/ Atributos da M\u00e3e Universal \/ Tr\u00eas formas de amor<\/p>\n<p>&nbsp;<br \/>\n<strong>Ou\u00e7a agora:<\/strong><\/p>\n<p><span data-href=\"https:\/\/www.irdin.org.br\/site\/envios\/audios\/0023_0737__por_por__conversas_com_trigueirinho_n737.mp3\" data-title=\"Conversas com Trigueirinho n\u00ba 737\" data-rel=\"\" data-target=\"\" data-meta=\"#fap-meta-69e66637d8371\" class=\"fap-single-track fap-track-button fap-play-button\" data-enqueue=\"no\" data-autoenqueue=\"no\" title=\"Conversas com Trigueirinho n\u00ba 737\"><span class=\"fap-icon-play\"><\/span>Ouvir<\/span> <a href='https:\/\/www.irdin.org.br\/site\/envios\/audios\/0023_0737__por_por__conversas_com_trigueirinho_n737.mp3' class='baixar' download><span class='fa fa-arrow-down'><\/span>Baixar<\/span><\/a> <span class='textobaixar'> Conversas com Trigueirinho n\u00ba 737<\/span><\/p>\n","protected":false},"excerpt":{"rendered":"<p>Prote\u00e7\u00e3o do Cosmos \/ Crian\u00e7as e psic\u00f3logos \/ Aproxima\u00e7\u00e3o \u00e0 Lei Mon\u00e1stica \/ Monges e vestu\u00e1rios \/ Centros nervosos \/<\/p>\n","protected":false},"featured_media":37479,"template":"","meta":{"_acf_changed":false},"product_brand":[],"product_cat":[18076,43099],"product_tag":[43371],"class_list":{"0":"post-85568","1":"product","2":"type-product","3":"status-publish","4":"has-post-thumbnail","6":"product_cat-cddvd","7":"product_cat-palestras-cddvd","8":"product_tag-43371","9":"pa_autor-trigueirinho","10":"pa_codigo-da-serie-31985","11":"pa_codigo-de-barras-30012","12":"pa_codigo-externo-00230737porcd","13":"pa_data-de-edicao-24996","14":"pa_data-de-gravacao-30008","15":"pa_data-de-lancamento-24997","16":"pa_duracao-39min43s","17":"pa_idioma-de-destino-portugues","18":"pa_idioma-de-origem-portugues","19":"pa_lancamento-no","20":"pa_midia-cd","21":"pa_moac-43370","22":"pa_quantidade-de-saldo-33067","23":"pa_sequencial-da-serie-32649","24":"pa_tipo-de-traducao-nao-traduzido","26":"first","27":"outofstock","28":"product-type-simple"},"acf":[],"_links":{"self":[{"href":"https:\/\/www.irdin.org.br\/site\/wp-json\/wp\/v2\/product\/85568","targetHints":{"allow":["GET"]}}],"collection":[{"href":"https:\/\/www.irdin.org.br\/site\/wp-json\/wp\/v2\/product"}],"about":[{"href":"https:\/\/www.irdin.org.br\/site\/wp-json\/wp\/v2\/types\/product"}],"version-history":[{"count":1,"href":"https:\/\/www.irdin.org.br\/site\/wp-json\/wp\/v2\/product\/85568\/revisions"}],"predecessor-version":[{"id":107070,"href":"https:\/\/www.irdin.org.br\/site\/wp-json\/wp\/v2\/product\/85568\/revisions\/107070"}],"wp:featuredmedia":[{"embeddable":true,"href":"https:\/\/www.irdin.org.br\/site\/wp-json\/wp\/v2\/media\/37479"}],"wp:attachment":[{"href":"https:\/\/www.irdin.org.br\/site\/wp-json\/wp\/v2\/media?parent=85568"}],"wp:term":[{"taxonomy":"product_brand","embeddable":true,"href":"https:\/\/www.irdin.org.br\/site\/wp-json\/wp\/v2\/product_brand?post=85568"},{"taxonomy":"product_cat","embeddable":true,"href":"https:\/\/www.irdin.org.br\/site\/wp-json\/wp\/v2\/product_cat?post=85568"},{"taxonomy":"product_tag","embeddable":true,"href":"https:\/\/www.irdin.org.br\/site\/wp-json\/wp\/v2\/product_tag?post=85568"}],"curies":[{"name":"wp","href":"https:\/\/api.w.org\/{rel}","templated":true}]}}