{"id":85571,"date":"2011-09-12T00:00:00","date_gmt":"2011-09-12T00:00:00","guid":{"rendered":"http:\/\/www.irdin.org.br\/site\/produto\/conversas-com-trigueirinho-no-740\/"},"modified":"2024-09-27T14:41:37","modified_gmt":"2024-09-27T14:41:37","slug":"conversas-com-trigueirinho-no-740","status":"publish","type":"product","link":"https:\/\/www.irdin.org.br\/site\/produtos\/conversas-com-trigueirinho-no-740\/","title":{"rendered":"Conversas com Trigueirinho n\u00ba 740"},"content":{"rendered":"<p>Caminho mon\u00e1stico e obst\u00e1culos \/ Confirma\u00e7\u00e3o e discernimento \/ Acidente no p\u00e9 e tornozelo \/ Sucesso alheio \/ Frase de Santa Teresa de \u00c1vila\/ Fam\u00edlias c\u00e1rmicas e fam\u00edlias espirituais \/ Sonho com carreta \/ Antuak e os seres contato \/ O perigo do orgulho<\/p>\n<p>&nbsp;<br \/>\n<strong>Ou\u00e7a agora:<\/strong><\/p>\n<p><span data-href=\"https:\/\/www.irdin.org.br\/site\/envios\/audios\/0023_0740__por_por__conversas_com_trigueirinho_n740.mp3\" data-title=\"Conversas com Trigueirinho n\u00ba 740\" data-rel=\"\" data-target=\"\" data-meta=\"#fap-meta-69e2f42d09df5\" class=\"fap-single-track fap-track-button fap-play-button\" data-enqueue=\"no\" data-autoenqueue=\"no\" title=\"Conversas com Trigueirinho n\u00ba 740\"><span class=\"fap-icon-play\"><\/span>Ouvir<\/span> <a href='https:\/\/www.irdin.org.br\/site\/envios\/audios\/0023_0740__por_por__conversas_com_trigueirinho_n740.mp3' class='baixar' download><span class='fa fa-arrow-down'><\/span>Baixar<\/span><\/a> <span class='textobaixar'> Conversas com Trigueirinho n\u00ba 740<\/span><\/p>\n","protected":false},"excerpt":{"rendered":"<p>Caminho mon\u00e1stico e obst\u00e1culos \/ Confirma\u00e7\u00e3o e discernimento \/ Acidente no p\u00e9 e tornozelo \/ Sucesso alheio \/ Frase de<\/p>\n","protected":false},"featured_media":37479,"template":"","meta":{"_acf_changed":false},"product_brand":[],"product_cat":[18076,43099],"product_tag":[43378],"class_list":{"0":"post-85571","1":"product","2":"type-product","3":"status-publish","4":"has-post-thumbnail","6":"product_cat-cddvd","7":"product_cat-palestras-cddvd","8":"product_tag-43378","9":"pa_autor-trigueirinho","10":"pa_codigo-da-serie-31985","11":"pa_codigo-de-barras-30026","12":"pa_codigo-externo-00230740porcd","13":"pa_data-de-edicao-43377","14":"pa_data-de-gravacao-30023","15":"pa_data-de-lancamento-22587","16":"pa_duracao-37min21s","17":"pa_idioma-de-destino-portugues","18":"pa_idioma-de-origem-portugues","19":"pa_lancamento-no","20":"pa_midia-cd","21":"pa_moac-43376","22":"pa_quantidade-de-saldo-33067","23":"pa_sequencial-da-serie-32655","24":"pa_tipo-de-traducao-nao-traduzido","26":"first","27":"outofstock","28":"product-type-simple"},"acf":[],"_links":{"self":[{"href":"https:\/\/www.irdin.org.br\/site\/wp-json\/wp\/v2\/product\/85571","targetHints":{"allow":["GET"]}}],"collection":[{"href":"https:\/\/www.irdin.org.br\/site\/wp-json\/wp\/v2\/product"}],"about":[{"href":"https:\/\/www.irdin.org.br\/site\/wp-json\/wp\/v2\/types\/product"}],"version-history":[{"count":1,"href":"https:\/\/www.irdin.org.br\/site\/wp-json\/wp\/v2\/product\/85571\/revisions"}],"predecessor-version":[{"id":107755,"href":"https:\/\/www.irdin.org.br\/site\/wp-json\/wp\/v2\/product\/85571\/revisions\/107755"}],"wp:featuredmedia":[{"embeddable":true,"href":"https:\/\/www.irdin.org.br\/site\/wp-json\/wp\/v2\/media\/37479"}],"wp:attachment":[{"href":"https:\/\/www.irdin.org.br\/site\/wp-json\/wp\/v2\/media?parent=85571"}],"wp:term":[{"taxonomy":"product_brand","embeddable":true,"href":"https:\/\/www.irdin.org.br\/site\/wp-json\/wp\/v2\/product_brand?post=85571"},{"taxonomy":"product_cat","embeddable":true,"href":"https:\/\/www.irdin.org.br\/site\/wp-json\/wp\/v2\/product_cat?post=85571"},{"taxonomy":"product_tag","embeddable":true,"href":"https:\/\/www.irdin.org.br\/site\/wp-json\/wp\/v2\/product_tag?post=85571"}],"curies":[{"name":"wp","href":"https:\/\/api.w.org\/{rel}","templated":true}]}}