{"id":85573,"date":"2011-09-12T00:00:00","date_gmt":"2011-09-12T00:00:00","guid":{"rendered":"http:\/\/www.irdin.org.br\/site\/produto\/conversas-com-trigueirinho-no-742\/"},"modified":"2024-09-27T14:41:46","modified_gmt":"2024-09-27T14:41:46","slug":"conversas-com-trigueirinho-no-742","status":"publish","type":"product","link":"https:\/\/www.irdin.org.br\/site\/produtos\/conversas-com-trigueirinho-no-742\/","title":{"rendered":"Conversas com Trigueirinho n\u00ba 742"},"content":{"rendered":"<p>Uni\u00e3o nos grupos espirituais \/ Grupo est\u00e1vel em Figueira \/ Cargas negativas passadas \/ Amor fraterno \/ Forma\u00e7\u00e3o de curadores \/ S\u00edntese e ecumenismo na Ordem Gra\u00e7a Miseric\u00f3rdia \/ Mantra para eleva\u00e7\u00e3o \/ Os n\u00f3s dos cord\u00f5es dos monges \/ Mortifica\u00e7\u00e3o, sacrif\u00edcio e servi\u00e7o \/ Durante a transi\u00e7\u00e3o planet\u00e1ria<\/p>\n<p>&nbsp;<br \/>\n<strong>Ou\u00e7a agora:<\/strong><\/p>\n<p><span data-href=\"https:\/\/www.irdin.org.br\/site\/envios\/audios\/0023_0742__por_por__conversas_com_trigueirinho_n742.mp3\" data-title=\"Conversas com Trigueirinho n\u00ba 742\" data-rel=\"\" data-target=\"\" data-meta=\"#fap-meta-69e30a7e80e0c\" class=\"fap-single-track fap-track-button fap-play-button\" data-enqueue=\"no\" data-autoenqueue=\"no\" title=\"Conversas com Trigueirinho n\u00ba 742\"><span class=\"fap-icon-play\"><\/span>Ouvir<\/span> <a href='https:\/\/www.irdin.org.br\/site\/envios\/audios\/0023_0742__por_por__conversas_com_trigueirinho_n742.mp3' class='baixar' download><span class='fa fa-arrow-down'><\/span>Baixar<\/span><\/a> <span class='textobaixar'> Conversas com Trigueirinho n\u00ba 742<\/span><\/p>\n","protected":false},"excerpt":{"rendered":"<p>Uni\u00e3o nos grupos espirituais \/ Grupo est\u00e1vel em Figueira \/ Cargas negativas passadas \/ Amor fraterno \/ Forma\u00e7\u00e3o de curadores<\/p>\n","protected":false},"featured_media":37479,"template":"","meta":{"_acf_changed":false},"product_brand":[],"product_cat":[18076,43099],"product_tag":[43383],"class_list":{"0":"post-85573","1":"product","2":"type-product","3":"status-publish","4":"has-post-thumbnail","6":"product_cat-cddvd","7":"product_cat-palestras-cddvd","8":"product_tag-43383","9":"pa_autor-trigueirinho","10":"pa_codigo-da-serie-31985","11":"pa_codigo-de-barras-30035","12":"pa_codigo-externo-00230742porcd","13":"pa_data-de-edicao-43377","14":"pa_data-de-gravacao-30031","15":"pa_data-de-lancamento-22587","16":"pa_duracao-43min31s","17":"pa_idioma-de-destino-portugues","18":"pa_idioma-de-origem-portugues","19":"pa_lancamento-no","20":"pa_midia-cd","21":"pa_moac-43382","22":"pa_quantidade-de-saldo-33067","23":"pa_sequencial-da-serie-32659","24":"pa_tipo-de-traducao-nao-traduzido","26":"first","27":"outofstock","28":"product-type-simple"},"acf":[],"_links":{"self":[{"href":"https:\/\/www.irdin.org.br\/site\/wp-json\/wp\/v2\/product\/85573","targetHints":{"allow":["GET"]}}],"collection":[{"href":"https:\/\/www.irdin.org.br\/site\/wp-json\/wp\/v2\/product"}],"about":[{"href":"https:\/\/www.irdin.org.br\/site\/wp-json\/wp\/v2\/types\/product"}],"version-history":[{"count":1,"href":"https:\/\/www.irdin.org.br\/site\/wp-json\/wp\/v2\/product\/85573\/revisions"}],"predecessor-version":[{"id":107756,"href":"https:\/\/www.irdin.org.br\/site\/wp-json\/wp\/v2\/product\/85573\/revisions\/107756"}],"wp:featuredmedia":[{"embeddable":true,"href":"https:\/\/www.irdin.org.br\/site\/wp-json\/wp\/v2\/media\/37479"}],"wp:attachment":[{"href":"https:\/\/www.irdin.org.br\/site\/wp-json\/wp\/v2\/media?parent=85573"}],"wp:term":[{"taxonomy":"product_brand","embeddable":true,"href":"https:\/\/www.irdin.org.br\/site\/wp-json\/wp\/v2\/product_brand?post=85573"},{"taxonomy":"product_cat","embeddable":true,"href":"https:\/\/www.irdin.org.br\/site\/wp-json\/wp\/v2\/product_cat?post=85573"},{"taxonomy":"product_tag","embeddable":true,"href":"https:\/\/www.irdin.org.br\/site\/wp-json\/wp\/v2\/product_tag?post=85573"}],"curies":[{"name":"wp","href":"https:\/\/api.w.org\/{rel}","templated":true}]}}