{"id":85576,"date":"2018-07-06T18:57:58","date_gmt":"2018-07-06T18:57:58","guid":{"rendered":"http:\/\/www.irdin.org.br\/site\/produto\/conversas-com-trigueirinho-no-745\/"},"modified":"2024-09-09T03:08:12","modified_gmt":"2024-09-09T03:08:12","slug":"conversas-com-trigueirinho-no-745","status":"publish","type":"product","link":"https:\/\/www.irdin.org.br\/site\/produtos\/conversas-com-trigueirinho-no-745\/","title":{"rendered":"Conversas com Trigueirinho n\u00ba 745"},"content":{"rendered":"<p>Reinos da Natureza e portas para outras dimens\u00f5es \/ Persist\u00eancia \/ Manifesta\u00e7\u00f5es da M\u00e3e Divina \/ Instrutores e seus nomes \/ Um \u00fanico Deus \/ Arder sem produzir cinzas \/ Tarefas planet\u00e1rias e os grupos espirituais<\/p>\n<p>&nbsp;<br \/>\n<strong>Ou\u00e7a agora:<\/strong><\/p>\n<p><span data-href=\"https:\/\/www.irdin.org.br\/site\/envios\/audios\/0023_0745__por_por__conversas_com_trigueirinho_n745.mp3\" data-title=\"Conversas com Trigueirinho n\u00ba 745\" data-rel=\"\" data-target=\"\" data-meta=\"#fap-meta-69e6928114d16\" class=\"fap-single-track fap-track-button fap-play-button\" data-enqueue=\"no\" data-autoenqueue=\"no\" title=\"Conversas com Trigueirinho n\u00ba 745\"><span class=\"fap-icon-play\"><\/span>Ouvir<\/span> <a href='https:\/\/www.irdin.org.br\/site\/envios\/audios\/0023_0745__por_por__conversas_com_trigueirinho_n745.mp3' class='baixar' download><span class='fa fa-arrow-down'><\/span>Baixar<\/span><\/a> <span class='textobaixar'> Conversas com Trigueirinho n\u00ba 745<\/span><\/p>\n","protected":false},"excerpt":{"rendered":"<p>Reinos da Natureza e portas para outras dimens\u00f5es \/ Persist\u00eancia \/ Manifesta\u00e7\u00f5es da M\u00e3e Divina \/ Instrutores e seus nomes<\/p>\n","protected":false},"featured_media":37479,"template":"","meta":{"_acf_changed":false},"product_brand":[],"product_cat":[18076,43099],"product_tag":[43390],"class_list":{"0":"post-85576","1":"product","2":"type-product","3":"status-publish","4":"has-post-thumbnail","6":"product_cat-cddvd","7":"product_cat-palestras-cddvd","8":"product_tag-43390","9":"pa_autor-trigueirinho","10":"pa_codigo-da-serie-31985","11":"pa_codigo-de-barras-30049","12":"pa_codigo-externo-00230745porcd","13":"pa_data-de-edicao-25000","14":"pa_data-de-gravacao-30045","15":"pa_data-de-lancamento-43389","16":"pa_duracao-50min46s","17":"pa_idioma-de-destino-portugues","18":"pa_idioma-de-origem-portugues","19":"pa_lancamento-no","20":"pa_midia-cd","21":"pa_moac-43388","22":"pa_quantidade-de-saldo-33067","23":"pa_sequencial-da-serie-32665","24":"pa_tipo-de-traducao-nao-traduzido","26":"first","27":"outofstock","28":"product-type-simple"},"acf":[],"_links":{"self":[{"href":"https:\/\/www.irdin.org.br\/site\/wp-json\/wp\/v2\/product\/85576","targetHints":{"allow":["GET"]}}],"collection":[{"href":"https:\/\/www.irdin.org.br\/site\/wp-json\/wp\/v2\/product"}],"about":[{"href":"https:\/\/www.irdin.org.br\/site\/wp-json\/wp\/v2\/types\/product"}],"version-history":[{"count":1,"href":"https:\/\/www.irdin.org.br\/site\/wp-json\/wp\/v2\/product\/85576\/revisions"}],"predecessor-version":[{"id":107048,"href":"https:\/\/www.irdin.org.br\/site\/wp-json\/wp\/v2\/product\/85576\/revisions\/107048"}],"wp:featuredmedia":[{"embeddable":true,"href":"https:\/\/www.irdin.org.br\/site\/wp-json\/wp\/v2\/media\/37479"}],"wp:attachment":[{"href":"https:\/\/www.irdin.org.br\/site\/wp-json\/wp\/v2\/media?parent=85576"}],"wp:term":[{"taxonomy":"product_brand","embeddable":true,"href":"https:\/\/www.irdin.org.br\/site\/wp-json\/wp\/v2\/product_brand?post=85576"},{"taxonomy":"product_cat","embeddable":true,"href":"https:\/\/www.irdin.org.br\/site\/wp-json\/wp\/v2\/product_cat?post=85576"},{"taxonomy":"product_tag","embeddable":true,"href":"https:\/\/www.irdin.org.br\/site\/wp-json\/wp\/v2\/product_tag?post=85576"}],"curies":[{"name":"wp","href":"https:\/\/api.w.org\/{rel}","templated":true}]}}