{"id":85580,"date":"2018-07-06T18:57:58","date_gmt":"2018-07-06T18:57:58","guid":{"rendered":"http:\/\/www.irdin.org.br\/site\/produto\/conversas-com-trigueirinho-no-749\/"},"modified":"2024-09-09T03:08:53","modified_gmt":"2024-09-09T03:08:53","slug":"conversas-com-trigueirinho-no-749","status":"publish","type":"product","link":"https:\/\/www.irdin.org.br\/site\/produtos\/conversas-com-trigueirinho-no-749\/","title":{"rendered":"Conversas com Trigueirinho n\u00ba 749"},"content":{"rendered":"<p>O povo ess\u00eanio \/ Digno filho de Deus \/ Sonho com c\u00e3es em Figueira \/ Colaborar com o Plano \/ Febre em crian\u00e7as \/ Socorro nos momentos de caos \/ Que \u00e9 o c\u00e2ncer? \/ Aborto natural \/ Tens\u00e3o no cora\u00e7\u00e3o \/ O mal \/ Homeopatia e sexualidade \/ Cabelos e vibra\u00e7\u00f5es \/ Ataque sutil de for\u00e7as involutivas \/ Comunicado de Murielh<\/p>\n<p>&nbsp;<br \/>\n<strong>Ou\u00e7a agora:<\/strong><\/p>\n<p><span data-href=\"https:\/\/www.irdin.org.br\/site\/envios\/audios\/0023_0749__por_por__conversas_com_trigueirinho_n749.mp3\" data-title=\"Conversas com Trigueirinho n\u00ba 749\" data-rel=\"\" data-target=\"\" data-meta=\"#fap-meta-69f1c998069a1\" class=\"fap-single-track fap-track-button fap-play-button\" data-enqueue=\"no\" data-autoenqueue=\"no\" title=\"Conversas com Trigueirinho n\u00ba 749\"><span class=\"fap-icon-play\"><\/span>Ouvir<\/span> <a href='https:\/\/www.irdin.org.br\/site\/envios\/audios\/0023_0749__por_por__conversas_com_trigueirinho_n749.mp3' class='baixar' download><span class='fa fa-arrow-down'><\/span>Baixar<\/span><\/a> <span class='textobaixar'> Conversas com Trigueirinho n\u00ba 749<\/span><\/p>\n","protected":false},"excerpt":{"rendered":"<p>O povo ess\u00eanio \/ Digno filho de Deus \/ Sonho com c\u00e3es em Figueira \/ Colaborar com o Plano \/<\/p>\n","protected":false},"featured_media":37479,"template":"","meta":{"_acf_changed":false},"product_brand":[],"product_cat":[18076,43099],"product_tag":[43398],"class_list":{"0":"post-85580","1":"product","2":"type-product","3":"status-publish","4":"has-post-thumbnail","6":"product_cat-cddvd","7":"product_cat-palestras-cddvd","8":"product_tag-43398","9":"pa_autor-trigueirinho","10":"pa_codigo-da-serie-31985","11":"pa_codigo-de-barras-30068","12":"pa_codigo-externo-00230749porcd","13":"pa_data-de-edicao-25000","14":"pa_data-de-gravacao-30064","15":"pa_data-de-lancamento-43389","16":"pa_duracao-57min14s","17":"pa_idioma-de-destino-portugues","18":"pa_idioma-de-origem-portugues","19":"pa_lancamento-no","20":"pa_midia-cd","21":"pa_moac-43397","22":"pa_quantidade-de-saldo-33067","23":"pa_sequencial-da-serie-32671","24":"pa_tipo-de-traducao-nao-traduzido","26":"first","27":"outofstock","28":"product-type-simple"},"acf":[],"_links":{"self":[{"href":"https:\/\/www.irdin.org.br\/site\/wp-json\/wp\/v2\/product\/85580","targetHints":{"allow":["GET"]}}],"collection":[{"href":"https:\/\/www.irdin.org.br\/site\/wp-json\/wp\/v2\/product"}],"about":[{"href":"https:\/\/www.irdin.org.br\/site\/wp-json\/wp\/v2\/types\/product"}],"version-history":[{"count":1,"href":"https:\/\/www.irdin.org.br\/site\/wp-json\/wp\/v2\/product\/85580\/revisions"}],"predecessor-version":[{"id":107051,"href":"https:\/\/www.irdin.org.br\/site\/wp-json\/wp\/v2\/product\/85580\/revisions\/107051"}],"wp:featuredmedia":[{"embeddable":true,"href":"https:\/\/www.irdin.org.br\/site\/wp-json\/wp\/v2\/media\/37479"}],"wp:attachment":[{"href":"https:\/\/www.irdin.org.br\/site\/wp-json\/wp\/v2\/media?parent=85580"}],"wp:term":[{"taxonomy":"product_brand","embeddable":true,"href":"https:\/\/www.irdin.org.br\/site\/wp-json\/wp\/v2\/product_brand?post=85580"},{"taxonomy":"product_cat","embeddable":true,"href":"https:\/\/www.irdin.org.br\/site\/wp-json\/wp\/v2\/product_cat?post=85580"},{"taxonomy":"product_tag","embeddable":true,"href":"https:\/\/www.irdin.org.br\/site\/wp-json\/wp\/v2\/product_tag?post=85580"}],"curies":[{"name":"wp","href":"https:\/\/api.w.org\/{rel}","templated":true}]}}