{"id":85587,"date":"2012-05-01T00:00:00","date_gmt":"2012-05-01T00:00:00","guid":{"rendered":"http:\/\/www.irdin.org.br\/site\/produto\/conversas-com-trigueirinho-no-756\/"},"modified":"2024-09-27T14:38:11","modified_gmt":"2024-09-27T14:38:11","slug":"conversas-com-trigueirinho-no-756","status":"publish","type":"product","link":"https:\/\/www.irdin.org.br\/site\/produtos\/conversas-com-trigueirinho-no-756\/","title":{"rendered":"Conversas com Trigueirinho n\u00ba 756"},"content":{"rendered":"<p>Sonhos premonitores \/ Implantes \/ Ora\u00e7\u00e3o e servi\u00e7o \/ Orgulho \/ Eucaliptos em F2 \/ Eu superior e anjo da guarda \/ Sentir-se exclu\u00eddo \/ Seres pleiadeanos \/ Alma, esp\u00edrito e m\u00f4nada \/ Depress\u00e3o e aborto \/ Vida ap\u00f3s a morte \/ N\u00edveis de evolu\u00e7\u00e3o \/ Perdas \/ Radiestesia \/ Contatos e naves \/ Transmuta\u00e7\u00e3o hoje \/ Consci\u00eancia cr\u00edstica \/ Artes<\/p>\n<p>&nbsp;<br \/>\n<strong>Ou\u00e7a agora:<\/strong><\/p>\n<p><span data-href=\"https:\/\/www.irdin.org.br\/site\/envios\/audios\/0023_0756__por_por__conversas_com_trigueirinho_n756.mp3\" data-title=\"Conversas com Trigueirinho n\u00ba 756\" data-rel=\"\" data-target=\"\" data-meta=\"#fap-meta-69e2e842d0262\" class=\"fap-single-track fap-track-button fap-play-button\" data-enqueue=\"no\" data-autoenqueue=\"no\" title=\"Conversas com Trigueirinho n\u00ba 756\"><span class=\"fap-icon-play\"><\/span>Ouvir<\/span> <a href='https:\/\/www.irdin.org.br\/site\/envios\/audios\/0023_0756__por_por__conversas_com_trigueirinho_n756.mp3' class='baixar' download><span class='fa fa-arrow-down'><\/span>Baixar<\/span><\/a> <span class='textobaixar'> Conversas com Trigueirinho n\u00ba 756<\/span><\/p>\n","protected":false},"excerpt":{"rendered":"<p>Sonhos premonitores \/ Implantes \/ Ora\u00e7\u00e3o e servi\u00e7o \/ Orgulho \/ Eucaliptos em F2 \/ Eu superior e anjo da<\/p>\n","protected":false},"featured_media":37479,"template":"","meta":{"_acf_changed":false},"product_brand":[],"product_cat":[18076,43099],"product_tag":[43415],"class_list":{"0":"post-85587","1":"product","2":"type-product","3":"status-publish","4":"has-post-thumbnail","6":"product_cat-cddvd","7":"product_cat-palestras-cddvd","8":"product_tag-43415","9":"pa_autor-trigueirinho","10":"pa_codigo-da-serie-31985","11":"pa_codigo-de-barras-30100","12":"pa_codigo-externo-00230756porcd","13":"pa_data-de-edicao-21781","14":"pa_data-de-gravacao-19755","15":"pa_data-de-lancamento-25002","16":"pa_duracao-36min34s","17":"pa_idioma-de-destino-portugues","18":"pa_idioma-de-origem-portugues","19":"pa_lancamento-no","20":"pa_midia-cd","21":"pa_moac-43414","22":"pa_quantidade-de-saldo-33067","23":"pa_sequencial-da-serie-32678","24":"pa_tipo-de-traducao-nao-traduzido","26":"first","27":"outofstock","28":"product-type-simple"},"acf":[],"_links":{"self":[{"href":"https:\/\/www.irdin.org.br\/site\/wp-json\/wp\/v2\/product\/85587","targetHints":{"allow":["GET"]}}],"collection":[{"href":"https:\/\/www.irdin.org.br\/site\/wp-json\/wp\/v2\/product"}],"about":[{"href":"https:\/\/www.irdin.org.br\/site\/wp-json\/wp\/v2\/types\/product"}],"version-history":[{"count":1,"href":"https:\/\/www.irdin.org.br\/site\/wp-json\/wp\/v2\/product\/85587\/revisions"}],"predecessor-version":[{"id":107744,"href":"https:\/\/www.irdin.org.br\/site\/wp-json\/wp\/v2\/product\/85587\/revisions\/107744"}],"wp:featuredmedia":[{"embeddable":true,"href":"https:\/\/www.irdin.org.br\/site\/wp-json\/wp\/v2\/media\/37479"}],"wp:attachment":[{"href":"https:\/\/www.irdin.org.br\/site\/wp-json\/wp\/v2\/media?parent=85587"}],"wp:term":[{"taxonomy":"product_brand","embeddable":true,"href":"https:\/\/www.irdin.org.br\/site\/wp-json\/wp\/v2\/product_brand?post=85587"},{"taxonomy":"product_cat","embeddable":true,"href":"https:\/\/www.irdin.org.br\/site\/wp-json\/wp\/v2\/product_cat?post=85587"},{"taxonomy":"product_tag","embeddable":true,"href":"https:\/\/www.irdin.org.br\/site\/wp-json\/wp\/v2\/product_tag?post=85587"}],"curies":[{"name":"wp","href":"https:\/\/api.w.org\/{rel}","templated":true}]}}