{"id":85589,"date":"2018-07-06T18:57:58","date_gmt":"2018-07-06T18:57:58","guid":{"rendered":"http:\/\/www.irdin.org.br\/site\/produto\/conversas-com-trigueirinho-no-758\/"},"modified":"2019-12-18T18:35:27","modified_gmt":"2019-12-18T18:35:27","slug":"conversas-com-trigueirinho-no-758","status":"publish","type":"product","link":"https:\/\/www.irdin.org.br\/site\/produtos\/conversas-com-trigueirinho-no-758\/","title":{"rendered":"Conversas com Trigueirinho n\u00ba 758"},"content":{"rendered":"<p>Ren\u00fancia do livre arb\u00edtrio \/ Monast\u00e9rio na \u00e1rea de Miz Tli Tlan \/ Calor durante ora\u00e7\u00f5es \/ Hierarquias e grupos \/ Crema\u00e7\u00e3o ou sepultamento? \/ Conhecer, querer, ousar, calar \/ Vis\u00e3o durante ora\u00e7\u00e3o \/ Alimenta\u00e7\u00e3o e temperos \/ Despertar violento \/ Voto de austeridade \/ Psicologia esot\u00e9rica \/ Hierarquias e ora\u00e7\u00f5es \/ Praxis Vertebralis<\/p>\n<p>&nbsp;<br \/>\n<strong>Ou\u00e7a agora:<\/strong><\/p>\n<p><span data-href=\"https:\/\/www.irdin.org.br\/site\/envios\/audios\/0023_0758__por_por__conversas_com_trigueirinho_n758.mp3\" data-title=\"Conversas com Trigueirinho n\u00ba 758\" data-rel=\"\" data-target=\"\" data-meta=\"#fap-meta-6a05a2aeb23e5\" class=\"fap-single-track fap-track-button fap-play-button\" data-enqueue=\"no\" data-autoenqueue=\"no\" title=\"Conversas com Trigueirinho n\u00ba 758\"><span class=\"fap-icon-play\"><\/span>Ouvir<\/span> <a href='https:\/\/www.irdin.org.br\/site\/envios\/audios\/0023_0758__por_por__conversas_com_trigueirinho_n758.mp3' class='baixar'><span class='fa fa-arrow-down'><\/span>Baixar<\/span><\/a> <span class='textobaixar'> Conversas com Trigueirinho n\u00ba 758<\/span><\/p>\n","protected":false},"excerpt":{"rendered":"<p>Ren\u00fancia do livre arb\u00edtrio \/ Monast\u00e9rio na \u00e1rea de Miz Tli Tlan \/ Calor durante ora\u00e7\u00f5es \/ Hierarquias e grupos<\/p>\n","protected":false},"featured_media":37479,"template":"","meta":{"_acf_changed":false},"product_brand":[],"product_cat":[18076,43099],"product_tag":[43421],"class_list":{"0":"post-85589","1":"product","2":"type-product","3":"status-publish","4":"has-post-thumbnail","6":"product_cat-cddvd","7":"product_cat-palestras-cddvd","8":"product_tag-43421","9":"pa_autor-trigueirinho","10":"pa_codigo-da-serie-31985","11":"pa_codigo-de-barras-30109","12":"pa_codigo-externo-00230758porcd","13":"pa_data-de-edicao-43419","14":"pa_data-de-gravacao-30105","15":"pa_data-de-lancamento-43420","16":"pa_duracao-45min02s","17":"pa_idioma-de-destino-portugues","18":"pa_idioma-de-origem-portugues","19":"pa_lancamento-no","20":"pa_midia-cd","21":"pa_moac-43418","22":"pa_quantidade-de-saldo-33067","23":"pa_sequencial-da-serie-32680","24":"pa_tipo-de-traducao-nao-traduzido","26":"first","27":"outofstock","28":"product-type-simple"},"acf":[],"_links":{"self":[{"href":"https:\/\/www.irdin.org.br\/site\/wp-json\/wp\/v2\/product\/85589","targetHints":{"allow":["GET"]}}],"collection":[{"href":"https:\/\/www.irdin.org.br\/site\/wp-json\/wp\/v2\/product"}],"about":[{"href":"https:\/\/www.irdin.org.br\/site\/wp-json\/wp\/v2\/types\/product"}],"version-history":[{"count":1,"href":"https:\/\/www.irdin.org.br\/site\/wp-json\/wp\/v2\/product\/85589\/revisions"}],"predecessor-version":[{"id":86050,"href":"https:\/\/www.irdin.org.br\/site\/wp-json\/wp\/v2\/product\/85589\/revisions\/86050"}],"wp:featuredmedia":[{"embeddable":true,"href":"https:\/\/www.irdin.org.br\/site\/wp-json\/wp\/v2\/media\/37479"}],"wp:attachment":[{"href":"https:\/\/www.irdin.org.br\/site\/wp-json\/wp\/v2\/media?parent=85589"}],"wp:term":[{"taxonomy":"product_brand","embeddable":true,"href":"https:\/\/www.irdin.org.br\/site\/wp-json\/wp\/v2\/product_brand?post=85589"},{"taxonomy":"product_cat","embeddable":true,"href":"https:\/\/www.irdin.org.br\/site\/wp-json\/wp\/v2\/product_cat?post=85589"},{"taxonomy":"product_tag","embeddable":true,"href":"https:\/\/www.irdin.org.br\/site\/wp-json\/wp\/v2\/product_tag?post=85589"}],"curies":[{"name":"wp","href":"https:\/\/api.w.org\/{rel}","templated":true}]}}