{"id":85594,"date":"2012-10-02T00:00:00","date_gmt":"2012-10-02T00:00:00","guid":{"rendered":"http:\/\/www.irdin.org.br\/site\/produto\/conversas-com-trigueirinho-no-763\/"},"modified":"2024-09-27T14:37:04","modified_gmt":"2024-09-27T14:37:04","slug":"conversas-com-trigueirinho-no-763","status":"publish","type":"product","link":"https:\/\/www.irdin.org.br\/site\/produtos\/conversas-com-trigueirinho-no-763\/","title":{"rendered":"Conversas com Trigueirinho n\u00ba 763"},"content":{"rendered":"<p>Consci\u00eancia da transi\u00e7\u00e3o planet\u00e1ria \/ Import\u00e2ncia do servi\u00e7o aos Reinos \/ Elevar-se ao supramental \/ Avareza \/ Empenhar-se no contato mon\u00e1dico \/ A morte sob controle \/ Necessidade e vontade \/ Ora\u00e7\u00e3o ao Pai \/ Almejar uma profiss\u00e3o \/ Como vencer o ego\u00edsmo?<\/p>\n<p>&nbsp;<br \/>\n<strong>Ou\u00e7a agora:<\/strong><\/p>\n<p><span data-href=\"https:\/\/www.irdin.org.br\/site\/envios\/audios\/0023_0763__por_por__conversas_com_trigueirinho_n763.mp3\" data-title=\"Conversas com Trigueirinho n\u00ba 763\" data-rel=\"\" data-target=\"\" data-meta=\"#fap-meta-69e2ba1f700a6\" class=\"fap-single-track fap-track-button fap-play-button\" data-enqueue=\"no\" data-autoenqueue=\"no\" title=\"Conversas com Trigueirinho n\u00ba 763\"><span class=\"fap-icon-play\"><\/span>Ouvir<\/span> <a href='https:\/\/www.irdin.org.br\/site\/envios\/audios\/0023_0763__por_por__conversas_com_trigueirinho_n763.mp3' class='baixar' download><span class='fa fa-arrow-down'><\/span>Baixar<\/span><\/a> <span class='textobaixar'> Conversas com Trigueirinho n\u00ba 763<\/span><\/p>\n","protected":false},"excerpt":{"rendered":"<p>Consci\u00eancia da transi\u00e7\u00e3o planet\u00e1ria \/ Import\u00e2ncia do servi\u00e7o aos Reinos \/ Elevar-se ao supramental \/ Avareza \/ Empenhar-se no contato<\/p>\n","protected":false},"featured_media":37479,"template":"","meta":{"_acf_changed":false},"product_brand":[],"product_cat":[18076,43099],"product_tag":[43435],"class_list":{"0":"post-85594","1":"product","2":"type-product","3":"status-publish","4":"has-post-thumbnail","6":"product_cat-cddvd","7":"product_cat-palestras-cddvd","8":"product_tag-43435","9":"pa_autor-trigueirinho","10":"pa_codigo-da-serie-31985","11":"pa_codigo-de-barras-30134","12":"pa_codigo-externo-00230763porcd","13":"pa_data-de-edicao-43433","14":"pa_data-de-gravacao-30130","15":"pa_data-de-lancamento-43434","16":"pa_duracao-48min17s","17":"pa_idioma-de-destino-portugues","18":"pa_idioma-de-origem-portugues","19":"pa_lancamento-no","20":"pa_midia-cd","21":"pa_moac-43432","22":"pa_quantidade-de-saldo-33067","23":"pa_sequencial-da-serie-32685","24":"pa_tipo-de-traducao-nao-traduzido","26":"first","27":"outofstock","28":"product-type-simple"},"acf":[],"_links":{"self":[{"href":"https:\/\/www.irdin.org.br\/site\/wp-json\/wp\/v2\/product\/85594","targetHints":{"allow":["GET"]}}],"collection":[{"href":"https:\/\/www.irdin.org.br\/site\/wp-json\/wp\/v2\/product"}],"about":[{"href":"https:\/\/www.irdin.org.br\/site\/wp-json\/wp\/v2\/types\/product"}],"version-history":[{"count":1,"href":"https:\/\/www.irdin.org.br\/site\/wp-json\/wp\/v2\/product\/85594\/revisions"}],"predecessor-version":[{"id":107740,"href":"https:\/\/www.irdin.org.br\/site\/wp-json\/wp\/v2\/product\/85594\/revisions\/107740"}],"wp:featuredmedia":[{"embeddable":true,"href":"https:\/\/www.irdin.org.br\/site\/wp-json\/wp\/v2\/media\/37479"}],"wp:attachment":[{"href":"https:\/\/www.irdin.org.br\/site\/wp-json\/wp\/v2\/media?parent=85594"}],"wp:term":[{"taxonomy":"product_brand","embeddable":true,"href":"https:\/\/www.irdin.org.br\/site\/wp-json\/wp\/v2\/product_brand?post=85594"},{"taxonomy":"product_cat","embeddable":true,"href":"https:\/\/www.irdin.org.br\/site\/wp-json\/wp\/v2\/product_cat?post=85594"},{"taxonomy":"product_tag","embeddable":true,"href":"https:\/\/www.irdin.org.br\/site\/wp-json\/wp\/v2\/product_tag?post=85594"}],"curies":[{"name":"wp","href":"https:\/\/api.w.org\/{rel}","templated":true}]}}