{"id":85595,"date":"2018-07-06T18:58:24","date_gmt":"2018-07-06T18:58:24","guid":{"rendered":"http:\/\/www.irdin.org.br\/site\/produto\/conversas-com-trigueirinho-no-764\/"},"modified":"2024-09-09T03:06:16","modified_gmt":"2024-09-09T03:06:16","slug":"conversas-com-trigueirinho-no-764","status":"publish","type":"product","link":"https:\/\/www.irdin.org.br\/site\/produtos\/conversas-com-trigueirinho-no-764\/","title":{"rendered":"Conversas com Trigueirinho n\u00ba 764"},"content":{"rendered":"<p>Ora\u00e7\u00e3o e as almas que clamam \/ Rela\u00e7\u00e3o com o anjo guardi\u00e3o \/ Decidindo um aborto \/ Graus de cumprimento da vontade de Deus \/ Monast\u00e9rios e pontos estrat\u00e9gicos no planeta \/ Recolhimento das Hierarquias \/ Ora\u00e7\u00e3o cont\u00ednua e fogos superiores<\/p>\n<p>&nbsp;<br \/>\n<strong>Ou\u00e7a agora:<\/strong><\/p>\n<p><span data-href=\"https:\/\/www.irdin.org.br\/site\/envios\/audios\/0023_0764__por_por__conversas_com_trigueirinho_n764.mp3\" data-title=\"Conversas com Trigueirinho n\u00ba 764\" data-rel=\"\" data-target=\"\" data-meta=\"#fap-meta-6a058cc3f04f6\" class=\"fap-single-track fap-track-button fap-play-button\" data-enqueue=\"no\" data-autoenqueue=\"no\" title=\"Conversas com Trigueirinho n\u00ba 764\"><span class=\"fap-icon-play\"><\/span>Ouvir<\/span> <a href='https:\/\/www.irdin.org.br\/site\/envios\/audios\/0023_0764__por_por__conversas_com_trigueirinho_n764.mp3' class='baixar' download><span class='fa fa-arrow-down'><\/span>Baixar<\/span><\/a> <span class='textobaixar'> Conversas com Trigueirinho n\u00ba 764<\/span><\/p>\n","protected":false},"excerpt":{"rendered":"<p>Ora\u00e7\u00e3o e as almas que clamam \/ Rela\u00e7\u00e3o com o anjo guardi\u00e3o \/ Decidindo um aborto \/ Graus de cumprimento<\/p>\n","protected":false},"featured_media":37479,"template":"","meta":{"_acf_changed":false},"product_brand":[],"product_cat":[18076,43099],"product_tag":[43437],"class_list":{"0":"post-85595","1":"product","2":"type-product","3":"status-publish","4":"has-post-thumbnail","6":"product_cat-cddvd","7":"product_cat-palestras-cddvd","8":"product_tag-43437","9":"pa_autor-trigueirinho","10":"pa_codigo-da-serie-31985","11":"pa_codigo-de-barras-30138","12":"pa_codigo-externo-00230764porcd","13":"pa_data-de-edicao-24519","14":"pa_data-de-gravacao-27343","15":"pa_data-de-lancamento-25146","16":"pa_duracao-50min31s","17":"pa_idioma-de-destino-portugues","18":"pa_idioma-de-origem-portugues","19":"pa_lancamento-no","20":"pa_midia-cd","21":"pa_moac-43436","22":"pa_quantidade-de-saldo-33067","23":"pa_sequencial-da-serie-32687","24":"pa_tipo-de-traducao-nao-traduzido","26":"first","27":"outofstock","28":"product-type-simple"},"acf":[],"_links":{"self":[{"href":"https:\/\/www.irdin.org.br\/site\/wp-json\/wp\/v2\/product\/85595","targetHints":{"allow":["GET"]}}],"collection":[{"href":"https:\/\/www.irdin.org.br\/site\/wp-json\/wp\/v2\/product"}],"about":[{"href":"https:\/\/www.irdin.org.br\/site\/wp-json\/wp\/v2\/types\/product"}],"version-history":[{"count":1,"href":"https:\/\/www.irdin.org.br\/site\/wp-json\/wp\/v2\/product\/85595\/revisions"}],"predecessor-version":[{"id":107040,"href":"https:\/\/www.irdin.org.br\/site\/wp-json\/wp\/v2\/product\/85595\/revisions\/107040"}],"wp:featuredmedia":[{"embeddable":true,"href":"https:\/\/www.irdin.org.br\/site\/wp-json\/wp\/v2\/media\/37479"}],"wp:attachment":[{"href":"https:\/\/www.irdin.org.br\/site\/wp-json\/wp\/v2\/media?parent=85595"}],"wp:term":[{"taxonomy":"product_brand","embeddable":true,"href":"https:\/\/www.irdin.org.br\/site\/wp-json\/wp\/v2\/product_brand?post=85595"},{"taxonomy":"product_cat","embeddable":true,"href":"https:\/\/www.irdin.org.br\/site\/wp-json\/wp\/v2\/product_cat?post=85595"},{"taxonomy":"product_tag","embeddable":true,"href":"https:\/\/www.irdin.org.br\/site\/wp-json\/wp\/v2\/product_tag?post=85595"}],"curies":[{"name":"wp","href":"https:\/\/api.w.org\/{rel}","templated":true}]}}