{"id":85596,"date":"2018-07-06T18:58:24","date_gmt":"2018-07-06T18:58:24","guid":{"rendered":"http:\/\/www.irdin.org.br\/site\/produto\/conversas-com-trigueirinho-no-765\/"},"modified":"2024-09-09T03:06:28","modified_gmt":"2024-09-09T03:06:28","slug":"conversas-com-trigueirinho-no-765","status":"publish","type":"product","link":"https:\/\/www.irdin.org.br\/site\/produtos\/conversas-com-trigueirinho-no-765\/","title":{"rendered":"Conversas com Trigueirinho n\u00ba 765"},"content":{"rendered":"<p>Prop\u00f3sitos da Ordem Gra\u00e7a Miseric\u00f3rdia \/ Sobre a forma\u00e7\u00e3o de curadores \/ Sil\u00eancio ou mutismo? \/ H\u00e1bitos que se tornam v\u00edcios \/ Vis\u00e3o com portas em um monast\u00e9rio \/ Ora\u00e7\u00e3o permanente e o trabalho invis\u00edvel \/ Como estamos servindo?<\/p>\n<p>&nbsp;<br \/>\n<strong>Ou\u00e7a agora:<\/strong><\/p>\n<p><span data-href=\"https:\/\/www.irdin.org.br\/site\/envios\/audios\/0023_0765__por_por__conversas_com_trigueirinho_n765.mp3\" data-title=\"Conversas com Trigueirinho n\u00ba 765\" data-rel=\"\" data-target=\"\" data-meta=\"#fap-meta-6a058cc22aa25\" class=\"fap-single-track fap-track-button fap-play-button\" data-enqueue=\"no\" data-autoenqueue=\"no\" title=\"Conversas com Trigueirinho n\u00ba 765\"><span class=\"fap-icon-play\"><\/span>Ouvir<\/span> <a href='https:\/\/www.irdin.org.br\/site\/envios\/audios\/0023_0765__por_por__conversas_com_trigueirinho_n765.mp3' class='baixar' download><span class='fa fa-arrow-down'><\/span>Baixar<\/span><\/a> <span class='textobaixar'> Conversas com Trigueirinho n\u00ba 765<\/span><\/p>\n","protected":false},"excerpt":{"rendered":"<p>Prop\u00f3sitos da Ordem Gra\u00e7a Miseric\u00f3rdia \/ Sobre a forma\u00e7\u00e3o de curadores \/ Sil\u00eancio ou mutismo? \/ H\u00e1bitos que se tornam<\/p>\n","protected":false},"featured_media":37479,"template":"","meta":{"_acf_changed":false},"product_brand":[],"product_cat":[18076,43099],"product_tag":[43439],"class_list":{"0":"post-85596","1":"product","2":"type-product","3":"status-publish","4":"has-post-thumbnail","6":"product_cat-cddvd","7":"product_cat-palestras-cddvd","8":"product_tag-43439","9":"pa_autor-trigueirinho","10":"pa_codigo-da-serie-31985","11":"pa_codigo-de-barras-30143","12":"pa_codigo-externo-00230765porcd","13":"pa_data-de-edicao-24519","14":"pa_data-de-gravacao-30139","15":"pa_data-de-lancamento-25146","16":"pa_duracao-39m46s","17":"pa_idioma-de-destino-portugues","18":"pa_idioma-de-origem-portugues","19":"pa_lancamento-no","20":"pa_midia-cd","21":"pa_moac-43438","22":"pa_quantidade-de-saldo-33067","23":"pa_sequencial-da-serie-32688","24":"pa_tipo-de-traducao-nao-traduzido","26":"first","27":"outofstock","28":"product-type-simple"},"acf":[],"_links":{"self":[{"href":"https:\/\/www.irdin.org.br\/site\/wp-json\/wp\/v2\/product\/85596","targetHints":{"allow":["GET"]}}],"collection":[{"href":"https:\/\/www.irdin.org.br\/site\/wp-json\/wp\/v2\/product"}],"about":[{"href":"https:\/\/www.irdin.org.br\/site\/wp-json\/wp\/v2\/types\/product"}],"version-history":[{"count":1,"href":"https:\/\/www.irdin.org.br\/site\/wp-json\/wp\/v2\/product\/85596\/revisions"}],"predecessor-version":[{"id":107041,"href":"https:\/\/www.irdin.org.br\/site\/wp-json\/wp\/v2\/product\/85596\/revisions\/107041"}],"wp:featuredmedia":[{"embeddable":true,"href":"https:\/\/www.irdin.org.br\/site\/wp-json\/wp\/v2\/media\/37479"}],"wp:attachment":[{"href":"https:\/\/www.irdin.org.br\/site\/wp-json\/wp\/v2\/media?parent=85596"}],"wp:term":[{"taxonomy":"product_brand","embeddable":true,"href":"https:\/\/www.irdin.org.br\/site\/wp-json\/wp\/v2\/product_brand?post=85596"},{"taxonomy":"product_cat","embeddable":true,"href":"https:\/\/www.irdin.org.br\/site\/wp-json\/wp\/v2\/product_cat?post=85596"},{"taxonomy":"product_tag","embeddable":true,"href":"https:\/\/www.irdin.org.br\/site\/wp-json\/wp\/v2\/product_tag?post=85596"}],"curies":[{"name":"wp","href":"https:\/\/api.w.org\/{rel}","templated":true}]}}