{"id":85599,"date":"2012-03-05T00:00:00","date_gmt":"2012-03-05T00:00:00","guid":{"rendered":"http:\/\/www.irdin.org.br\/site\/produto\/conversas-com-trigueirnho-no-768\/"},"modified":"2024-09-27T14:40:46","modified_gmt":"2024-09-27T14:40:46","slug":"conversas-com-trigueirinho-no-768","status":"publish","type":"product","link":"https:\/\/www.irdin.org.br\/site\/produtos\/conversas-com-trigueirinho-no-768\/","title":{"rendered":"Conversas com Trigueirnho n\u00ba 768"},"content":{"rendered":"<p>A dire\u00e7\u00e3o de nossa evolu\u00e7\u00e3o \/ Resgate de crian\u00e7as \/ Pedir luz ao nosso interior \/ Audi\u00e7\u00e3o de partilhas \/ Relacionar-se como almas \/ A grande invoca\u00e7\u00e3o \/ Purifica\u00e7\u00e3o atrav\u00e9s da ora\u00e7\u00e3o \/ Amar incondicionalmente \/ Ren\u00fancia ao dia-a-dia \/ Ser c\u00f3smico e origem c\u00f3smica \/ Reposicionamento de Anu Tea<\/p>\n<p>&nbsp;<br \/>\n<strong>Ou\u00e7a agora:<\/strong><\/p>\n<p><span data-href=\"https:\/\/www.irdin.org.br\/site\/envios\/audios\/0023_0768__por_por__conversas_com_trigueirinho_n768.mp3\" data-title=\"Conversas com Trigueirinho n\u00ba 768\" data-rel=\"\" data-target=\"\" data-meta=\"#fap-meta-6a05a2aec364d\" class=\"fap-single-track fap-track-button fap-play-button\" data-enqueue=\"no\" data-autoenqueue=\"no\" title=\"Conversas com Trigueirinho n\u00ba 768\"><span class=\"fap-icon-play\"><\/span>Ouvir<\/span> <a href='https:\/\/www.irdin.org.br\/site\/envios\/audios\/0023_0768__por_por__conversas_com_trigueirinho_n768.mp3' class='baixar' download><span class='fa fa-arrow-down'><\/span>Baixar<\/span><\/a> <span class='textobaixar'> Conversas com Trigueirinho n\u00ba 768<\/span><\/p>\n","protected":false},"excerpt":{"rendered":"<p>A dire\u00e7\u00e3o de nossa evolu\u00e7\u00e3o \/ Resgate de crian\u00e7as \/ Pedir luz ao nosso interior \/ Audi\u00e7\u00e3o de partilhas \/<\/p>\n","protected":false},"featured_media":37479,"template":"","meta":{"_acf_changed":false},"product_brand":[],"product_cat":[18076,43099],"product_tag":[43447],"class_list":{"0":"post-85599","1":"product","2":"type-product","3":"status-publish","4":"has-post-thumbnail","6":"product_cat-cddvd","7":"product_cat-palestras-cddvd","8":"product_tag-43447","9":"pa_autor-trigueirinho","10":"pa_codigo-da-serie-31985","11":"pa_codigo-de-barras-30157","12":"pa_codigo-externo-00230768porcd","13":"pa_data-de-edicao-43445","14":"pa_data-de-gravacao-30153","15":"pa_data-de-lancamento-43446","16":"pa_duracao-45m29s","17":"pa_idioma-de-destino-portugues","18":"pa_idioma-de-origem-portugues","19":"pa_lancamento-no","20":"pa_midia-cd","21":"pa_moac-43444","22":"pa_quantidade-de-saldo-33067","23":"pa_sequencial-da-serie-32691","24":"pa_tipo-de-traducao-nao-traduzido","26":"first","27":"outofstock","28":"product-type-simple"},"acf":[],"_links":{"self":[{"href":"https:\/\/www.irdin.org.br\/site\/wp-json\/wp\/v2\/product\/85599","targetHints":{"allow":["GET"]}}],"collection":[{"href":"https:\/\/www.irdin.org.br\/site\/wp-json\/wp\/v2\/product"}],"about":[{"href":"https:\/\/www.irdin.org.br\/site\/wp-json\/wp\/v2\/types\/product"}],"version-history":[{"count":2,"href":"https:\/\/www.irdin.org.br\/site\/wp-json\/wp\/v2\/product\/85599\/revisions"}],"predecessor-version":[{"id":107751,"href":"https:\/\/www.irdin.org.br\/site\/wp-json\/wp\/v2\/product\/85599\/revisions\/107751"}],"wp:featuredmedia":[{"embeddable":true,"href":"https:\/\/www.irdin.org.br\/site\/wp-json\/wp\/v2\/media\/37479"}],"wp:attachment":[{"href":"https:\/\/www.irdin.org.br\/site\/wp-json\/wp\/v2\/media?parent=85599"}],"wp:term":[{"taxonomy":"product_brand","embeddable":true,"href":"https:\/\/www.irdin.org.br\/site\/wp-json\/wp\/v2\/product_brand?post=85599"},{"taxonomy":"product_cat","embeddable":true,"href":"https:\/\/www.irdin.org.br\/site\/wp-json\/wp\/v2\/product_cat?post=85599"},{"taxonomy":"product_tag","embeddable":true,"href":"https:\/\/www.irdin.org.br\/site\/wp-json\/wp\/v2\/product_tag?post=85599"}],"curies":[{"name":"wp","href":"https:\/\/api.w.org\/{rel}","templated":true}]}}