{"id":85608,"date":"2011-09-12T00:00:00","date_gmt":"2011-09-12T00:00:00","guid":{"rendered":"http:\/\/www.irdin.org.br\/site\/produto\/conversas-com-trigueirinho-no-778\/"},"modified":"2025-03-16T01:17:47","modified_gmt":"2025-03-16T01:17:47","slug":"conversas-com-trigueirinho-no-778","status":"publish","type":"product","link":"https:\/\/www.irdin.org.br\/site\/produtos\/conversas-com-trigueirinho-no-778\/","title":{"rendered":"Conversas com Trigueirinho n\u00ba 778"},"content":{"rendered":"<p>Rede Luz e o servi\u00e7o aos Reinos \/ Desencarna\u00e7\u00e3o em outros n\u00edveis \/ Tomando decis\u00f5es \/ Libera\u00e7\u00e3o de la\u00e7os \/ Significado dos eucaliptos \/ Reconhecendo o chamado interno \/ Centros Planet\u00e1rios e Teosofia \/ Transmigra\u00e7\u00e3o de um Reino a outro \/ Emprestar ou doar?<\/p>\n<p>&nbsp;<br \/>\n<strong>Ou\u00e7a agora:<\/strong><\/p>\n<p><span data-href=\"https:\/\/www.irdin.org.br\/site\/envios\/audios\/0023_0778__por_por__conversas_com_trigueirinho_n778.mp3\" data-title=\"Conversas com Trigueirinho n\u00ba 778\" data-rel=\"\" data-target=\"\" data-meta=\"#fap-meta-69f4a0ceba7c9\" class=\"fap-single-track fap-track-button fap-play-button\" data-enqueue=\"no\" data-autoenqueue=\"no\" title=\"Conversas com Trigueirinho n\u00ba 778\"><span class=\"fap-icon-play\"><\/span>Ouvir<\/span> <a href='https:\/\/www.irdin.org.br\/site\/envios\/audios\/0023_0778__por_por__conversas_com_trigueirinho_n778.mp3' class='baixar' download><span class='fa fa-arrow-down'><\/span>Baixar<\/span><\/a> <span class='textobaixar'> Conversas com Trigueirinho n\u00ba 778<\/span><\/p>\n","protected":false},"excerpt":{"rendered":"<p>Rede Luz e o servi\u00e7o aos Reinos \/ Desencarna\u00e7\u00e3o em outros n\u00edveis \/ Tomando decis\u00f5es \/ Libera\u00e7\u00e3o de la\u00e7os \/<\/p>\n","protected":false},"featured_media":37479,"template":"","meta":{"_acf_changed":false},"product_brand":[],"product_cat":[18076,43099],"product_tag":[43469],"class_list":{"0":"post-85608","1":"product","2":"type-product","3":"status-publish","4":"has-post-thumbnail","6":"product_cat-cddvd","7":"product_cat-palestras-cddvd","8":"product_tag-43469","9":"pa_autor-trigueirinho","10":"pa_codigo-da-serie-31985","11":"pa_codigo-de-barras-30201","12":"pa_codigo-externo-00230778porcd","13":"pa_data-de-edicao-43377","14":"pa_data-de-gravacao-20631","15":"pa_data-de-lancamento-22587","16":"pa_duracao-44min09s","17":"pa_idioma-de-destino-portugues","18":"pa_idioma-de-origem-portugues","19":"pa_lancamento-no","20":"pa_midia-cd","21":"pa_moac-43468","22":"pa_quantidade-de-saldo-33067","23":"pa_sequencial-da-serie-32701","24":"pa_tipo-de-traducao-nao-traduzido","26":"first","27":"outofstock","28":"product-type-simple"},"acf":[],"_links":{"self":[{"href":"https:\/\/www.irdin.org.br\/site\/wp-json\/wp\/v2\/product\/85608","targetHints":{"allow":["GET"]}}],"collection":[{"href":"https:\/\/www.irdin.org.br\/site\/wp-json\/wp\/v2\/product"}],"about":[{"href":"https:\/\/www.irdin.org.br\/site\/wp-json\/wp\/v2\/types\/product"}],"version-history":[{"count":1,"href":"https:\/\/www.irdin.org.br\/site\/wp-json\/wp\/v2\/product\/85608\/revisions"}],"predecessor-version":[{"id":109349,"href":"https:\/\/www.irdin.org.br\/site\/wp-json\/wp\/v2\/product\/85608\/revisions\/109349"}],"wp:featuredmedia":[{"embeddable":true,"href":"https:\/\/www.irdin.org.br\/site\/wp-json\/wp\/v2\/media\/37479"}],"wp:attachment":[{"href":"https:\/\/www.irdin.org.br\/site\/wp-json\/wp\/v2\/media?parent=85608"}],"wp:term":[{"taxonomy":"product_brand","embeddable":true,"href":"https:\/\/www.irdin.org.br\/site\/wp-json\/wp\/v2\/product_brand?post=85608"},{"taxonomy":"product_cat","embeddable":true,"href":"https:\/\/www.irdin.org.br\/site\/wp-json\/wp\/v2\/product_cat?post=85608"},{"taxonomy":"product_tag","embeddable":true,"href":"https:\/\/www.irdin.org.br\/site\/wp-json\/wp\/v2\/product_tag?post=85608"}],"curies":[{"name":"wp","href":"https:\/\/api.w.org\/{rel}","templated":true}]}}