{"id":85615,"date":"2018-07-06T18:58:49","date_gmt":"2018-07-06T18:58:49","guid":{"rendered":"http:\/\/www.irdin.org.br\/site\/produto\/conversas-com-trigueirinho-no-785\/"},"modified":"2024-09-09T03:01:47","modified_gmt":"2024-09-09T03:01:47","slug":"conversas-com-trigueirinho-no-785","status":"publish","type":"product","link":"https:\/\/www.irdin.org.br\/site\/produtos\/conversas-com-trigueirinho-no-785\/","title":{"rendered":"Conversas com Trigueirinho n\u00ba 785"},"content":{"rendered":"<p>Cirurgia em sonho \/ Desintegra\u00e7\u00e3o das almas e a energia nuclear \/ Irm\u00e3o Pio e a evolu\u00e7\u00e3o superior \/ Aprender a lidar com as crises \/ Meeiros  em Figueira \/ Crian\u00e7as na Casa Luz da Colina \/ Diferen\u00e7a entre aben\u00e7oar e benzer \/ Contato com as Hierarquias \/ Qualidades humanas e espirituais \/ Tornar a vida sagrada<\/p>\n<p>&nbsp;<br \/>\n<strong>Ou\u00e7a agora:<\/strong><\/p>\n<p><span data-href=\"https:\/\/www.irdin.org.br\/site\/envios\/audios\/0023_0785__por_por__conversas_com_trigueirinho_n785.mp3\" data-title=\"Conversas com Trigueirinho n\u00ba 785\" data-rel=\"\" data-target=\"\" data-meta=\"#fap-meta-6a039415a2bbc\" class=\"fap-single-track fap-track-button fap-play-button\" data-enqueue=\"no\" data-autoenqueue=\"no\" title=\"Conversas com Trigueirinho n\u00ba 785\"><span class=\"fap-icon-play\"><\/span>Ouvir<\/span> <a href='https:\/\/www.irdin.org.br\/site\/envios\/audios\/0023_0785__por_por__conversas_com_trigueirinho_n785.mp3' class='baixar' download><span class='fa fa-arrow-down'><\/span>Baixar<\/span><\/a> <span class='textobaixar'> Conversas com Trigueirinho n\u00ba 785<\/span><\/p>\n","protected":false},"excerpt":{"rendered":"<p>Cirurgia em sonho \/ Desintegra\u00e7\u00e3o das almas e a energia nuclear \/ Irm\u00e3o Pio e a evolu\u00e7\u00e3o superior \/ Aprender<\/p>\n","protected":false},"featured_media":37479,"template":"","meta":{"_acf_changed":false},"product_brand":[],"product_cat":[18076,43099],"product_tag":[43485],"class_list":{"0":"post-85615","1":"product","2":"type-product","3":"status-publish","4":"has-post-thumbnail","6":"product_cat-cddvd","7":"product_cat-palestras-cddvd","8":"product_tag-43485","9":"pa_autor-trigueirinho","10":"pa_codigo-da-serie-31985","11":"pa_codigo-de-barras-30233","12":"pa_codigo-externo-00230785porcd","13":"pa_data-de-edicao-38931","14":"pa_data-de-gravacao-27531","15":"pa_data-de-lancamento-25143","16":"pa_duracao-47m24s","17":"pa_idioma-de-destino-portugues","18":"pa_idioma-de-origem-portugues","19":"pa_lancamento-no","20":"pa_midia-cd","21":"pa_moac-43484","22":"pa_quantidade-de-saldo-33067","23":"pa_sequencial-da-serie-32709","24":"pa_tipo-de-traducao-nao-traduzido","26":"first","27":"outofstock","28":"product-type-simple"},"acf":[],"_links":{"self":[{"href":"https:\/\/www.irdin.org.br\/site\/wp-json\/wp\/v2\/product\/85615","targetHints":{"allow":["GET"]}}],"collection":[{"href":"https:\/\/www.irdin.org.br\/site\/wp-json\/wp\/v2\/product"}],"about":[{"href":"https:\/\/www.irdin.org.br\/site\/wp-json\/wp\/v2\/types\/product"}],"version-history":[{"count":1,"href":"https:\/\/www.irdin.org.br\/site\/wp-json\/wp\/v2\/product\/85615\/revisions"}],"predecessor-version":[{"id":107024,"href":"https:\/\/www.irdin.org.br\/site\/wp-json\/wp\/v2\/product\/85615\/revisions\/107024"}],"wp:featuredmedia":[{"embeddable":true,"href":"https:\/\/www.irdin.org.br\/site\/wp-json\/wp\/v2\/media\/37479"}],"wp:attachment":[{"href":"https:\/\/www.irdin.org.br\/site\/wp-json\/wp\/v2\/media?parent=85615"}],"wp:term":[{"taxonomy":"product_brand","embeddable":true,"href":"https:\/\/www.irdin.org.br\/site\/wp-json\/wp\/v2\/product_brand?post=85615"},{"taxonomy":"product_cat","embeddable":true,"href":"https:\/\/www.irdin.org.br\/site\/wp-json\/wp\/v2\/product_cat?post=85615"},{"taxonomy":"product_tag","embeddable":true,"href":"https:\/\/www.irdin.org.br\/site\/wp-json\/wp\/v2\/product_tag?post=85615"}],"curies":[{"name":"wp","href":"https:\/\/api.w.org\/{rel}","templated":true}]}}