{"id":85618,"date":"2018-07-06T18:58:49","date_gmt":"2018-07-06T18:58:49","guid":{"rendered":"http:\/\/www.irdin.org.br\/site\/produto\/conversas-com-trigueirinho-no-788\/"},"modified":"2024-09-09T03:02:28","modified_gmt":"2024-09-09T03:02:28","slug":"conversas-com-trigueirinho-no-788","status":"publish","type":"product","link":"https:\/\/www.irdin.org.br\/site\/produtos\/conversas-com-trigueirinho-no-788\/","title":{"rendered":"Conversas com Trigueirinho n\u00ba 788"},"content":{"rendered":"<p>O corpo ap\u00f3s a morte \/ Monast\u00e9rios e centros planet\u00e1rios \/ O que \u00e9 Esp\u00edrito Santo? \/ Justi\u00e7a humana e justi\u00e7a espiritual \/ Imposi\u00e7\u00e3o de m\u00e3os \/ Que seja feita a vontade maior \/ Fraternidade segundo Morya \/ Somos todos vigilantes e guardi\u00e3es? \/ Ser m\u00e3e \/ Dor no cora\u00e7\u00e3o \/ Como retornar ao Pai? \/ Reconcilia\u00e7\u00e3o e reden\u00e7\u00e3o planet\u00e1ria<\/p>\n<p>&nbsp;<br \/>\n<strong>Ou\u00e7a agora:<\/strong><\/p>\n<p><span data-href=\"https:\/\/www.irdin.org.br\/site\/envios\/audios\/0023_0788__por_por__conversas_com_trigueirinho_n788.mp3\" data-title=\"Conversas com Trigueirinho n\u00ba 788\" data-rel=\"\" data-target=\"\" data-meta=\"#fap-meta-69e2b104c0eed\" class=\"fap-single-track fap-track-button fap-play-button\" data-enqueue=\"no\" data-autoenqueue=\"no\" title=\"Conversas com Trigueirinho n\u00ba 788\"><span class=\"fap-icon-play\"><\/span>Ouvir<\/span> <a href='https:\/\/www.irdin.org.br\/site\/envios\/audios\/0023_0788__por_por__conversas_com_trigueirinho_n788.mp3' class='baixar' download><span class='fa fa-arrow-down'><\/span>Baixar<\/span><\/a> <span class='textobaixar'> Conversas com Trigueirinho n\u00ba 788<\/span><\/p>\n","protected":false},"excerpt":{"rendered":"<p>O corpo ap\u00f3s a morte \/ Monast\u00e9rios e centros planet\u00e1rios \/ O que \u00e9 Esp\u00edrito Santo? \/ Justi\u00e7a humana e<\/p>\n","protected":false},"featured_media":37479,"template":"","meta":{"_acf_changed":false},"product_brand":[],"product_cat":[18076,43099],"product_tag":[43493],"class_list":{"0":"post-85618","1":"product","2":"type-product","3":"status-publish","4":"has-post-thumbnail","6":"product_cat-cddvd","7":"product_cat-palestras-cddvd","8":"product_tag-43493","9":"pa_autor-trigueirinho","10":"pa_codigo-da-serie-31985","11":"pa_codigo-de-barras-30246","12":"pa_codigo-externo-00230788porcd","13":"pa_data-de-edicao-43475","14":"pa_data-de-gravacao-25518","15":"pa_data-de-lancamento-43476","16":"pa_duracao-46m38s","17":"pa_idioma-de-destino-portugues","18":"pa_idioma-de-origem-portugues","19":"pa_lancamento-no","20":"pa_midia-cd","21":"pa_moac-43492","22":"pa_quantidade-de-saldo-33067","23":"pa_sequencial-da-serie-32712","24":"pa_tipo-de-traducao-nao-traduzido","26":"first","27":"outofstock","28":"product-type-simple"},"acf":[],"_links":{"self":[{"href":"https:\/\/www.irdin.org.br\/site\/wp-json\/wp\/v2\/product\/85618","targetHints":{"allow":["GET"]}}],"collection":[{"href":"https:\/\/www.irdin.org.br\/site\/wp-json\/wp\/v2\/product"}],"about":[{"href":"https:\/\/www.irdin.org.br\/site\/wp-json\/wp\/v2\/types\/product"}],"version-history":[{"count":1,"href":"https:\/\/www.irdin.org.br\/site\/wp-json\/wp\/v2\/product\/85618\/revisions"}],"predecessor-version":[{"id":107026,"href":"https:\/\/www.irdin.org.br\/site\/wp-json\/wp\/v2\/product\/85618\/revisions\/107026"}],"wp:featuredmedia":[{"embeddable":true,"href":"https:\/\/www.irdin.org.br\/site\/wp-json\/wp\/v2\/media\/37479"}],"wp:attachment":[{"href":"https:\/\/www.irdin.org.br\/site\/wp-json\/wp\/v2\/media?parent=85618"}],"wp:term":[{"taxonomy":"product_brand","embeddable":true,"href":"https:\/\/www.irdin.org.br\/site\/wp-json\/wp\/v2\/product_brand?post=85618"},{"taxonomy":"product_cat","embeddable":true,"href":"https:\/\/www.irdin.org.br\/site\/wp-json\/wp\/v2\/product_cat?post=85618"},{"taxonomy":"product_tag","embeddable":true,"href":"https:\/\/www.irdin.org.br\/site\/wp-json\/wp\/v2\/product_tag?post=85618"}],"curies":[{"name":"wp","href":"https:\/\/api.w.org\/{rel}","templated":true}]}}