{"id":85621,"date":"2018-07-06T18:58:49","date_gmt":"2018-07-06T18:58:49","guid":{"rendered":"http:\/\/www.irdin.org.br\/site\/produto\/conversas-com-trigueirinho-n-791-2\/"},"modified":"2024-09-09T03:02:41","modified_gmt":"2024-09-09T03:02:41","slug":"conversas-com-trigueirinho-n-791-2","status":"publish","type":"product","link":"https:\/\/www.irdin.org.br\/site\/produtos\/conversas-com-trigueirinho-n-791-2\/","title":{"rendered":"Conversas com Trigueirinho n\u00b0 791"},"content":{"rendered":"<p>Pintura e ora\u00e7\u00e3o \/ Aplicar a vontade \/ Consci\u00eancia ind\u00edgena em diferentes planos \/ Baleias e o equil\u00edbrio no planeta \/ Colaborar com o Grupo das \u00e1rvores \/ Fatos hist\u00f3ricos na teoria da reencarna\u00e7\u00e3o \/ O lobo guar\u00e1 em Figueira \/ Musica: Iona of My Heart<\/p>\n<p>&nbsp;<br \/>\n<strong>Ou\u00e7a agora:<\/strong><\/p>\n<p><span data-href=\"https:\/\/www.irdin.org.br\/site\/envios\/audios\/0023_0791__por_por__conversas_com_trigueirinho_n791.mp3\" data-title=\"Conversas com Trigueirinho n\u00b0 791\" data-rel=\"\" data-target=\"\" data-meta=\"#fap-meta-69e284c7329b8\" class=\"fap-single-track fap-track-button fap-play-button\" data-enqueue=\"no\" data-autoenqueue=\"no\" title=\"Conversas com Trigueirinho n\u00b0 791\"><span class=\"fap-icon-play\"><\/span>Ouvir<\/span> <a href='https:\/\/www.irdin.org.br\/site\/envios\/audios\/0023_0791__por_por__conversas_com_trigueirinho_n791.mp3' class='baixar' download><span class='fa fa-arrow-down'><\/span>Baixar<\/span><\/a> <span class='textobaixar'> Conversas com Trigueirinho n\u00b0 791<\/span><\/p>\n","protected":false},"excerpt":{"rendered":"<p>Pintura e ora\u00e7\u00e3o \/ Aplicar a vontade \/ Consci\u00eancia ind\u00edgena em diferentes planos \/ Baleias e o equil\u00edbrio no planeta<\/p>\n","protected":false},"featured_media":37479,"template":"","meta":{"_acf_changed":false},"product_brand":[],"product_cat":[18076,43099],"product_tag":[38935],"class_list":{"0":"post-85621","1":"product","2":"type-product","3":"status-publish","4":"has-post-thumbnail","6":"product_cat-cddvd","7":"product_cat-palestras-cddvd","8":"product_tag-38935","9":"pa_autor-trigueirinho","10":"pa_codigo-da-serie-31985","11":"pa_codigo-de-barras-30259","12":"pa_codigo-externo-00230791porcd","13":"pa_data-de-edicao-38931","14":"pa_data-de-gravacao-30251","15":"pa_data-de-lancamento-38934","16":"pa_duracao-39m04s","17":"pa_idioma-de-destino-portugues","18":"pa_idioma-de-origem-portugues","19":"pa_lancamento-no","20":"pa_midia-cd","21":"pa_moac-38933","22":"pa_quantidade-de-saldo-33067","23":"pa_sequencial-da-serie-32715","24":"pa_tipo-de-traducao-nao-traduzido","26":"first","27":"outofstock","28":"product-type-simple"},"acf":[],"_links":{"self":[{"href":"https:\/\/www.irdin.org.br\/site\/wp-json\/wp\/v2\/product\/85621","targetHints":{"allow":["GET"]}}],"collection":[{"href":"https:\/\/www.irdin.org.br\/site\/wp-json\/wp\/v2\/product"}],"about":[{"href":"https:\/\/www.irdin.org.br\/site\/wp-json\/wp\/v2\/types\/product"}],"version-history":[{"count":1,"href":"https:\/\/www.irdin.org.br\/site\/wp-json\/wp\/v2\/product\/85621\/revisions"}],"predecessor-version":[{"id":107027,"href":"https:\/\/www.irdin.org.br\/site\/wp-json\/wp\/v2\/product\/85621\/revisions\/107027"}],"wp:featuredmedia":[{"embeddable":true,"href":"https:\/\/www.irdin.org.br\/site\/wp-json\/wp\/v2\/media\/37479"}],"wp:attachment":[{"href":"https:\/\/www.irdin.org.br\/site\/wp-json\/wp\/v2\/media?parent=85621"}],"wp:term":[{"taxonomy":"product_brand","embeddable":true,"href":"https:\/\/www.irdin.org.br\/site\/wp-json\/wp\/v2\/product_brand?post=85621"},{"taxonomy":"product_cat","embeddable":true,"href":"https:\/\/www.irdin.org.br\/site\/wp-json\/wp\/v2\/product_cat?post=85621"},{"taxonomy":"product_tag","embeddable":true,"href":"https:\/\/www.irdin.org.br\/site\/wp-json\/wp\/v2\/product_tag?post=85621"}],"curies":[{"name":"wp","href":"https:\/\/api.w.org\/{rel}","templated":true}]}}