{"id":85622,"date":"2018-07-06T18:58:49","date_gmt":"2018-07-06T18:58:49","guid":{"rendered":"http:\/\/www.irdin.org.br\/site\/produto\/conversas-com-trigueirinho-no-799\/"},"modified":"2024-09-09T03:02:57","modified_gmt":"2024-09-09T03:02:57","slug":"conversas-com-trigueirinho-no-799","status":"publish","type":"product","link":"https:\/\/www.irdin.org.br\/site\/produtos\/conversas-com-trigueirinho-no-799\/","title":{"rendered":"Conversas com Trigueirinho n\u00ba 799"},"content":{"rendered":"<p>Solid\u00e3o e alinhamento superior \/ Arqu\u00e9tipos a manifestar \/ Sonho com aves \/ Como ser um guardi\u00e3o? \/ Ensinamentos de Buda e Cristo \/ Prote\u00e7\u00e3o no caos ps\u00edquico \/ Como viver em austeridade? \/ Templo de Jacob \/ Despertar internamente \/ Uso da imagina\u00e7\u00e3o \/ Relacionar-se com Centros Planet\u00e1rios \/ Sapatos e sand\u00e1lias \/ Eterna gratid\u00e3o<\/p>\n<p>&nbsp;<br \/>\n<strong>Ou\u00e7a agora:<\/strong><\/p>\n<p><span data-href=\"https:\/\/www.irdin.org.br\/site\/envios\/audios\/0023_0799__por_por__conversas_com_trigueirinho_n799.mp3\" data-title=\"Conversas com Trigueirinho n\u00ba 799\" data-rel=\"\" data-target=\"\" data-meta=\"#fap-meta-69e2ad9477422\" class=\"fap-single-track fap-track-button fap-play-button\" data-enqueue=\"no\" data-autoenqueue=\"no\" title=\"Conversas com Trigueirinho n\u00ba 799\"><span class=\"fap-icon-play\"><\/span>Ouvir<\/span> <a href='https:\/\/www.irdin.org.br\/site\/envios\/audios\/0023_0799__por_por__conversas_com_trigueirinho_n799.mp3' class='baixar' download><span class='fa fa-arrow-down'><\/span>Baixar<\/span><\/a> <span class='textobaixar'> Conversas com Trigueirinho n\u00ba 799<\/span><\/p>\n","protected":false},"excerpt":{"rendered":"<p>Solid\u00e3o e alinhamento superior \/ Arqu\u00e9tipos a manifestar \/ Sonho com aves \/ Como ser um guardi\u00e3o? \/ Ensinamentos de<\/p>\n","protected":false},"featured_media":37479,"template":"","meta":{"_acf_changed":false},"product_brand":[],"product_cat":[18076,43099],"product_tag":[43497],"class_list":{"0":"post-85622","1":"product","2":"type-product","3":"status-publish","4":"has-post-thumbnail","6":"product_cat-cddvd","7":"product_cat-palestras-cddvd","8":"product_tag-43497","9":"pa_autor-trigueirinho","10":"pa_codigo-da-serie-31985","11":"pa_codigo-de-barras-30296","12":"pa_codigo-externo-00230799porcd","13":"pa_data-de-edicao-43293","14":"pa_data-de-gravacao-30293","15":"pa_data-de-lancamento-43294","16":"pa_duracao-51m30s","17":"pa_idioma-de-destino-portugues","18":"pa_idioma-de-origem-portugues","19":"pa_lancamento-no","20":"pa_midia-cd","21":"pa_moac-43496","22":"pa_quantidade-de-saldo-33067","23":"pa_sequencial-da-serie-32725","24":"pa_tipo-de-traducao-nao-traduzido","26":"first","27":"outofstock","28":"product-type-simple"},"acf":[],"_links":{"self":[{"href":"https:\/\/www.irdin.org.br\/site\/wp-json\/wp\/v2\/product\/85622","targetHints":{"allow":["GET"]}}],"collection":[{"href":"https:\/\/www.irdin.org.br\/site\/wp-json\/wp\/v2\/product"}],"about":[{"href":"https:\/\/www.irdin.org.br\/site\/wp-json\/wp\/v2\/types\/product"}],"version-history":[{"count":1,"href":"https:\/\/www.irdin.org.br\/site\/wp-json\/wp\/v2\/product\/85622\/revisions"}],"predecessor-version":[{"id":107028,"href":"https:\/\/www.irdin.org.br\/site\/wp-json\/wp\/v2\/product\/85622\/revisions\/107028"}],"wp:featuredmedia":[{"embeddable":true,"href":"https:\/\/www.irdin.org.br\/site\/wp-json\/wp\/v2\/media\/37479"}],"wp:attachment":[{"href":"https:\/\/www.irdin.org.br\/site\/wp-json\/wp\/v2\/media?parent=85622"}],"wp:term":[{"taxonomy":"product_brand","embeddable":true,"href":"https:\/\/www.irdin.org.br\/site\/wp-json\/wp\/v2\/product_brand?post=85622"},{"taxonomy":"product_cat","embeddable":true,"href":"https:\/\/www.irdin.org.br\/site\/wp-json\/wp\/v2\/product_cat?post=85622"},{"taxonomy":"product_tag","embeddable":true,"href":"https:\/\/www.irdin.org.br\/site\/wp-json\/wp\/v2\/product_tag?post=85622"}],"curies":[{"name":"wp","href":"https:\/\/api.w.org\/{rel}","templated":true}]}}