{"id":85625,"date":"2018-07-06T18:58:49","date_gmt":"2018-07-06T18:58:49","guid":{"rendered":"http:\/\/www.irdin.org.br\/site\/produto\/conversas-com-trigueirinho-no-802\/"},"modified":"2024-09-09T03:04:04","modified_gmt":"2024-09-09T03:04:04","slug":"conversas-com-trigueirinho-no-802","status":"publish","type":"product","link":"https:\/\/www.irdin.org.br\/site\/produtos\/conversas-com-trigueirinho-no-802\/","title":{"rendered":"Conversas com Trigueirinho n\u00ba 802"},"content":{"rendered":"<p>A situa\u00e7\u00e3o das formigas \/ Aliviar a transmuta\u00e7\u00e3o nos animais \/ Crian\u00e7as, imagens devocionais e mantras \/ Como ter amor pela tarefa? \/ Investiga\u00e7\u00e3o esot\u00e9rica e contato com n\u00edveis supraf\u00edsicos \/ Estar na Vig\u00edlia Permanente \/ Indica\u00e7\u00f5es de Murielh \/ Dissolver compromissos com for\u00e7as involutivas \/ Ser o primeiro<\/p>\n<p>&nbsp;<br \/>\n<strong>Ou\u00e7a agora:<\/strong><\/p>\n<p><span data-href=\"https:\/\/www.irdin.org.br\/site\/envios\/audios\/0023_0802__por_por__conversas_com_trigueirinho_n802.mp3\" data-title=\"Conversas com Trigueirinho n\u00ba 802\" data-rel=\"\" data-target=\"\" data-meta=\"#fap-meta-6a0318c87193e\" class=\"fap-single-track fap-track-button fap-play-button\" data-enqueue=\"no\" data-autoenqueue=\"no\" title=\"Conversas com Trigueirinho n\u00ba 802\"><span class=\"fap-icon-play\"><\/span>Ouvir<\/span> <a href='https:\/\/www.irdin.org.br\/site\/envios\/audios\/0023_0802__por_por__conversas_com_trigueirinho_n802.mp3' class='baixar' download><span class='fa fa-arrow-down'><\/span>Baixar<\/span><\/a> <span class='textobaixar'> Conversas com Trigueirinho n\u00ba 802<\/span><\/p>\n","protected":false},"excerpt":{"rendered":"<p>A situa\u00e7\u00e3o das formigas \/ Aliviar a transmuta\u00e7\u00e3o nos animais \/ Crian\u00e7as, imagens devocionais e mantras \/ Como ter amor<\/p>\n","protected":false},"featured_media":37479,"template":"","meta":{"_acf_changed":false},"product_brand":[],"product_cat":[18076,43099],"product_tag":[43503],"class_list":{"0":"post-85625","1":"product","2":"type-product","3":"status-publish","4":"has-post-thumbnail","6":"product_cat-cddvd","7":"product_cat-palestras-cddvd","8":"product_tag-43503","9":"pa_autor-trigueirinho","10":"pa_codigo-da-serie-31985","11":"pa_codigo-de-barras-30311","12":"pa_codigo-externo-00230802porcd","13":"pa_data-de-edicao-43301","14":"pa_data-de-gravacao-30307","15":"pa_data-de-lancamento-43302","16":"pa_duracao-50m18s","17":"pa_idioma-de-destino-portugues","18":"pa_idioma-de-origem-portugues","19":"pa_lancamento-no","20":"pa_midia-cd","21":"pa_moac-43502","22":"pa_quantidade-de-saldo-33067","23":"pa_sequencial-da-serie-32728","24":"pa_tipo-de-traducao-nao-traduzido","26":"first","27":"outofstock","28":"product-type-simple"},"acf":[],"_links":{"self":[{"href":"https:\/\/www.irdin.org.br\/site\/wp-json\/wp\/v2\/product\/85625","targetHints":{"allow":["GET"]}}],"collection":[{"href":"https:\/\/www.irdin.org.br\/site\/wp-json\/wp\/v2\/product"}],"about":[{"href":"https:\/\/www.irdin.org.br\/site\/wp-json\/wp\/v2\/types\/product"}],"version-history":[{"count":1,"href":"https:\/\/www.irdin.org.br\/site\/wp-json\/wp\/v2\/product\/85625\/revisions"}],"predecessor-version":[{"id":107031,"href":"https:\/\/www.irdin.org.br\/site\/wp-json\/wp\/v2\/product\/85625\/revisions\/107031"}],"wp:featuredmedia":[{"embeddable":true,"href":"https:\/\/www.irdin.org.br\/site\/wp-json\/wp\/v2\/media\/37479"}],"wp:attachment":[{"href":"https:\/\/www.irdin.org.br\/site\/wp-json\/wp\/v2\/media?parent=85625"}],"wp:term":[{"taxonomy":"product_brand","embeddable":true,"href":"https:\/\/www.irdin.org.br\/site\/wp-json\/wp\/v2\/product_brand?post=85625"},{"taxonomy":"product_cat","embeddable":true,"href":"https:\/\/www.irdin.org.br\/site\/wp-json\/wp\/v2\/product_cat?post=85625"},{"taxonomy":"product_tag","embeddable":true,"href":"https:\/\/www.irdin.org.br\/site\/wp-json\/wp\/v2\/product_tag?post=85625"}],"curies":[{"name":"wp","href":"https:\/\/api.w.org\/{rel}","templated":true}]}}