{"id":85630,"date":"2018-07-06T18:58:49","date_gmt":"2018-07-06T18:58:49","guid":{"rendered":"http:\/\/www.irdin.org.br\/site\/produto\/conversas-com-trigueirinho-no-807\/"},"modified":"2024-09-09T03:05:31","modified_gmt":"2024-09-09T03:05:31","slug":"conversas-com-trigueirinho-no-807","status":"publish","type":"product","link":"https:\/\/www.irdin.org.br\/site\/produtos\/conversas-com-trigueirinho-no-807\/","title":{"rendered":"Conversas com Trigueirinho n\u00ba 807"},"content":{"rendered":"<p>N\u00e3o interferir nos demais \/ Onde estar? \/ As chagas de Padre Pio \/ Estrela de cinco pontas \/ Tratando de animais \/  O apocalipse e a hipocrisia humana \/ Intui\u00e7\u00e3o ou ego? \/ Lidando com pesadelos \/ Flores no deserto \/ Perd\u00e3o e ora\u00e7\u00e3o \/ Purifica\u00e7\u00e3o pelo c\u00e2ncer \/ Descobrir-se na ora\u00e7\u00e3o \/ Que \u00e9 a noite escura? \/ Disc\u00edpulos orantes<\/p>\n<p>&nbsp;<br \/>\n<strong>Ou\u00e7a agora:<\/strong><\/p>\n<p><span data-href=\"https:\/\/www.irdin.org.br\/site\/envios\/audios\/0023_0807__por_por__conversas_com_trigueirinho_n807.mp3\" data-title=\"Conversas com Trigueirinho n\u00ba 807\" data-rel=\"\" data-target=\"\" data-meta=\"#fap-meta-69e37daa8ea8d\" class=\"fap-single-track fap-track-button fap-play-button\" data-enqueue=\"no\" data-autoenqueue=\"no\" title=\"Conversas com Trigueirinho n\u00ba 807\"><span class=\"fap-icon-play\"><\/span>Ouvir<\/span> <a href='https:\/\/www.irdin.org.br\/site\/envios\/audios\/0023_0807__por_por__conversas_com_trigueirinho_n807.mp3' class='baixar' download><span class='fa fa-arrow-down'><\/span>Baixar<\/span><\/a> <span class='textobaixar'> Conversas com Trigueirinho n\u00ba 807<\/span><\/p>\n","protected":false},"excerpt":{"rendered":"<p>N\u00e3o interferir nos demais \/ Onde estar? \/ As chagas de Padre Pio \/ Estrela de cinco pontas \/ Tratando<\/p>\n","protected":false},"featured_media":37479,"template":"","meta":{"_acf_changed":false},"product_brand":[],"product_cat":[18076,43099],"product_tag":[43513],"class_list":{"0":"post-85630","1":"product","2":"type-product","3":"status-publish","4":"has-post-thumbnail","6":"product_cat-cddvd","7":"product_cat-palestras-cddvd","8":"product_tag-43513","9":"pa_autor-trigueirinho","10":"pa_codigo-da-serie-31985","11":"pa_codigo-de-barras-30335","12":"pa_codigo-externo-00230807porcd","13":"pa_data-de-edicao-43341","14":"pa_data-de-gravacao-30331","15":"pa_data-de-lancamento-43342","16":"pa_duracao-35min47s","17":"pa_idioma-de-destino-portugues","18":"pa_idioma-de-origem-portugues","19":"pa_lancamento-no","20":"pa_midia-cd","21":"pa_moac-43512","22":"pa_quantidade-de-saldo-33067","23":"pa_sequencial-da-serie-32733","24":"pa_tipo-de-traducao-nao-traduzido","26":"first","27":"outofstock","28":"product-type-simple"},"acf":[],"_links":{"self":[{"href":"https:\/\/www.irdin.org.br\/site\/wp-json\/wp\/v2\/product\/85630","targetHints":{"allow":["GET"]}}],"collection":[{"href":"https:\/\/www.irdin.org.br\/site\/wp-json\/wp\/v2\/product"}],"about":[{"href":"https:\/\/www.irdin.org.br\/site\/wp-json\/wp\/v2\/types\/product"}],"version-history":[{"count":1,"href":"https:\/\/www.irdin.org.br\/site\/wp-json\/wp\/v2\/product\/85630\/revisions"}],"predecessor-version":[{"id":107036,"href":"https:\/\/www.irdin.org.br\/site\/wp-json\/wp\/v2\/product\/85630\/revisions\/107036"}],"wp:featuredmedia":[{"embeddable":true,"href":"https:\/\/www.irdin.org.br\/site\/wp-json\/wp\/v2\/media\/37479"}],"wp:attachment":[{"href":"https:\/\/www.irdin.org.br\/site\/wp-json\/wp\/v2\/media?parent=85630"}],"wp:term":[{"taxonomy":"product_brand","embeddable":true,"href":"https:\/\/www.irdin.org.br\/site\/wp-json\/wp\/v2\/product_brand?post=85630"},{"taxonomy":"product_cat","embeddable":true,"href":"https:\/\/www.irdin.org.br\/site\/wp-json\/wp\/v2\/product_cat?post=85630"},{"taxonomy":"product_tag","embeddable":true,"href":"https:\/\/www.irdin.org.br\/site\/wp-json\/wp\/v2\/product_tag?post=85630"}],"curies":[{"name":"wp","href":"https:\/\/api.w.org\/{rel}","templated":true}]}}