{"id":85634,"date":"2018-07-06T18:59:14","date_gmt":"2018-07-06T18:59:14","guid":{"rendered":"http:\/\/www.irdin.org.br\/site\/produto\/conversas-com-trigueirinho-no-811\/"},"modified":"2024-09-09T02:58:52","modified_gmt":"2024-09-09T02:58:52","slug":"conversas-com-trigueirinho-no-811","status":"publish","type":"product","link":"https:\/\/www.irdin.org.br\/site\/produtos\/conversas-com-trigueirinho-no-811\/","title":{"rendered":"Conversas com Trigueirinho n\u00ba 811"},"content":{"rendered":"<p>Grupo operativo em Shambhala \/ Mainhdra e nossa transforma\u00e7\u00e3o \/ Como ser fraterno? \/ Reino Animal em ju\u00edzo \/ Voltar-se \u00e0 luz interna \/ Orientando crian\u00e7as \/ Consci\u00eancia e vida externa \/ Concentra\u00e7\u00e3o durante a vig\u00edlia \/ Corpo f\u00edsico e ora\u00e7\u00e3o<\/p>\n<p>&nbsp;<br \/>\n<strong>Ou\u00e7a agora:<\/strong><\/p>\n<p><span data-href=\"https:\/\/www.irdin.org.br\/site\/envios\/audios\/0023_0811__por_por__conversas_com_trigueirinho_n811.mp3\" data-title=\"Conversas com Trigueirinho n\u00ba 811\" data-rel=\"\" data-target=\"\" data-meta=\"#fap-meta-69e351ce60797\" class=\"fap-single-track fap-track-button fap-play-button\" data-enqueue=\"no\" data-autoenqueue=\"no\" title=\"Conversas com Trigueirinho n\u00ba 811\"><span class=\"fap-icon-play\"><\/span>Ouvir<\/span> <a href='https:\/\/www.irdin.org.br\/site\/envios\/audios\/0023_0811__por_por__conversas_com_trigueirinho_n811.mp3' class='baixar' download><span class='fa fa-arrow-down'><\/span>Baixar<\/span><\/a> <span class='textobaixar'> Conversas com Trigueirinho n\u00ba 811<\/span><\/p>\n","protected":false},"excerpt":{"rendered":"<p>Grupo operativo em Shambhala \/ Mainhdra e nossa transforma\u00e7\u00e3o \/ Como ser fraterno? \/ Reino Animal em ju\u00edzo \/ Voltar-se<\/p>\n","protected":false},"featured_media":37479,"template":"","meta":{"_acf_changed":false},"product_brand":[],"product_cat":[18076,43099],"product_tag":[43521],"class_list":{"0":"post-85634","1":"product","2":"type-product","3":"status-publish","4":"has-post-thumbnail","6":"product_cat-cddvd","7":"product_cat-palestras-cddvd","8":"product_tag-43521","9":"pa_autor-trigueirinho","10":"pa_codigo-da-serie-31985","11":"pa_codigo-de-barras-30353","12":"pa_codigo-externo-00230811porcd","13":"pa_data-de-edicao-25000","14":"pa_data-de-gravacao-30349","15":"pa_data-de-lancamento-25001","16":"pa_duracao-45min34s","17":"pa_idioma-de-destino-portugues","18":"pa_idioma-de-origem-portugues","19":"pa_lancamento-no","20":"pa_midia-cd","21":"pa_moac-43520","22":"pa_quantidade-de-saldo-33067","23":"pa_sequencial-da-serie-32737","24":"pa_tipo-de-traducao-nao-traduzido","26":"first","27":"outofstock","28":"product-type-simple"},"acf":[],"_links":{"self":[{"href":"https:\/\/www.irdin.org.br\/site\/wp-json\/wp\/v2\/product\/85634","targetHints":{"allow":["GET"]}}],"collection":[{"href":"https:\/\/www.irdin.org.br\/site\/wp-json\/wp\/v2\/product"}],"about":[{"href":"https:\/\/www.irdin.org.br\/site\/wp-json\/wp\/v2\/types\/product"}],"version-history":[{"count":2,"href":"https:\/\/www.irdin.org.br\/site\/wp-json\/wp\/v2\/product\/85634\/revisions"}],"predecessor-version":[{"id":107014,"href":"https:\/\/www.irdin.org.br\/site\/wp-json\/wp\/v2\/product\/85634\/revisions\/107014"}],"wp:featuredmedia":[{"embeddable":true,"href":"https:\/\/www.irdin.org.br\/site\/wp-json\/wp\/v2\/media\/37479"}],"wp:attachment":[{"href":"https:\/\/www.irdin.org.br\/site\/wp-json\/wp\/v2\/media?parent=85634"}],"wp:term":[{"taxonomy":"product_brand","embeddable":true,"href":"https:\/\/www.irdin.org.br\/site\/wp-json\/wp\/v2\/product_brand?post=85634"},{"taxonomy":"product_cat","embeddable":true,"href":"https:\/\/www.irdin.org.br\/site\/wp-json\/wp\/v2\/product_cat?post=85634"},{"taxonomy":"product_tag","embeddable":true,"href":"https:\/\/www.irdin.org.br\/site\/wp-json\/wp\/v2\/product_tag?post=85634"}],"curies":[{"name":"wp","href":"https:\/\/api.w.org\/{rel}","templated":true}]}}