{"id":85642,"date":"2012-12-01T00:00:00","date_gmt":"2012-12-01T00:00:00","guid":{"rendered":"http:\/\/www.irdin.org.br\/site\/produto\/conversas-com-trigueirinho-no-819\/"},"modified":"2024-09-27T14:36:33","modified_gmt":"2024-09-27T14:36:33","slug":"conversas-com-trigueirinho-no-819","status":"publish","type":"product","link":"https:\/\/www.irdin.org.br\/site\/produtos\/conversas-com-trigueirinho-no-819\/","title":{"rendered":"Conversas com Trigueirinho n\u00ba 819"},"content":{"rendered":"<p>Despertando naturalmente \/ Sonhos conscientes \/ Sonho com pai \/ Resgat\u00e1veis \/ Experiencia no Nepal \/ Transmuta\u00e7\u00e3o e purifica\u00e7\u00e3o \/ De Mishuk, aos que oram<\/p>\n<p>&nbsp;<br \/>\n<strong>Ou\u00e7a agora:<\/strong><\/p>\n<p><span data-href=\"https:\/\/www.irdin.org.br\/site\/envios\/audios\/0023_0819__por_por__conversas_com_trigueirinho_n819.mp3\" data-title=\"Conversas com Trigueirinho n\u00ba 819\" data-rel=\"\" data-target=\"\" data-meta=\"#fap-meta-69f702e621d25\" class=\"fap-single-track fap-track-button fap-play-button\" data-enqueue=\"no\" data-autoenqueue=\"no\" title=\"Conversas com Trigueirinho n\u00ba 819\"><span class=\"fap-icon-play\"><\/span>Ouvir<\/span> <a href='https:\/\/www.irdin.org.br\/site\/envios\/audios\/0023_0819__por_por__conversas_com_trigueirinho_n819.mp3' class='baixar' download><span class='fa fa-arrow-down'><\/span>Baixar<\/span><\/a> <span class='textobaixar'> Conversas com Trigueirinho n\u00ba 819<\/span><\/p>\n","protected":false},"excerpt":{"rendered":"<p>Despertando naturalmente \/ Sonhos conscientes \/ Sonho com pai \/ Resgat\u00e1veis \/ Experiencia no Nepal \/ Transmuta\u00e7\u00e3o e purifica\u00e7\u00e3o \/<\/p>\n","protected":false},"featured_media":37479,"template":"","meta":{"_acf_changed":false},"product_brand":[],"product_cat":[18076,43099],"product_tag":[43537],"class_list":{"0":"post-85642","1":"product","2":"type-product","3":"status-publish","4":"has-post-thumbnail","6":"product_cat-cddvd","7":"product_cat-palestras-cddvd","8":"product_tag-43537","9":"pa_autor-trigueirinho","10":"pa_codigo-da-serie-31985","11":"pa_codigo-de-barras-30391","12":"pa_codigo-externo-00230819porcd","13":"pa_data-de-edicao-25144","14":"pa_data-de-gravacao-30387","15":"pa_data-de-lancamento-25145","16":"pa_duracao-56m02s","17":"pa_idioma-de-destino-portugues","18":"pa_idioma-de-origem-portugues","19":"pa_lancamento-no","20":"pa_midia-cd","21":"pa_moac-43536","22":"pa_quantidade-de-saldo-33067","23":"pa_sequencial-da-serie-32746","24":"pa_tipo-de-traducao-nao-traduzido","26":"first","27":"outofstock","28":"product-type-simple"},"acf":[],"_links":{"self":[{"href":"https:\/\/www.irdin.org.br\/site\/wp-json\/wp\/v2\/product\/85642","targetHints":{"allow":["GET"]}}],"collection":[{"href":"https:\/\/www.irdin.org.br\/site\/wp-json\/wp\/v2\/product"}],"about":[{"href":"https:\/\/www.irdin.org.br\/site\/wp-json\/wp\/v2\/types\/product"}],"version-history":[{"count":1,"href":"https:\/\/www.irdin.org.br\/site\/wp-json\/wp\/v2\/product\/85642\/revisions"}],"predecessor-version":[{"id":107737,"href":"https:\/\/www.irdin.org.br\/site\/wp-json\/wp\/v2\/product\/85642\/revisions\/107737"}],"wp:featuredmedia":[{"embeddable":true,"href":"https:\/\/www.irdin.org.br\/site\/wp-json\/wp\/v2\/media\/37479"}],"wp:attachment":[{"href":"https:\/\/www.irdin.org.br\/site\/wp-json\/wp\/v2\/media?parent=85642"}],"wp:term":[{"taxonomy":"product_brand","embeddable":true,"href":"https:\/\/www.irdin.org.br\/site\/wp-json\/wp\/v2\/product_brand?post=85642"},{"taxonomy":"product_cat","embeddable":true,"href":"https:\/\/www.irdin.org.br\/site\/wp-json\/wp\/v2\/product_cat?post=85642"},{"taxonomy":"product_tag","embeddable":true,"href":"https:\/\/www.irdin.org.br\/site\/wp-json\/wp\/v2\/product_tag?post=85642"}],"curies":[{"name":"wp","href":"https:\/\/api.w.org\/{rel}","templated":true}]}}