{"id":85653,"date":"2012-04-05T00:00:00","date_gmt":"2012-04-05T00:00:00","guid":{"rendered":"http:\/\/www.irdin.org.br\/site\/produto\/conversas-com-trigueirinho-no-830\/"},"modified":"2024-09-27T14:40:38","modified_gmt":"2024-09-27T14:40:38","slug":"conversas-com-trigueirinho-no-830","status":"publish","type":"product","link":"https:\/\/www.irdin.org.br\/site\/produtos\/conversas-com-trigueirinho-no-830\/","title":{"rendered":"Conversas com Trigueirinho n\u00ba 830"},"content":{"rendered":"<p>Sonho com ta\u00e7as vazias e ros\u00e1rio quebrado \/ Diferen\u00e7a entre miseric\u00f3rdia e gra\u00e7a \/ Sonho com transi\u00e7\u00e3o a transi\u00e7\u00e3o planet\u00e1ria \/ Encarna\u00e7\u00e3o da alma \/ Vontade de Deus ou vontade pessoal? \/ A face escura da lua e nosso processo interior \/ Diferentes formas de orar \/ Chaves do ecumenismo<\/p>\n<p>&nbsp;<br \/>\n<strong>Ou\u00e7a agora:<\/strong><\/p>\n<p><span data-href=\"https:\/\/www.irdin.org.br\/site\/envios\/audios\/0023_0830__por_por__conversas_com_trigueirinho_n830.mp3\" data-title=\"Conversas com Trigueirinho n\u00ba 830\" data-rel=\"\" data-target=\"\" data-meta=\"#fap-meta-6a03619221e47\" class=\"fap-single-track fap-track-button fap-play-button\" data-enqueue=\"no\" data-autoenqueue=\"no\" title=\"Conversas com Trigueirinho n\u00ba 830\"><span class=\"fap-icon-play\"><\/span>Ouvir<\/span> <a href='https:\/\/www.irdin.org.br\/site\/envios\/audios\/0023_0830__por_por__conversas_com_trigueirinho_n830.mp3' class='baixar' download><span class='fa fa-arrow-down'><\/span>Baixar<\/span><\/a> <span class='textobaixar'> Conversas com Trigueirinho n\u00ba 830<\/span><\/p>\n","protected":false},"excerpt":{"rendered":"<p>Sonho com ta\u00e7as vazias e ros\u00e1rio quebrado \/ Diferen\u00e7a entre miseric\u00f3rdia e gra\u00e7a \/ Sonho com transi\u00e7\u00e3o a transi\u00e7\u00e3o planet\u00e1ria<\/p>\n","protected":false},"featured_media":37479,"template":"","meta":{"_acf_changed":false},"product_brand":[],"product_cat":[18076,43099],"product_tag":[43560],"class_list":{"0":"post-85653","1":"product","2":"type-product","3":"status-publish","4":"has-post-thumbnail","6":"product_cat-cddvd","7":"product_cat-palestras-cddvd","8":"product_tag-43560","9":"pa_autor-trigueirinho","10":"pa_codigo-da-serie-31985","11":"pa_codigo-de-barras-30440","12":"pa_codigo-externo-00230830porcd","13":"pa_data-de-edicao-43445","14":"pa_data-de-gravacao-30436","15":"pa_data-de-lancamento-43557","16":"pa_duracao-51m41s","17":"pa_idioma-de-destino-portugues","18":"pa_idioma-de-origem-portugues","19":"pa_lancamento-no","20":"pa_midia-cd","21":"pa_moac-43559","22":"pa_quantidade-de-saldo-33067","23":"pa_sequencial-da-serie-32759","24":"pa_tipo-de-traducao-nao-traduzido","26":"first","27":"outofstock","28":"product-type-simple"},"acf":[],"_links":{"self":[{"href":"https:\/\/www.irdin.org.br\/site\/wp-json\/wp\/v2\/product\/85653","targetHints":{"allow":["GET"]}}],"collection":[{"href":"https:\/\/www.irdin.org.br\/site\/wp-json\/wp\/v2\/product"}],"about":[{"href":"https:\/\/www.irdin.org.br\/site\/wp-json\/wp\/v2\/types\/product"}],"version-history":[{"count":1,"href":"https:\/\/www.irdin.org.br\/site\/wp-json\/wp\/v2\/product\/85653\/revisions"}],"predecessor-version":[{"id":107750,"href":"https:\/\/www.irdin.org.br\/site\/wp-json\/wp\/v2\/product\/85653\/revisions\/107750"}],"wp:featuredmedia":[{"embeddable":true,"href":"https:\/\/www.irdin.org.br\/site\/wp-json\/wp\/v2\/media\/37479"}],"wp:attachment":[{"href":"https:\/\/www.irdin.org.br\/site\/wp-json\/wp\/v2\/media?parent=85653"}],"wp:term":[{"taxonomy":"product_brand","embeddable":true,"href":"https:\/\/www.irdin.org.br\/site\/wp-json\/wp\/v2\/product_brand?post=85653"},{"taxonomy":"product_cat","embeddable":true,"href":"https:\/\/www.irdin.org.br\/site\/wp-json\/wp\/v2\/product_cat?post=85653"},{"taxonomy":"product_tag","embeddable":true,"href":"https:\/\/www.irdin.org.br\/site\/wp-json\/wp\/v2\/product_tag?post=85653"}],"curies":[{"name":"wp","href":"https:\/\/api.w.org\/{rel}","templated":true}]}}