{"id":85658,"date":"2018-07-06T18:59:38","date_gmt":"2018-07-06T18:59:38","guid":{"rendered":"http:\/\/www.irdin.org.br\/site\/produto\/conversas-com-trigueirinho-no-835\/"},"modified":"2024-09-09T02:56:19","modified_gmt":"2024-09-09T02:56:19","slug":"conversas-com-trigueirinho-no-835","status":"publish","type":"product","link":"https:\/\/www.irdin.org.br\/site\/produtos\/conversas-com-trigueirinho-no-835\/","title":{"rendered":"Conversas com Trigueirinho n\u00ba 835"},"content":{"rendered":"<p>Dogmas \/ Centro card\u00edaco e polaridades \/ Estar em um centro espiritual como prova \/ N\u00e3o esquecer os sonhos \/ Sonho com netos \/ Culpa e medo \/ Pergunta para o interno \/ Sonho com autom\u00f3vel em marcha r\u00e9 \/ Sonhar que est\u00e1 longe de casa \/ Como colocar a d\u00favida no cora\u00e7\u00e3o \/ Sinais de vertigem \/ N\u00edveis de obedi\u00eancia \/ A vida di\u00e1ria segundo a M\u00e3e Universal<\/p>\n<p>&nbsp;<br \/>\n<strong>Ou\u00e7a agora:<\/strong><\/p>\n<p><span data-href=\"https:\/\/www.irdin.org.br\/site\/envios\/audios\/0023_0835__por_por__conversas_com_trigueirinho_n835.mp3\" data-title=\"Conversas com Trigueirinho n\u00ba 835\" data-rel=\"\" data-target=\"\" data-meta=\"#fap-meta-69e2ded77f33f\" class=\"fap-single-track fap-track-button fap-play-button\" data-enqueue=\"no\" data-autoenqueue=\"no\" title=\"Conversas com Trigueirinho n\u00ba 835\"><span class=\"fap-icon-play\"><\/span>Ouvir<\/span> <a href='https:\/\/www.irdin.org.br\/site\/envios\/audios\/0023_0835__por_por__conversas_com_trigueirinho_n835.mp3' class='baixar' download><span class='fa fa-arrow-down'><\/span>Baixar<\/span><\/a> <span class='textobaixar'> Conversas com Trigueirinho n\u00ba 835<\/span><\/p>\n","protected":false},"excerpt":{"rendered":"<p>Dogmas \/ Centro card\u00edaco e polaridades \/ Estar em um centro espiritual como prova \/ N\u00e3o esquecer os sonhos \/<\/p>\n","protected":false},"featured_media":37479,"template":"","meta":{"_acf_changed":false},"product_brand":[],"product_cat":[18076,43099],"product_tag":[43575],"class_list":{"0":"post-85658","1":"product","2":"type-product","3":"status-publish","4":"has-post-thumbnail","6":"product_cat-cddvd","7":"product_cat-palestras-cddvd","8":"product_tag-43575","9":"pa_autor-trigueirinho","10":"pa_codigo-da-serie-31985","11":"pa_codigo-de-barras-30463","12":"pa_codigo-externo-00230835porcd","13":"pa_data-de-edicao-43573","14":"pa_data-de-gravacao-30459","15":"pa_data-de-lancamento-43574","16":"pa_duracao-62min29s","17":"pa_idioma-de-destino-portugues","18":"pa_idioma-de-origem-portugues","19":"pa_lancamento-no","20":"pa_midia-cd","21":"pa_moac-43572","22":"pa_quantidade-de-saldo-33067","23":"pa_sequencial-da-serie-32764","24":"pa_tipo-de-traducao-nao-traduzido","26":"first","27":"outofstock","28":"product-type-simple"},"acf":[],"_links":{"self":[{"href":"https:\/\/www.irdin.org.br\/site\/wp-json\/wp\/v2\/product\/85658","targetHints":{"allow":["GET"]}}],"collection":[{"href":"https:\/\/www.irdin.org.br\/site\/wp-json\/wp\/v2\/product"}],"about":[{"href":"https:\/\/www.irdin.org.br\/site\/wp-json\/wp\/v2\/types\/product"}],"version-history":[{"count":1,"href":"https:\/\/www.irdin.org.br\/site\/wp-json\/wp\/v2\/product\/85658\/revisions"}],"predecessor-version":[{"id":107006,"href":"https:\/\/www.irdin.org.br\/site\/wp-json\/wp\/v2\/product\/85658\/revisions\/107006"}],"wp:featuredmedia":[{"embeddable":true,"href":"https:\/\/www.irdin.org.br\/site\/wp-json\/wp\/v2\/media\/37479"}],"wp:attachment":[{"href":"https:\/\/www.irdin.org.br\/site\/wp-json\/wp\/v2\/media?parent=85658"}],"wp:term":[{"taxonomy":"product_brand","embeddable":true,"href":"https:\/\/www.irdin.org.br\/site\/wp-json\/wp\/v2\/product_brand?post=85658"},{"taxonomy":"product_cat","embeddable":true,"href":"https:\/\/www.irdin.org.br\/site\/wp-json\/wp\/v2\/product_cat?post=85658"},{"taxonomy":"product_tag","embeddable":true,"href":"https:\/\/www.irdin.org.br\/site\/wp-json\/wp\/v2\/product_tag?post=85658"}],"curies":[{"name":"wp","href":"https:\/\/api.w.org\/{rel}","templated":true}]}}