{"id":85659,"date":"2018-07-06T18:59:38","date_gmt":"2018-07-06T18:59:38","guid":{"rendered":"http:\/\/www.irdin.org.br\/site\/produto\/conversas-com-trigueirinho-no-836\/"},"modified":"2024-09-09T02:56:31","modified_gmt":"2024-09-09T02:56:31","slug":"conversas-com-trigueirinho-no-836","status":"publish","type":"product","link":"https:\/\/www.irdin.org.br\/site\/produtos\/conversas-com-trigueirinho-no-836\/","title":{"rendered":"Conversas com Trigueirinho n\u00ba 836"},"content":{"rendered":"<p>Seres resgat\u00e1veis \/ O s\u00e2nscrito \/ Resgate de familiares \/ Convers\u00e3o dos cora\u00e7\u00f5es \/ Energia sexual \/ Sonhos instrutivos \/ Sonhar com desencarnado \/ Polaridades \/ Mensagem de Maria \/ Seres intraterrenos e a transi\u00e7\u00e3o \/ Sonho com enxurrada \/ Vida de sono \/ Maria e as almas \/ Pobreza e humildade<\/p>\n<p>&nbsp;<br \/>\n<strong>Ou\u00e7a agora:<\/strong><\/p>\n<p><span data-href=\"https:\/\/www.irdin.org.br\/site\/envios\/audios\/0023_0836__por_por__conversas_com_trigueirinho_n836.mp3\" data-title=\"Conversas com Trigueirinho n\u00ba 836\" data-rel=\"\" data-target=\"\" data-meta=\"#fap-meta-69ff5e834a2d5\" class=\"fap-single-track fap-track-button fap-play-button\" data-enqueue=\"no\" data-autoenqueue=\"no\" title=\"Conversas com Trigueirinho n\u00ba 836\"><span class=\"fap-icon-play\"><\/span>Ouvir<\/span> <a href='https:\/\/www.irdin.org.br\/site\/envios\/audios\/0023_0836__por_por__conversas_com_trigueirinho_n836.mp3' class='baixar' download><span class='fa fa-arrow-down'><\/span>Baixar<\/span><\/a> <span class='textobaixar'> Conversas com Trigueirinho n\u00ba 836<\/span><\/p>\n","protected":false},"excerpt":{"rendered":"<p>Seres resgat\u00e1veis \/ O s\u00e2nscrito \/ Resgate de familiares \/ Convers\u00e3o dos cora\u00e7\u00f5es \/ Energia sexual \/ Sonhos instrutivos \/<\/p>\n","protected":false},"featured_media":37479,"template":"","meta":{"_acf_changed":false},"product_brand":[],"product_cat":[18076,43099],"product_tag":[43579],"class_list":{"0":"post-85659","1":"product","2":"type-product","3":"status-publish","4":"has-post-thumbnail","6":"product_cat-cddvd","7":"product_cat-palestras-cddvd","8":"product_tag-43579","9":"pa_autor-trigueirinho","10":"pa_codigo-da-serie-31985","11":"pa_codigo-de-barras-30468","12":"pa_codigo-externo-00230836porcd","13":"pa_data-de-edicao-43577","14":"pa_data-de-gravacao-30464","15":"pa_data-de-lancamento-43578","16":"pa_duracao-58m15s","17":"pa_idioma-de-destino-portugues","18":"pa_idioma-de-origem-portugues","19":"pa_lancamento-no","20":"pa_midia-cd","21":"pa_moac-43576","22":"pa_quantidade-de-saldo-33067","23":"pa_sequencial-da-serie-32765","24":"pa_tipo-de-traducao-nao-traduzido","26":"first","27":"outofstock","28":"product-type-simple"},"acf":[],"_links":{"self":[{"href":"https:\/\/www.irdin.org.br\/site\/wp-json\/wp\/v2\/product\/85659","targetHints":{"allow":["GET"]}}],"collection":[{"href":"https:\/\/www.irdin.org.br\/site\/wp-json\/wp\/v2\/product"}],"about":[{"href":"https:\/\/www.irdin.org.br\/site\/wp-json\/wp\/v2\/types\/product"}],"version-history":[{"count":1,"href":"https:\/\/www.irdin.org.br\/site\/wp-json\/wp\/v2\/product\/85659\/revisions"}],"predecessor-version":[{"id":107007,"href":"https:\/\/www.irdin.org.br\/site\/wp-json\/wp\/v2\/product\/85659\/revisions\/107007"}],"wp:featuredmedia":[{"embeddable":true,"href":"https:\/\/www.irdin.org.br\/site\/wp-json\/wp\/v2\/media\/37479"}],"wp:attachment":[{"href":"https:\/\/www.irdin.org.br\/site\/wp-json\/wp\/v2\/media?parent=85659"}],"wp:term":[{"taxonomy":"product_brand","embeddable":true,"href":"https:\/\/www.irdin.org.br\/site\/wp-json\/wp\/v2\/product_brand?post=85659"},{"taxonomy":"product_cat","embeddable":true,"href":"https:\/\/www.irdin.org.br\/site\/wp-json\/wp\/v2\/product_cat?post=85659"},{"taxonomy":"product_tag","embeddable":true,"href":"https:\/\/www.irdin.org.br\/site\/wp-json\/wp\/v2\/product_tag?post=85659"}],"curies":[{"name":"wp","href":"https:\/\/api.w.org\/{rel}","templated":true}]}}