{"id":85686,"date":"2018-07-08T22:14:03","date_gmt":"2018-07-08T22:14:03","guid":{"rendered":"http:\/\/www.irdin.org.br\/site\/produto\/conversas-com-trigueirinho-no-842\/"},"modified":"2019-12-18T16:33:55","modified_gmt":"2019-12-18T16:33:55","slug":"conversas-com-trigueirinho-no-842","status":"publish","type":"product","link":"https:\/\/www.irdin.org.br\/site\/produtos\/conversas-com-trigueirinho-no-842\/","title":{"rendered":"Conversas com Trigueirinho n\u00ba 842"},"content":{"rendered":"<p>Invoca\u00e7\u00e3o \u00e0s Hierarquias ang\u00e9licas e arcang\u00e9licas \/ Forma de orar durante as Apari\u00e7\u00f5es \/ O carma e o conforto terrestre \/ Indica\u00e7\u00e3o para o trabalho dos mission\u00e1rios \/ Aurora e o al\u00edvio da dor do mundo \/ Existem meios para acelerar a evolu\u00e7\u00e3o? \/ A confiss\u00e3o \/ As percep\u00e7\u00f5es internas de cada um \/ A ora\u00e7\u00e3o e a as crian\u00e7as<\/p>\n<p>&nbsp;<br \/>\n<strong>Ou\u00e7a agora:<\/strong><\/p>\n<p><span data-href=\"https:\/\/www.irdin.org.br\/site\/envios\/audios\/0023_0842__por_por__conversas_com_trigueirinho_n842.mp3\" data-title=\"Conversas com Trigueirinho n\u00ba 842\" data-rel=\"\" data-target=\"\" data-meta=\"#fap-meta-69e3c6d528217\" class=\"fap-single-track fap-track-button fap-play-button\" data-enqueue=\"no\" data-autoenqueue=\"no\" title=\"Conversas com Trigueirinho n\u00ba 842\"><span class=\"fap-icon-play\"><\/span>Ouvir<\/span> <a href='https:\/\/www.irdin.org.br\/site\/envios\/audios\/0023_0842__por_por__conversas_com_trigueirinho_n842.mp3' class='baixar' download><span class='fa fa-arrow-down'><\/span>Baixar<\/span><\/a> <span class='textobaixar'> Conversas com Trigueirinho n\u00ba 842<\/span><\/p>\n","protected":false},"excerpt":{"rendered":"<p>Invoca\u00e7\u00e3o \u00e0s Hierarquias ang\u00e9licas e arcang\u00e9licas \/ Forma de orar durante as Apari\u00e7\u00f5es \/ O carma e o conforto terrestre<\/p>\n","protected":false},"featured_media":37479,"template":"","meta":{"_acf_changed":false},"product_brand":[],"product_cat":[18076,43099],"product_tag":[43595],"class_list":{"0":"post-85686","1":"product","2":"type-product","3":"status-publish","4":"has-post-thumbnail","6":"product_cat-cddvd","7":"product_cat-palestras-cddvd","8":"product_tag-43595","9":"pa_autor-trigueirinho","10":"pa_codigo-da-serie-31985","11":"pa_codigo-de-barras-30491","12":"pa_codigo-externo-00230842porcd","13":"pa_data-de-edicao-24473","14":"pa_data-de-gravacao-27470","15":"pa_data-de-lancamento-43591","16":"pa_duracao-36min","17":"pa_idioma-de-destino-portugues","18":"pa_idioma-de-origem-portugues","19":"pa_lancamento-no","20":"pa_midia-cd","21":"pa_moac-43594","22":"pa_quantidade-de-saldo-33067","23":"pa_sequencial-da-serie-32771","24":"pa_tipo-de-traducao-nao-traduzido","26":"first","27":"outofstock","28":"product-type-simple"},"acf":[],"_links":{"self":[{"href":"https:\/\/www.irdin.org.br\/site\/wp-json\/wp\/v2\/product\/85686","targetHints":{"allow":["GET"]}}],"collection":[{"href":"https:\/\/www.irdin.org.br\/site\/wp-json\/wp\/v2\/product"}],"about":[{"href":"https:\/\/www.irdin.org.br\/site\/wp-json\/wp\/v2\/types\/product"}],"version-history":[{"count":0,"href":"https:\/\/www.irdin.org.br\/site\/wp-json\/wp\/v2\/product\/85686\/revisions"}],"wp:featuredmedia":[{"embeddable":true,"href":"https:\/\/www.irdin.org.br\/site\/wp-json\/wp\/v2\/media\/37479"}],"wp:attachment":[{"href":"https:\/\/www.irdin.org.br\/site\/wp-json\/wp\/v2\/media?parent=85686"}],"wp:term":[{"taxonomy":"product_brand","embeddable":true,"href":"https:\/\/www.irdin.org.br\/site\/wp-json\/wp\/v2\/product_brand?post=85686"},{"taxonomy":"product_cat","embeddable":true,"href":"https:\/\/www.irdin.org.br\/site\/wp-json\/wp\/v2\/product_cat?post=85686"},{"taxonomy":"product_tag","embeddable":true,"href":"https:\/\/www.irdin.org.br\/site\/wp-json\/wp\/v2\/product_tag?post=85686"}],"curies":[{"name":"wp","href":"https:\/\/api.w.org\/{rel}","templated":true}]}}