{"id":85692,"date":"2018-07-09T16:46:26","date_gmt":"2018-07-09T16:46:26","guid":{"rendered":"http:\/\/www.irdin.org.br\/site\/produto\/fraternidade\/"},"modified":"2026-02-01T08:12:04","modified_gmt":"2026-02-01T11:12:04","slug":"9788571040021","status":"publish","type":"product","link":"https:\/\/www.irdin.org.br\/site\/produtos\/9788571040021\/","title":{"rendered":"Fraternidade"},"content":{"rendered":"<p>Aquilo que \u00e9 mais sagrado envolve o conceito de Fraternidade. Aquilo que \u00e9 mais pleno de alegria vive na consci\u00eancia de que existe a coopera\u00e7\u00e3o do Conhecimento.Tal pensamento confirma que em algum lugar vivem os Verdadeiros Cooperadores.Lembremo-nos dos fundamentos que conduzir\u00e3o \u00e0 Fraternidade.123456<\/p>\n<p>&nbsp;<\/p>\n","protected":false},"excerpt":{"rendered":"<p>Aquilo que \u00e9 mais sagrado envolve o conceito de Fraternidade. Aquilo que \u00e9 mais pleno de alegria vive na consci\u00eancia<\/p>\n","protected":false},"featured_media":85693,"template":"","meta":{"_acf_changed":false},"product_brand":[],"product_cat":[33286,17972],"product_tag":[43612],"class_list":{"0":"post-85692","1":"product","2":"type-product","3":"status-publish","4":"has-post-thumbnail","6":"product_cat-livro","7":"product_cat-livros-livro","8":"product_tag-43612","9":"pa_autor-helena-roerich","10":"pa_classe-do-produto-fisico","11":"pa_codigo-de-barras-22302","12":"pa_codigo-externo-hr012avp","13":"pa_idioma-de-destino-portugues","14":"pa_idioma-de-origem-portugues","15":"pa_lancamento-no","16":"pa_midia-papel","17":"pa_moac-43600","18":"pa_quantidade-de-saldo-33280","19":"pa_tipo-de-traducao-nao-classificado","21":"first","22":"outofstock","23":"purchasable","24":"product-type-simple"},"acf":[],"_links":{"self":[{"href":"https:\/\/www.irdin.org.br\/site\/wp-json\/wp\/v2\/product\/85692","targetHints":{"allow":["GET"]}}],"collection":[{"href":"https:\/\/www.irdin.org.br\/site\/wp-json\/wp\/v2\/product"}],"about":[{"href":"https:\/\/www.irdin.org.br\/site\/wp-json\/wp\/v2\/types\/product"}],"version-history":[{"count":1,"href":"https:\/\/www.irdin.org.br\/site\/wp-json\/wp\/v2\/product\/85692\/revisions"}],"predecessor-version":[{"id":109576,"href":"https:\/\/www.irdin.org.br\/site\/wp-json\/wp\/v2\/product\/85692\/revisions\/109576"}],"wp:featuredmedia":[{"embeddable":true,"href":"https:\/\/www.irdin.org.br\/site\/wp-json\/wp\/v2\/media\/85693"}],"wp:attachment":[{"href":"https:\/\/www.irdin.org.br\/site\/wp-json\/wp\/v2\/media?parent=85692"}],"wp:term":[{"taxonomy":"product_brand","embeddable":true,"href":"https:\/\/www.irdin.org.br\/site\/wp-json\/wp\/v2\/product_brand?post=85692"},{"taxonomy":"product_cat","embeddable":true,"href":"https:\/\/www.irdin.org.br\/site\/wp-json\/wp\/v2\/product_cat?post=85692"},{"taxonomy":"product_tag","embeddable":true,"href":"https:\/\/www.irdin.org.br\/site\/wp-json\/wp\/v2\/product_tag?post=85692"}],"curies":[{"name":"wp","href":"https:\/\/api.w.org\/{rel}","templated":true}]}}