{"id":85741,"date":"2018-08-01T19:17:26","date_gmt":"2018-08-01T19:17:26","guid":{"rendered":"http:\/\/www.irdin.org.br\/site\/?post_type=product&#038;p=85741"},"modified":"2019-12-12T18:24:55","modified_gmt":"2019-12-12T18:24:55","slug":"carnelatria-escolha-omnis-vorax-mortal","status":"publish","type":"product","link":"https:\/\/www.irdin.org.br\/site\/produtos\/carnelatria-escolha-omnis-vorax-mortal\/","title":{"rendered":"Carnelatria: escolha omnis vorax mortal"},"content":{"rendered":"<p>Carnelatria: escolha omnis vorax mortal trata da matan\u00e7a de animais ao redor do mundo e do seu desdobramento na devasta\u00e7\u00e3o de \u00e1guas e de alimentos, na acumula\u00e7\u00e3o da excreta que contamina o solo, o ar e as \u00e1guas, na emiss\u00e3o de gases que aceleraram o aquecimento do planeta. S\u00f3 no Brasil, sete bilh\u00f5es de animais s\u00e3o mortos a cada ano para servir o prato humano. No mundo, o n\u00famero alcan\u00e7a 70 bilh\u00f5es. Neste livro, encontramos dados sobre tais danos mortais e c\u00e1lculos que ajudam o leitor e consumidor a ter uma ideia da devasta\u00e7\u00e3o animal e ambiental que a dieta on\u00edvora acarreta.<\/p>\n<p>&nbsp;<\/p>\n","protected":false},"excerpt":{"rendered":"<p>Carnelatria: escolha omnis vorax mortal trata da matan\u00e7a de animais ao redor do mundo e do seu desdobramento na devasta\u00e7\u00e3o<\/p>\n","protected":false},"featured_media":85743,"template":"","meta":{"_acf_changed":false},"product_brand":[],"product_cat":[33286,17972],"product_tag":[],"class_list":{"0":"post-85741","1":"product","2":"type-product","3":"status-publish","4":"has-post-thumbnail","6":"product_cat-livro","7":"product_cat-livros-livro","8":"pa_autor-sonia-t-felipe","9":"pa_codigo-de-barras-43618","10":"pa_codigo-externo-sf005ecop","11":"pa_data-de-edicao-43620","12":"pa_edicao-17979","13":"pa_familia-livros","14":"pa_formato-16-x-23","15":"pa_idioma-de-destino-portugues","16":"pa_lancamento-yes","17":"pa_midia-papel","18":"pa_moac-43621","19":"pa_produto-fisico","20":"pa_quantidade-de-paginas-43622","22":"first","23":"outofstock","24":"featured","25":"taxable","26":"shipping-taxable","27":"product-type-simple"},"acf":[],"_links":{"self":[{"href":"https:\/\/www.irdin.org.br\/site\/wp-json\/wp\/v2\/product\/85741","targetHints":{"allow":["GET"]}}],"collection":[{"href":"https:\/\/www.irdin.org.br\/site\/wp-json\/wp\/v2\/product"}],"about":[{"href":"https:\/\/www.irdin.org.br\/site\/wp-json\/wp\/v2\/types\/product"}],"version-history":[{"count":0,"href":"https:\/\/www.irdin.org.br\/site\/wp-json\/wp\/v2\/product\/85741\/revisions"}],"wp:featuredmedia":[{"embeddable":true,"href":"https:\/\/www.irdin.org.br\/site\/wp-json\/wp\/v2\/media\/85743"}],"wp:attachment":[{"href":"https:\/\/www.irdin.org.br\/site\/wp-json\/wp\/v2\/media?parent=85741"}],"wp:term":[{"taxonomy":"product_brand","embeddable":true,"href":"https:\/\/www.irdin.org.br\/site\/wp-json\/wp\/v2\/product_brand?post=85741"},{"taxonomy":"product_cat","embeddable":true,"href":"https:\/\/www.irdin.org.br\/site\/wp-json\/wp\/v2\/product_cat?post=85741"},{"taxonomy":"product_tag","embeddable":true,"href":"https:\/\/www.irdin.org.br\/site\/wp-json\/wp\/v2\/product_tag?post=85741"}],"curies":[{"name":"wp","href":"https:\/\/api.w.org\/{rel}","templated":true}]}}