{"id":85754,"date":"2018-08-07T05:12:25","date_gmt":"2018-08-07T05:12:25","guid":{"rendered":"http:\/\/www.irdin.org.br\/site\/produto\/supraterrestre-e-o-mundo-sutil\/"},"modified":"2023-08-05T01:35:59","modified_gmt":"2023-08-05T01:35:59","slug":"supraterrestre-e-o-mundo-sutil","status":"publish","type":"product","link":"https:\/\/www.irdin.org.br\/site\/produtos\/supraterrestre-e-o-mundo-sutil\/","title":{"rendered":"Supraterrestre e o Mundo Sutil (DVD)"},"content":{"rendered":"<p><em>Como nos aproximarmos dos Mundo Sutis? Como podemos estabelecer a coopera\u00e7\u00e3o entre os mundos? O que \u00e9 supraterrestre e o que \u00e9 extraterrestre?<\/em> Em uma rica reflex\u00e3o sobre os quatro volumes do &#8220;Supraterrestre&#8221;, contidos na <em>S\u00e9rie Agni Yoga<\/em>, Trigueirinho nos impulsiona em dire\u00e7\u00e3o \u00e0s Moradas das Hierarquias Espirituais.<\/p>\n<p><iframe loading=\"lazy\" title=\"Trigueirinho | Encontros Supraterrestres e o Mundo Sutil - 1\u00aa parte\" width=\"500\" height=\"281\" src=\"https:\/\/www.youtube.com\/embed\/3OJngH-lL_0?start=514&#038;feature=oembed\" frameborder=\"0\" allow=\"accelerometer; autoplay; clipboard-write; encrypted-media; gyroscope; picture-in-picture; web-share\" referrerpolicy=\"strict-origin-when-cross-origin\" allowfullscreen><\/iframe><\/p>\n<p>&nbsp;<\/p>\n","protected":false},"excerpt":{"rendered":"<p>Como nos aproximarmos dos Mundo Sutis? Como podemos estabelecer a coopera\u00e7\u00e3o entre os mundos? O que \u00e9 supraterrestre e o<\/p>\n","protected":false},"featured_media":85759,"template":"","meta":{"_acf_changed":false},"product_brand":[],"product_cat":[18076,33109,33111],"product_tag":[43635],"class_list":{"0":"post-85754","1":"product","2":"type-product","3":"status-publish","4":"has-post-thumbnail","6":"product_cat-cddvd","7":"product_cat-colecoes","8":"product_cat-dvds","9":"product_tag-43635","10":"pa_autor-trigueirinho","11":"pa_codigo-da-serie-32815","12":"pa_codigo-externo-00410050porcd","13":"pa_data-de-gravacao-43625","14":"pa_duracao-3h54min","15":"pa_idioma-de-destino-portugues","16":"pa_idioma-de-origem-portugues","17":"pa_lancamento-yes","18":"pa_midia-dvd","19":"pa_moac-43623","20":"pa_quantidade-de-saldo-33067","21":"pa_sequencial-da-serie-31926","22":"pa_tipo-de-traducao-legendas-inges-e-espanhol","24":"first","25":"outofstock","26":"product-type-simple"},"acf":[],"_links":{"self":[{"href":"https:\/\/www.irdin.org.br\/site\/wp-json\/wp\/v2\/product\/85754","targetHints":{"allow":["GET"]}}],"collection":[{"href":"https:\/\/www.irdin.org.br\/site\/wp-json\/wp\/v2\/product"}],"about":[{"href":"https:\/\/www.irdin.org.br\/site\/wp-json\/wp\/v2\/types\/product"}],"version-history":[{"count":1,"href":"https:\/\/www.irdin.org.br\/site\/wp-json\/wp\/v2\/product\/85754\/revisions"}],"predecessor-version":[{"id":104083,"href":"https:\/\/www.irdin.org.br\/site\/wp-json\/wp\/v2\/product\/85754\/revisions\/104083"}],"wp:featuredmedia":[{"embeddable":true,"href":"https:\/\/www.irdin.org.br\/site\/wp-json\/wp\/v2\/media\/85759"}],"wp:attachment":[{"href":"https:\/\/www.irdin.org.br\/site\/wp-json\/wp\/v2\/media?parent=85754"}],"wp:term":[{"taxonomy":"product_brand","embeddable":true,"href":"https:\/\/www.irdin.org.br\/site\/wp-json\/wp\/v2\/product_brand?post=85754"},{"taxonomy":"product_cat","embeddable":true,"href":"https:\/\/www.irdin.org.br\/site\/wp-json\/wp\/v2\/product_cat?post=85754"},{"taxonomy":"product_tag","embeddable":true,"href":"https:\/\/www.irdin.org.br\/site\/wp-json\/wp\/v2\/product_tag?post=85754"}],"curies":[{"name":"wp","href":"https:\/\/api.w.org\/{rel}","templated":true}]}}