{"id":86094,"date":"2018-12-20T14:33:58","date_gmt":"2018-12-20T14:33:58","guid":{"rendered":"http:\/\/www.irdin.org.br\/site\/?post_type=product&#038;p=86094"},"modified":"2024-09-09T02:54:19","modified_gmt":"2024-09-09T02:54:19","slug":"conversas-com-trigueirinho-no-769","status":"publish","type":"product","link":"https:\/\/www.irdin.org.br\/site\/produtos\/conversas-com-trigueirinho-no-769\/","title":{"rendered":"Conversas com Trigueirinho n\u00ba 769"},"content":{"rendered":"<p>Trabalhar a neutralidade \/ Necessidade de solid\u00e3o \/ Celibato e menstrua\u00e7\u00e3o \/ Sagrada ren\u00fancia \/ Pobreza de sentimento \/ Os ess\u00eanios e a prepara\u00e7\u00e3o da vinda de Cristo \/ Oportunidades de servi\u00e7o aos animais \/ Vida de Santo Ant\u00f4nio de P\u00e1dua \/ Ado\u00e7\u00e3o de crian\u00e7as \/ Nosso guia interior \/ C\u00e2ntico Nada te turbe<\/p>\n<p>&nbsp;<br \/>\n<strong>Ou\u00e7a agora:<\/strong><\/p>\n<p><span data-href=\"https:\/\/www.irdin.org.br\/site\/envios\/audios\/0023_0769__por_por__conversas_com_trigueirinho_n769.mp3\" data-title=\"Conversas com Trigueirinho n\u00ba 769\" data-rel=\"\" data-target=\"\" data-meta=\"#fap-meta-69e4019cddf1e\" class=\"fap-single-track fap-track-button fap-play-button\" data-enqueue=\"no\" data-autoenqueue=\"no\" title=\"Conversas com Trigueirinho n\u00ba 769\"><span class=\"fap-icon-play\"><\/span>Ouvir<\/span> <a href='https:\/\/www.irdin.org.br\/site\/envios\/audios\/0023_0769__por_por__conversas_com_trigueirinho_n769.mp3' class='baixar' download><span class='fa fa-arrow-down'><\/span>Baixar<\/span><\/a> <span class='textobaixar'> Conversas com Trigueirinho n\u00ba 769<\/span><\/p>\n","protected":false},"excerpt":{"rendered":"<p>Trabalhar a neutralidade \/ Necessidade de solid\u00e3o \/ Celibato e menstrua\u00e7\u00e3o \/ Sagrada ren\u00fancia \/ Pobreza de sentimento \/ Os<\/p>\n","protected":false},"featured_media":37479,"template":"","meta":{"_acf_changed":false},"product_brand":[],"product_cat":[18076,43099],"product_tag":[43672],"class_list":{"0":"post-86094","1":"product","2":"type-product","3":"status-publish","4":"has-post-thumbnail","6":"product_cat-cddvd","7":"product_cat-palestras-cddvd","8":"product_tag-43672","9":"pa_autor-trigueirinho","10":"pa_codigo-da-serie-31985","11":"pa_codigo-externo-00230769porcd","12":"pa_data-de-edicao-43445","13":"pa_data-de-gravacao-26910","14":"pa_data-de-lancamento-43446","15":"pa_duracao-47m10s","16":"pa_idioma-de-destino-portugues","17":"pa_idioma-de-origem-portugues","18":"pa_lancamento-no","19":"pa_midia-cd","20":"pa_moac-43671","21":"pa_quantidade-de-saldo-33067","22":"pa_sequencial-da-serie-32692","23":"pa_tipo-de-traducao-nao-traduzido","25":"first","26":"outofstock","27":"product-type-simple"},"acf":[],"_links":{"self":[{"href":"https:\/\/www.irdin.org.br\/site\/wp-json\/wp\/v2\/product\/86094","targetHints":{"allow":["GET"]}}],"collection":[{"href":"https:\/\/www.irdin.org.br\/site\/wp-json\/wp\/v2\/product"}],"about":[{"href":"https:\/\/www.irdin.org.br\/site\/wp-json\/wp\/v2\/types\/product"}],"version-history":[{"count":1,"href":"https:\/\/www.irdin.org.br\/site\/wp-json\/wp\/v2\/product\/86094\/revisions"}],"predecessor-version":[{"id":106998,"href":"https:\/\/www.irdin.org.br\/site\/wp-json\/wp\/v2\/product\/86094\/revisions\/106998"}],"wp:featuredmedia":[{"embeddable":true,"href":"https:\/\/www.irdin.org.br\/site\/wp-json\/wp\/v2\/media\/37479"}],"wp:attachment":[{"href":"https:\/\/www.irdin.org.br\/site\/wp-json\/wp\/v2\/media?parent=86094"}],"wp:term":[{"taxonomy":"product_brand","embeddable":true,"href":"https:\/\/www.irdin.org.br\/site\/wp-json\/wp\/v2\/product_brand?post=86094"},{"taxonomy":"product_cat","embeddable":true,"href":"https:\/\/www.irdin.org.br\/site\/wp-json\/wp\/v2\/product_cat?post=86094"},{"taxonomy":"product_tag","embeddable":true,"href":"https:\/\/www.irdin.org.br\/site\/wp-json\/wp\/v2\/product_tag?post=86094"}],"curies":[{"name":"wp","href":"https:\/\/api.w.org\/{rel}","templated":true}]}}