{"id":86099,"date":"2018-12-20T17:01:19","date_gmt":"2018-12-20T17:01:19","guid":{"rendered":"http:\/\/www.irdin.org.br\/site\/?post_type=product&#038;p=86099"},"modified":"2024-09-09T02:54:06","modified_gmt":"2024-09-09T02:54:06","slug":"conversas-especiais-8","status":"publish","type":"product","link":"https:\/\/www.irdin.org.br\/site\/produtos\/conversas-especiais-8\/","title":{"rendered":"Conversas especiais &#8211; 8"},"content":{"rendered":"<p><em>Bra\u00e7os e pernas cruzados durante as ora\u00e7\u00f5es \/ Compromisso com a vig\u00edlia \/ Viver os Centros Planet\u00e1rios \/ Planetas astrais \/ Amadurecimento da alma e decis\u00f5es \/ Evoluir \/ Oportunidades c\u00edclicas \/ Nova etapa da Hierarquia Planet\u00e1ria \/ Purifica\u00e7\u00f5es essenciais para contatos internos<\/em><\/p>\n<p>&nbsp;<br \/>\n<strong>Ou\u00e7a agora:<\/strong><\/p>\n<p><span data-href=\"https:\/\/www.irdin.org.br\/site\/envios\/audios\/0068_0008__por_por__conversas_especiais_n08.mp3\" data-title=\"conversas especiais - 8\" data-rel=\"\" data-target=\"\" data-meta=\"#fap-meta-6a01f73870198\" class=\"fap-single-track fap-track-button fap-play-button\" data-enqueue=\"no\" data-autoenqueue=\"no\" title=\"conversas especiais - 8\"><span class=\"fap-icon-play\"><\/span>Ouvir<\/span> <a href=\"https:\/\/www.irdin.org.br\/site\/envios\/audios\/0068_0008__por_por__conversas_especiais_n08.mp3\" class=\"baixar\" download><span class=\"fa fa-arrow-down\"><\/span>Baixar<\/span><\/a> <span class=\"textobaixar\"> conversas especiais &#8211; 8<\/span><\/p>\n<p>&nbsp;<\/p>\n","protected":false},"excerpt":{"rendered":"<p>Bra\u00e7os e pernas cruzados durante as ora\u00e7\u00f5es \/ Compromisso com a vig\u00edlia \/ Viver os Centros Planet\u00e1rios \/ Planetas astrais<\/p>\n","protected":false},"featured_media":37803,"template":"","meta":{"_acf_changed":false},"product_brand":[],"product_cat":[18076,33068],"product_tag":[43678],"class_list":{"0":"post-86099","1":"product","2":"type-product","3":"status-publish","4":"has-post-thumbnail","6":"product_cat-cddvd","7":"product_cat-palestras","8":"product_tag-43678","9":"pa_autor-trigueirinho","10":"pa_codigo-da-serie-31894","11":"pa_codigo-externo-00680008porcd","12":"pa_data-de-gravacao-25572","13":"pa_duracao-41min51s","14":"pa_idioma-de-destino-portugues","15":"pa_idioma-de-origem-portugues","16":"pa_lancamento-no","17":"pa_midia-cd","18":"pa_moac-43677","19":"pa_quantidade-de-saldo-33067","20":"pa_sequencial-da-serie-31888","21":"pa_tipo-de-traducao-nao-classificado","23":"first","24":"outofstock","25":"product-type-simple"},"acf":[],"_links":{"self":[{"href":"https:\/\/www.irdin.org.br\/site\/wp-json\/wp\/v2\/product\/86099","targetHints":{"allow":["GET"]}}],"collection":[{"href":"https:\/\/www.irdin.org.br\/site\/wp-json\/wp\/v2\/product"}],"about":[{"href":"https:\/\/www.irdin.org.br\/site\/wp-json\/wp\/v2\/types\/product"}],"version-history":[{"count":2,"href":"https:\/\/www.irdin.org.br\/site\/wp-json\/wp\/v2\/product\/86099\/revisions"}],"predecessor-version":[{"id":106997,"href":"https:\/\/www.irdin.org.br\/site\/wp-json\/wp\/v2\/product\/86099\/revisions\/106997"}],"wp:featuredmedia":[{"embeddable":true,"href":"https:\/\/www.irdin.org.br\/site\/wp-json\/wp\/v2\/media\/37803"}],"wp:attachment":[{"href":"https:\/\/www.irdin.org.br\/site\/wp-json\/wp\/v2\/media?parent=86099"}],"wp:term":[{"taxonomy":"product_brand","embeddable":true,"href":"https:\/\/www.irdin.org.br\/site\/wp-json\/wp\/v2\/product_brand?post=86099"},{"taxonomy":"product_cat","embeddable":true,"href":"https:\/\/www.irdin.org.br\/site\/wp-json\/wp\/v2\/product_cat?post=86099"},{"taxonomy":"product_tag","embeddable":true,"href":"https:\/\/www.irdin.org.br\/site\/wp-json\/wp\/v2\/product_tag?post=86099"}],"curies":[{"name":"wp","href":"https:\/\/api.w.org\/{rel}","templated":true}]}}