{"id":86124,"date":"2018-12-27T17:37:26","date_gmt":"2018-12-27T17:37:26","guid":{"rendered":"http:\/\/www.irdin.org.br\/site\/?post_type=product&#038;p=86124"},"modified":"2026-03-16T12:37:48","modified_gmt":"2026-03-16T15:37:48","slug":"9788554410032","status":"publish","type":"product","link":"https:\/\/www.irdin.org.br\/site\/produtos\/9788554410032\/","title":{"rendered":"Niskalkat &#8211; Un mensaje para los tiempos de emergencia"},"content":{"rendered":"<p>El actual grado de contaminaci\u00f3n del planeta por radioactividad repercute en las esferas sutiles, desintegrando el hilo de vida que une la consciencia a los cuerpos. Los \u00e1tomos materiales poseen una contraparte sutil a la cual est\u00e1n ligados por una red de \u00e9teres. Cuando el hombre, movido por fuerzas oscuras, engendra para obtener energ\u00eda del n\u00facleo de esos \u00e1tomos, \u00e9l act\u00faa directamente sobre aquello que sirve de de base f\u00edsico-concreta para el anclaje del poder divino en la existencia manifestada.<br \/>\nDichos procesos constituyen una violaci\u00f3n de leyes que deber\u00edan ser comprendidas, controladas, y entonces utilizadas de manera altruista y en beneficio del Todo. Las consecuencias k\u00e1rmicas negativas, generadas por esa violaci\u00f3n, son grandes, y ya se hacen notar.<br \/>\nSolamente la intervenci\u00f3n de un poder superior es capaz de poner fin a tama\u00f1o desequilibrio. Por eso, el trabajo de transmutaci\u00f3n y de preservaci\u00f3n de la vida que realizan los centros planetarios y los grupos de servicio es inconmensurable y constante. Si no fuese por ellos la Tierra ya no existir\u00eda como planeta material.<br \/>\nEste libro trata de la existencia de esos centros y de esos grupos.<\/p>\n<p><a class=\"pdf\" href=\"\/pdf\/Niskalkat_ESP_WEB.pdf\" target=\"_blank\" rel=\"noopener\">Baixar Gratuitamente<\/a><\/p>\n<p>&nbsp;<\/p>\n","protected":false},"excerpt":{"rendered":"<p>El actual grado de contaminaci\u00f3n del planeta por radioactividad repercute en las esferas sutiles, desintegrando el hilo de vida que<\/p>\n","protected":false},"featured_media":86133,"template":"","meta":{"_acf_changed":false},"product_brand":[],"product_cat":[33286,17972],"product_tag":[33389],"class_list":{"0":"post-86124","1":"product","2":"type-product","3":"status-publish","4":"has-post-thumbnail","6":"product_cat-livro","7":"product_cat-livros-livro","8":"product_tag-33389","9":"pa_autor-trigueirinho","10":"pa_classe-do-produto-fisico","11":"pa_codigo-de-barras-43679","12":"pa_idioma-de-destino-espanhol","13":"pa_idioma-de-origem-portugues","14":"pa_lancamento-no","15":"pa_midia-papel","16":"pa_quantidade-de-paginas-22381","17":"pa_tipo-de-traducao-nao-classificado","19":"first","20":"instock","21":"purchasable","22":"product-type-simple"},"acf":[],"_links":{"self":[{"href":"https:\/\/www.irdin.org.br\/site\/wp-json\/wp\/v2\/product\/86124","targetHints":{"allow":["GET"]}}],"collection":[{"href":"https:\/\/www.irdin.org.br\/site\/wp-json\/wp\/v2\/product"}],"about":[{"href":"https:\/\/www.irdin.org.br\/site\/wp-json\/wp\/v2\/types\/product"}],"version-history":[{"count":1,"href":"https:\/\/www.irdin.org.br\/site\/wp-json\/wp\/v2\/product\/86124\/revisions"}],"predecessor-version":[{"id":106397,"href":"https:\/\/www.irdin.org.br\/site\/wp-json\/wp\/v2\/product\/86124\/revisions\/106397"}],"wp:featuredmedia":[{"embeddable":true,"href":"https:\/\/www.irdin.org.br\/site\/wp-json\/wp\/v2\/media\/86133"}],"wp:attachment":[{"href":"https:\/\/www.irdin.org.br\/site\/wp-json\/wp\/v2\/media?parent=86124"}],"wp:term":[{"taxonomy":"product_brand","embeddable":true,"href":"https:\/\/www.irdin.org.br\/site\/wp-json\/wp\/v2\/product_brand?post=86124"},{"taxonomy":"product_cat","embeddable":true,"href":"https:\/\/www.irdin.org.br\/site\/wp-json\/wp\/v2\/product_cat?post=86124"},{"taxonomy":"product_tag","embeddable":true,"href":"https:\/\/www.irdin.org.br\/site\/wp-json\/wp\/v2\/product_tag?post=86124"}],"curies":[{"name":"wp","href":"https:\/\/api.w.org\/{rel}","templated":true}]}}