{"id":86146,"date":"2018-12-31T16:52:06","date_gmt":"2018-12-31T16:52:06","guid":{"rendered":"http:\/\/www.irdin.org.br\/site\/?post_type=product&#038;p=86146"},"modified":"2024-09-09T02:53:44","modified_gmt":"2024-09-09T02:53:44","slug":"conversas-com-trigueirinho-no-665","status":"publish","type":"product","link":"https:\/\/www.irdin.org.br\/site\/produtos\/conversas-com-trigueirinho-no-665\/","title":{"rendered":"Conversas com Trigueirinho n\u00ba 665"},"content":{"rendered":"<p>Ter os p\u00e9s em duas canoas \/ Medo \/ Descobrir o pr\u00f3prio nome c\u00f3smico \/ Mente separatista \/ Hierarquias \/ Aprender a sintetizar ensinamentos \/ Monges peregrinos \/ Mudar o pensamento normal \/ Abrir-se \u00e0s transforma\u00e7\u00f5es e \u00e0 ajuda que o idioma Irdin nos traz<\/p>\n<p>&nbsp;<br \/>\n<strong>Ou\u00e7a agora:<\/strong><\/p>\n<p><span data-href=\"https:\/\/www.irdin.org.br\/site\/envios\/audios\/0023_0665__por_por__conversas_com_trigueirinho_n665.mp3\" data-title=\"Conversas com Trigueirinho n\u00ba 665\" data-rel=\"\" data-target=\"\" data-meta=\"#fap-meta-6a00a1c1a3330\" class=\"fap-single-track fap-track-button fap-play-button\" data-enqueue=\"no\" data-autoenqueue=\"no\" title=\"Conversas com Trigueirinho n\u00ba 665\"><span class=\"fap-icon-play\"><\/span>Ouvir<\/span> <a href='https:\/\/www.irdin.org.br\/site\/envios\/audios\/0023_0665__por_por__conversas_com_trigueirinho_n665.mp3' class='baixar'><span class='fa fa-arrow-down'><\/span>Baixar<\/span><\/a> <span class='textobaixar'> Conversas com Trigueirinho n\u00ba 665<\/span><\/p>\n","protected":false},"excerpt":{"rendered":"<p>Ter os p\u00e9s em duas canoas \/ Medo \/ Descobrir o pr\u00f3prio nome c\u00f3smico \/ Mente separatista \/ Hierarquias \/<\/p>\n","protected":false},"featured_media":37479,"template":"","meta":{"_acf_changed":false},"product_brand":[],"product_cat":[18076,43099],"product_tag":[43685],"class_list":{"0":"post-86146","1":"product","2":"type-product","3":"status-publish","4":"has-post-thumbnail","6":"product_cat-cddvd","7":"product_cat-palestras-cddvd","8":"product_tag-43685","9":"pa_autor-trigueirinho","10":"pa_codigo-da-serie-31985","11":"pa_codigo-de-barras-29691","12":"pa_codigo-externo-00230665porcd","13":"pa_data-de-edicao-24972","14":"pa_data-de-gravacao-29687","15":"pa_data-de-lancamento-24973","16":"pa_duracao-42min58s","17":"pa_idioma-de-destino-portugues","18":"pa_idioma-de-origem-portugues","19":"pa_lancamento-no","20":"pa_midia-cd","21":"pa_moac-43683","22":"pa_quantidade-de-saldo-33067","23":"pa_sequencial-da-serie-32509","24":"pa_tipo-de-traducao-nao-traduzido","26":"first","27":"outofstock","28":"product-type-simple"},"acf":[],"_links":{"self":[{"href":"https:\/\/www.irdin.org.br\/site\/wp-json\/wp\/v2\/product\/86146","targetHints":{"allow":["GET"]}}],"collection":[{"href":"https:\/\/www.irdin.org.br\/site\/wp-json\/wp\/v2\/product"}],"about":[{"href":"https:\/\/www.irdin.org.br\/site\/wp-json\/wp\/v2\/types\/product"}],"version-history":[{"count":1,"href":"https:\/\/www.irdin.org.br\/site\/wp-json\/wp\/v2\/product\/86146\/revisions"}],"predecessor-version":[{"id":106995,"href":"https:\/\/www.irdin.org.br\/site\/wp-json\/wp\/v2\/product\/86146\/revisions\/106995"}],"wp:featuredmedia":[{"embeddable":true,"href":"https:\/\/www.irdin.org.br\/site\/wp-json\/wp\/v2\/media\/37479"}],"wp:attachment":[{"href":"https:\/\/www.irdin.org.br\/site\/wp-json\/wp\/v2\/media?parent=86146"}],"wp:term":[{"taxonomy":"product_brand","embeddable":true,"href":"https:\/\/www.irdin.org.br\/site\/wp-json\/wp\/v2\/product_brand?post=86146"},{"taxonomy":"product_cat","embeddable":true,"href":"https:\/\/www.irdin.org.br\/site\/wp-json\/wp\/v2\/product_cat?post=86146"},{"taxonomy":"product_tag","embeddable":true,"href":"https:\/\/www.irdin.org.br\/site\/wp-json\/wp\/v2\/product_tag?post=86146"}],"curies":[{"name":"wp","href":"https:\/\/api.w.org\/{rel}","templated":true}]}}